{"id":170393,"date":"2026-04-16T00:00:00","date_gmt":"2026-04-16T05:00:00","guid":{"rendered":"https:\/\/gpl-love.com\/es\/producto\/augury-horoscope-astrology-wordpress-theme-3-4\/"},"modified":"2026-04-16T17:17:42","modified_gmt":"2026-04-16T22:17:42","slug":"augury-horoscope-astrology-wordpress-theme-3-4","status":"publish","type":"product","link":"https:\/\/gpl-love.com\/es\/producto\/augury-horoscope-astrology-wordpress-theme-3-4\/","title":{"rendered":"AutomatorWP Pro 5.0.6"},"content":{"rendered":"<h3>AutomatorWP Pro Caracteristicas<\/h3>\n<p>Descubre el poder de la automatizaci\u00f3n fluida de WordPress con AutomatorWP Pro. Este vers\u00e1til plugin transforma la gesti\u00f3n de tu sitio web automatizando tareas sin esfuerzo. Con s\u00f3lidas opciones de integraci\u00f3n, AutomatorWP Pro se sincroniza con herramientas populares, optimizando la automatizaci\u00f3n del flujo de trabajo para diversos casos de uso, incluido el comercio electr\u00f3nico.<\/p>\n<p>Configurar AutomatorWP Pro es facil\u00edsimo gracias a la detallada gu\u00eda y tutorial de configuraci\u00f3n. Explora las funciones avanzadas y las mejores pr\u00e1cticas para maximizar la eficiencia y optimizar las operaciones. \u00bfTe preguntas c\u00f3mo usar AutomatorWP Pro eficazmente? La interfaz intuitiva y los completos recursos de soporte y ayuda garantizan una implementaci\u00f3n sin problemas.<\/p>\n<p>Los precios de AutomatorWP Pro se adaptan a diferentes presupuestos, y una prueba gratuita te ofrece una forma segura de explorar sus capacidades. \u00bfTe interesa saber c\u00f3mo se compara con la competencia? Una demo muestra por qu\u00e9 AutomatorWP Pro destaca entre los plugins de automatizaci\u00f3n de WordPress.<\/p>\n<ul>\n<li>Integraci\u00f3n perfecta con los plugins m\u00e1s populares de WordPress para automatizar flujos de trabajo sin esfuerzo<\/li>\n<li>Interfaz intuitiva dise\u00f1ada tanto para principiantes como para usuarios experimentados<\/li>\n<li>L\u00f3gica condicional avanzada para crear escenarios de automatizaci\u00f3n complejos<\/li>\n<li>Tareas de automatizaci\u00f3n ilimitadas para optimizar la gesti\u00f3n del sitio web<\/li>\n<li>Registros de actividad en tiempo real para el seguimiento y la supervisi\u00f3n de la ejecuci\u00f3n de tareas<\/li>\n<li>Activadores y acciones personalizables para adaptar la automatizaci\u00f3n a necesidades espec\u00edficas<\/li>\n<li>Compatibilidad con flujos de trabajo de varios pasos para estrategias de automatizaci\u00f3n integrales<\/li>\n<li>Compatibilidad integrada con servicios y API de terceros<\/li>\n<li>Actualizaciones peri\u00f3dicas para garantizar la compatibilidad con las \u00faltimas versiones de WordPress<\/li>\n<li>Soporte al cliente dedicado para la resoluci\u00f3n de problemas y asistencia<\/li>\n<\/ul>\n","protected":false},"excerpt":{"rendered":"<p>Desbloquea todo el potencial de la automatizaci\u00f3n de WordPress con AutomatorWP Pro. Este potente plugin optimiza tus flujos de trabajo, ofreciendo funciones avanzadas y opciones de integraci\u00f3n perfectas para una eficiencia inigualable. Descubre las ventajas de AutomatorWP Pro a trav\u00e9s de su gu\u00eda de configuraci\u00f3n y tutorial, que ofrecen informaci\u00f3n completa sobre las mejores pr\u00e1cticas. Consulta los precios y las opciones de descarga para acceder a sus potentes funciones, incluyendo la automatizaci\u00f3n de flujos de trabajo adaptada al comercio electr\u00f3nico. Las opiniones de los usuarios destacan su compatibilidad y facilidad de uso, lo que lo distingue de otros plugins de automatizaci\u00f3n. Prueba la demo o la prueba gratuita para experimentar de primera mano las funciones avanzadas y el soporte de AutomatorWP Pro, garantizando la m\u00e1xima productividad e innovaci\u00f3n.<\/p>\n","protected":false},"featured_media":0,"comment_status":"open","ping_status":"open","template":"","meta":[],"product_brand":[2368],"product_cat":[1214,1206,1211],"product_tag":[2210],"class_list":{"0":"post-170393","1":"product","2":"type-product","3":"status-publish","5":"product_brand-automatorwp","6":"product_cat-personalizacion","7":"product_cat-plugins","8":"product_cat-wordpress-plugins","9":"product_tag-automatorwp","10":"member-discount","11":"discount-restricted","13":"first","14":"instock","15":"sale","16":"downloadable","17":"virtual","18":"sold-individually","19":"purchasable","20":"product-type-simple"},"_links":{"self":[{"href":"https:\/\/gpl-love.com\/es\/wp-json\/wp\/v2\/product\/170393","targetHints":{"allow":["GET"]}}],"collection":[{"href":"https:\/\/gpl-love.com\/es\/wp-json\/wp\/v2\/product"}],"about":[{"href":"https:\/\/gpl-love.com\/es\/wp-json\/wp\/v2\/types\/product"}],"replies":[{"embeddable":true,"href":"https:\/\/gpl-love.com\/es\/wp-json\/wp\/v2\/comments?post=170393"}],"wp:attachment":[{"href":"https:\/\/gpl-love.com\/es\/wp-json\/wp\/v2\/media?parent=170393"}],"wp:term":[{"taxonomy":"product_brand","embeddable":true,"href":"https:\/\/gpl-love.com\/es\/wp-json\/wp\/v2\/product_brand?post=170393"},{"taxonomy":"product_cat","embeddable":true,"href":"https:\/\/gpl-love.com\/es\/wp-json\/wp\/v2\/product_cat?post=170393"},{"taxonomy":"product_tag","embeddable":true,"href":"https:\/\/gpl-love.com\/es\/wp-json\/wp\/v2\/product_tag?post=170393"}],"curies":[{"name":"wp","href":"https:\/\/api.w.org\/{rel}","templated":true}]}}