{"id":170392,"date":"2026-01-12T00:00:00","date_gmt":"2026-01-12T05:00:00","guid":{"rendered":"https:\/\/gpl-love.com\/es\/producto\/rhye-creative-ajax-elementor-theme-4-2-0\/"},"modified":"2026-03-09T08:53:38","modified_gmt":"2026-03-09T13:53:38","slug":"rhye-creative-ajax-elementor-theme-4-2-0","status":"publish","type":"product","link":"https:\/\/gpl-love.com\/es\/producto\/rhye-creative-ajax-elementor-theme-4-2-0\/","title":{"rendered":"Bricks Dynamic Toolbox 1.1.2"},"content":{"rendered":"<h3>Bricks Dynamic Toolbox Caracteristicas<\/h3>\n<p>Descubre Bricks Dynamic Toolbox, la soluci\u00f3n definitiva tanto para principiantes como para constructores experimentados. Con su completa gu\u00eda de usuario e instrucciones de montaje sencillas, la configuraci\u00f3n es facil\u00edsima. \u00bfTe preguntas c\u00f3mo usar Bricks Dynamic Toolbox eficazmente? Consulta consejos detallados para la resoluci\u00f3n de problemas y las especificaciones t\u00e9cnicas para maximizar su potencial.<\/p>\n<p>\u00bfBuscas el mejor precio para Bricks Dynamic Toolbox? Explora diversas plataformas online para comprar Bricks Dynamic Toolbox y disfruta de c\u00f3digos de descuento exclusivos. Los clientes destacan su versatilidad y facilidad de uso, lo que la convierte en una excelente opci\u00f3n frente a la competencia. Las rese\u00f1as de Bricks Dynamic Toolbox destacan sus innovadoras funciones, que elevan cualquier proyecto a un nuevo nivel.<\/p>\n<p>La disponibilidad siempre es un problema, ya que es f\u00e1cil encontrar d\u00f3nde comprar Bricks Dynamic Toolbox online. Ya sea para un nuevo proyecto o para perfeccionar una obra maestra, esta caja de herramientas ofrece la combinaci\u00f3n perfecta de funcionalidad y eficiencia.<\/p>\n<ul>\n<li>Elementos personalizables avanzados: Personaliza cada aspecto de tu sitio con componentes de dise\u00f1o din\u00e1micos que se adaptan perfectamente a la identidad de tu marca.<\/li>\n<li>Widgets flexibles y f\u00e1ciles de usar: Combina y modifica widgets f\u00e1cilmente para mejorar la versatilidad del dise\u00f1o y la funcionalidad de tus p\u00e1ginas.<\/li>\n<li>Integraci\u00f3n perfecta con WordPress: Funciona a la perfecci\u00f3n con los temas y plugins m\u00e1s populares de WordPress, integr\u00e1ndose en tu flujo de trabajo sin interrupciones.<\/li>\n<li>Creaci\u00f3n din\u00e1mica de p\u00e1ginas en tiempo real: Crea y edita p\u00e1ginas visualmente con retroalimentaci\u00f3n instant\u00e1nea; lo que ves es exactamente lo que ver\u00e1s en el sitio web.<\/li>\n<li>Rendimiento optimizado: La arquitectura ligera y el c\u00f3digo limpio garantizan que tu sitio cargue r\u00e1pido y funcione sin problemas, incluso con dise\u00f1os complejos.<\/li>\n<li>Adaptable y compatible con dispositivos m\u00f3viles: Se adapta autom\u00e1ticamente a cualquier tama\u00f1o de pantalla, ofreciendo una experiencia consistente y atractiva en todos los dispositivos.<\/li>\n<li>Compatibilidad con todos los navegadores: Disfruta de un rendimiento fiable y una apariencia uniforme, independientemente del navegador que utilicen tus visitantes.<\/li>\n<li>Herramientas inteligentes de gesti\u00f3n de contenido: Simplifica tu flujo de trabajo con herramientas integradas para organizar y actualizar contenido sin esfuerzo.<\/li>\n<\/ul>\n","protected":false},"excerpt":{"rendered":"<p>Bricks Dynamic Toolbox revoluciona la forma en que dise\u00f1adores y desarrolladores crean sitios web modernos de WordPress. Equipada con potentes herramientas de personalizaci\u00f3n y elementos flexibles, te ofrece todo lo necesario para dise\u00f1ar sitios web totalmente din\u00e1micos y visualmente atractivos, sin sacrificar la velocidad ni la creatividad. Tanto si eres un desarrollador profesional como un dise\u00f1ador creativo, Bricks Dynamic Toolbox te ofrece la flexibilidad, la precisi\u00f3n y el rendimiento que necesitas para dar vida a la visi\u00f3n de tu marca.<\/p>\n","protected":false},"featured_media":0,"comment_status":"open","ping_status":"open","template":"","meta":[],"product_brand":[2750],"product_cat":[1214,1206,1211],"product_tag":[2751],"class_list":{"0":"post-170392","1":"product","2":"type-product","3":"status-publish","5":"product_brand-dynamic-ooo","6":"product_cat-personalizacion","7":"product_cat-plugins","8":"product_cat-wordpress-plugins","9":"product_tag-dynamic-ooo","10":"member-discount","11":"discount-restricted","13":"first","14":"instock","15":"sale","16":"downloadable","17":"virtual","18":"sold-individually","19":"purchasable","20":"product-type-simple"},"_links":{"self":[{"href":"https:\/\/gpl-love.com\/es\/wp-json\/wp\/v2\/product\/170392","targetHints":{"allow":["GET"]}}],"collection":[{"href":"https:\/\/gpl-love.com\/es\/wp-json\/wp\/v2\/product"}],"about":[{"href":"https:\/\/gpl-love.com\/es\/wp-json\/wp\/v2\/types\/product"}],"replies":[{"embeddable":true,"href":"https:\/\/gpl-love.com\/es\/wp-json\/wp\/v2\/comments?post=170392"}],"wp:attachment":[{"href":"https:\/\/gpl-love.com\/es\/wp-json\/wp\/v2\/media?parent=170392"}],"wp:term":[{"taxonomy":"product_brand","embeddable":true,"href":"https:\/\/gpl-love.com\/es\/wp-json\/wp\/v2\/product_brand?post=170392"},{"taxonomy":"product_cat","embeddable":true,"href":"https:\/\/gpl-love.com\/es\/wp-json\/wp\/v2\/product_cat?post=170392"},{"taxonomy":"product_tag","embeddable":true,"href":"https:\/\/gpl-love.com\/es\/wp-json\/wp\/v2\/product_tag?post=170392"}],"curies":[{"name":"wp","href":"https:\/\/api.w.org\/{rel}","templated":true}]}}