{"id":170391,"date":"2026-03-09T00:00:00","date_gmt":"2026-03-09T05:00:00","guid":{"rendered":"https:\/\/gpl-love.com\/es\/producto\/automatorwp-pro-4-7-3\/"},"modified":"2026-03-09T13:18:53","modified_gmt":"2026-03-09T18:18:53","slug":"automatorwp-pro-4-7-3","status":"publish","type":"product","link":"https:\/\/gpl-love.com\/es\/producto\/automatorwp-pro-4-7-3\/","title":{"rendered":"aBlocks Pro 2.7.4"},"content":{"rendered":"<h3>aBlocks Pro Caracteristicas<\/h3>\n<p>Porque tus ideas merecen m\u00e1s que plantillas. Con aBlocks Pro, tienes libertad para crear, experimentar e innovar sin l\u00edmites, llevando el poder del dise\u00f1o personalizado a cada rinc\u00f3n de tu sitio de WordPress, m\u00e1s r\u00e1pido que nunca.<\/p>\n<ul>\n<li>Integraci\u00f3n perfecta con Gutenberg: Aprovecha todo el potencial del editor de bloques nativo de WordPress. aBlocks Pro se integra de forma natural en tu flujo de trabajo, brind\u00e1ndote la flexibilidad de dise\u00f1ar cualquier cosa, desde p\u00e1ginas de destino hasta sitios web completos, con una facilidad inigualable.<\/li>\n<li>Creaci\u00f3n sin c\u00f3digo: C\u00e9ntrate en la creatividad, no en la complejidad. Cada bloque, dise\u00f1o y estilo se puede personalizar visualmente, para que nunca tengas que tocar una sola l\u00ednea de c\u00f3digo.<\/li>\n<li>Rendimiento ultrarr\u00e1pido: Dise\u00f1ado pensando en la velocidad, aBlocks Pro garantiza que tus p\u00e1ginas carguen r\u00e1pidamente y funcionen a la perfecci\u00f3n, sin importar lo intrincados que sean tus dise\u00f1os.<\/li>\n<li>Dise\u00f1o totalmente adaptable: Cada dise\u00f1o se adapta autom\u00e1ticamente a cualquier tama\u00f1o de pantalla. Tu sitio se ver\u00e1 impecable en computadoras de escritorio, tabletas y smartphones.<\/li>\n<li>Bloques y dise\u00f1os ilimitados: No hay l\u00edmites creativos. Agrega, duplica y combina tantos bloques como quieras para crear experiencias din\u00e1micas y personalizadas. Controles de estilo avanzados: ajuste el espaciado, la tipograf\u00eda, los colores y las animaciones para que se alineen perfectamente con el estilo y el tono de su marca, todo desde una interfaz de dise\u00f1o unificada.<\/li>\n<\/ul>\n","protected":false},"excerpt":{"rendered":"<p>aBlocks Pro libera tu creatividad sin l\u00edmites en WordPress. Este conjunto avanzado de bloques Gutenberg personalizables te permite dise\u00f1ar sitios web impresionantes y profesionales en tiempo r\u00e9cord, sin necesidad de programar. Crea dise\u00f1os \u00fanicos, perfecciona cada detalle y mant\u00e9n el control total sobre la identidad visual de tu sitio con una experiencia intuitiva y optimizada para el rendimiento.<\/p>\n","protected":false},"featured_media":0,"comment_status":"open","ping_status":"open","template":"","meta":[],"product_brand":[2748],"product_cat":[1214,1206,1211],"product_tag":[2749],"class_list":{"0":"post-170391","1":"product","2":"type-product","3":"status-publish","5":"product_brand-academy-lms","6":"product_cat-personalizacion","7":"product_cat-plugins","8":"product_cat-wordpress-plugins","9":"product_tag-academy-lms","10":"member-discount","11":"discount-restricted","13":"first","14":"instock","15":"sale","16":"downloadable","17":"virtual","18":"sold-individually","19":"purchasable","20":"product-type-simple"},"_links":{"self":[{"href":"https:\/\/gpl-love.com\/es\/wp-json\/wp\/v2\/product\/170391","targetHints":{"allow":["GET"]}}],"collection":[{"href":"https:\/\/gpl-love.com\/es\/wp-json\/wp\/v2\/product"}],"about":[{"href":"https:\/\/gpl-love.com\/es\/wp-json\/wp\/v2\/types\/product"}],"replies":[{"embeddable":true,"href":"https:\/\/gpl-love.com\/es\/wp-json\/wp\/v2\/comments?post=170391"}],"wp:attachment":[{"href":"https:\/\/gpl-love.com\/es\/wp-json\/wp\/v2\/media?parent=170391"}],"wp:term":[{"taxonomy":"product_brand","embeddable":true,"href":"https:\/\/gpl-love.com\/es\/wp-json\/wp\/v2\/product_brand?post=170391"},{"taxonomy":"product_cat","embeddable":true,"href":"https:\/\/gpl-love.com\/es\/wp-json\/wp\/v2\/product_cat?post=170391"},{"taxonomy":"product_tag","embeddable":true,"href":"https:\/\/gpl-love.com\/es\/wp-json\/wp\/v2\/product_tag?post=170391"}],"curies":[{"name":"wp","href":"https:\/\/api.w.org\/{rel}","templated":true}]}}