{"id":170390,"date":"2025-10-20T00:00:00","date_gmt":"2025-10-20T05:00:00","guid":{"rendered":"https:\/\/gpl-love.com\/es\/producto\/bricks-dynamic-toolbox-1-1-1\/"},"modified":"2026-03-13T17:38:07","modified_gmt":"2026-03-13T22:38:07","slug":"bricks-dynamic-toolbox-1-1-1","status":"publish","type":"product","link":"https:\/\/gpl-love.com\/es\/producto\/bricks-dynamic-toolbox-1-1-1\/","title":{"rendered":"Merchandiser 5.7.2"},"content":{"rendered":"<h3>Merchandiser Caracteristicas<\/h3>\n<p>Porque gestionar una tienda exitosa no deber\u00eda implicar lidiar con interminables hojas de c\u00e1lculo o actualizaciones manuales. Merchandiser automatiza la rutina, perfecciona la presentaci\u00f3n y potencia tu potencial de crecimiento. Todo ello, integr\u00e1ndose perfectamente con tu configuraci\u00f3n de WordPress.<\/p>\n<ul>\n<li>Motor de Precios Inteligente: Mant\u00e9ngase competitivo con ajustes de precios en tiempo real que responden a las tendencias del mercado y al rendimiento de las ventas, sin necesidad de actualizaciones manuales.<\/li>\n<li>Integraci\u00f3n sencilla con WordPress: Instale, active y empiece a gestionar su tienda al instante. Merchandiser se integra a la perfecci\u00f3n con cualquier entorno de WordPress, mejorando lo que ya tiene sin interrumpir su flujo de trabajo.<\/li>\n<li>Presentaci\u00f3n flexible de productos: Muestre su cat\u00e1logo exactamente como lo imagina. Personalice los dise\u00f1os, las opciones de clasificaci\u00f3n y los detalles de los productos para que se adapten perfectamente a su identidad de marca.<\/li>\n<li>Supervisi\u00f3n optimizada del inventario: Supervise los niveles de stock en tiempo real, automatice las alertas de stock bajo y mantenga un equilibrio perfecto entre la demanda y la oferta, todo desde un panel intuitivo.<\/li>\n<li>Experiencia de compra mejorada: Cree una experiencia de compra m\u00e1s fluida para cada visitante. Las funciones de Merchandiser, centradas en la experiencia de usuario (UX), ayudan a reducir la fricci\u00f3n, impulsar la interacci\u00f3n y convertir a los visitantes ocasionales en compradores fieles.<\/li>\n<\/ul>\n","protected":false},"excerpt":{"rendered":"<p>Merchandiser redefine la gesti\u00f3n de tu tienda online. Dise\u00f1ado para emprendedores ambiciosos de comercio electr\u00f3nico, ofrece automatizaci\u00f3n y control potentes directamente en tu panel de WordPress. Desde la gesti\u00f3n de inventario en tiempo real hasta precios adaptables y presentaciones de productos personalizadas, Merchandiser garantiza que tu tienda funcione a la perfecci\u00f3n y ofrece una experiencia de compra excepcional.<\/p>\n","protected":false},"featured_media":0,"comment_status":"open","ping_status":"open","template":"","meta":[],"product_brand":[2337],"product_cat":[1307,1237,1238],"product_tag":[1391],"class_list":{"0":"post-170390","1":"product","2":"type-product","3":"status-publish","5":"product_brand-themeforest","6":"product_cat-negocio-wordpress-temas","7":"product_cat-temas","8":"product_cat-wordpress-temas","9":"product_tag-themeforest","10":"member-discount","11":"discount-restricted","13":"first","14":"instock","15":"sale","16":"downloadable","17":"virtual","18":"sold-individually","19":"purchasable","20":"product-type-simple"},"_links":{"self":[{"href":"https:\/\/gpl-love.com\/es\/wp-json\/wp\/v2\/product\/170390","targetHints":{"allow":["GET"]}}],"collection":[{"href":"https:\/\/gpl-love.com\/es\/wp-json\/wp\/v2\/product"}],"about":[{"href":"https:\/\/gpl-love.com\/es\/wp-json\/wp\/v2\/types\/product"}],"replies":[{"embeddable":true,"href":"https:\/\/gpl-love.com\/es\/wp-json\/wp\/v2\/comments?post=170390"}],"wp:attachment":[{"href":"https:\/\/gpl-love.com\/es\/wp-json\/wp\/v2\/media?parent=170390"}],"wp:term":[{"taxonomy":"product_brand","embeddable":true,"href":"https:\/\/gpl-love.com\/es\/wp-json\/wp\/v2\/product_brand?post=170390"},{"taxonomy":"product_cat","embeddable":true,"href":"https:\/\/gpl-love.com\/es\/wp-json\/wp\/v2\/product_cat?post=170390"},{"taxonomy":"product_tag","embeddable":true,"href":"https:\/\/gpl-love.com\/es\/wp-json\/wp\/v2\/product_tag?post=170390"}],"curies":[{"name":"wp","href":"https:\/\/api.w.org\/{rel}","templated":true}]}}