{"id":170389,"date":"2026-03-23T00:00:00","date_gmt":"2026-03-23T05:00:00","guid":{"rendered":"https:\/\/gpl-love.com\/es\/producto\/ablocks-pro-2-3-1\/"},"modified":"2026-03-23T17:17:05","modified_gmt":"2026-03-23T22:17:05","slug":"ablocks-pro-2-3-1","status":"publish","type":"product","link":"https:\/\/gpl-love.com\/es\/producto\/ablocks-pro-2-3-1\/","title":{"rendered":"Greenshift Advanced Animation 3.7.6"},"content":{"rendered":"<h3>Greenshift Advanced Animation Caracteristicas<\/h3>\n<p>Descubra la magia del software Greenshift Advanced Animation, la herramienta definitiva para crear animaciones impresionantes y profesionales con facilidad. Tanto si es un animador experimentado como si est\u00e1 empezando, su dise\u00f1o intuitivo garantiza que todos puedan dar vida a sus visiones. Si busca adquirir Greenshift Advanced Animation, le espera una experiencia fluida desde la instalaci\u00f3n hasta la creaci\u00f3n.<\/p>\n<p>Los nuevos usuarios apreciar\u00e1n el completo tutorial de Greenshift Advanced Animation, repleto de consejos y trucos \u00fatiles para empezar. El software destaca por sus mejores caracter\u00edsticas, ofreciendo una flexibilidad y un control inigualables. Compare Greenshift Advanced Animation con la competencia y comprender\u00e1 por qu\u00e9 muchos eligen esta herramienta por su calidad de animaci\u00f3n superior.<\/p>\n<p>\u00bfLe interesa saber los precios de Greenshift Advanced Animation? Las opciones flexibles se adaptan a diferentes necesidades, garantizando una buena relaci\u00f3n calidad-precio para todos los presupuestos. La descarga es sencilla y dispone de un amplio servicio de atenci\u00f3n al cliente.<\/p>\n<p>La gu\u00eda de Greenshift Advanced Animation es un recurso invaluable que detalla c\u00f3mo usar Greenshift Advanced Animation de forma eficaz. Incluso los principiantes pueden crear proyectos impresionantes en un abrir y cerrar de ojos.<\/p>\n<ul>\n<li>Crea animaciones impresionantes f\u00e1cilmente con controles intuitivos.<\/li>\n<li>Compatible con una amplia gama de dispositivos y plataformas para un uso vers\u00e1til.<\/li>\n<li>Ofrece una biblioteca de plantillas de animaci\u00f3n predise\u00f1adas para impulsar la creatividad.<\/li>\n<li>Personaliza animaciones con un control preciso de la sincronizaci\u00f3n y los efectos.<\/li>\n<li>Se integra a la perfecci\u00f3n con el software de dise\u00f1o m\u00e1s popular para optimizar los flujos de trabajo.<\/li>\n<li>Admite salidas de alta resoluci\u00f3n para obtener resultados de calidad profesional.<\/li>\n<li>Mejora la narrativa visual con gr\u00e1ficos en movimiento din\u00e1micos.<\/li>\n<li>Compatible con proyectos de animaci\u00f3n 2D y 3D.<\/li>\n<li>Optimizado para un renderizado r\u00e1pido que ahorra tiempo en proyectos complejos.<\/li>\n<\/ul>\n","protected":false},"excerpt":{"rendered":"<p>Descubra el poder del software Greenshift Advanced Animation, la herramienta definitiva para crear animaciones impresionantes con facilidad. Perfecto tanto para principiantes como para profesionales experimentados, este software ofrece un tutorial completo y una gu\u00eda detallada sobre c\u00f3mo usar Greenshift Advanced Animation eficazmente. Explore las mejores caracter\u00edsticas que lo distinguen de la competencia y benef\u00edciese de consejos y trucos \u00fatiles para mejorar sus proyectos. Descargue Greenshift Advanced Animation ahora y disfrute de una experiencia de usuario fluida con el respaldo de un servicio de atenci\u00f3n al cliente excepcional. Con precios transparentes y excelentes rese\u00f1as, Greenshift es la opci\u00f3n ideal para los entusiastas de la animaci\u00f3n que buscan rendimiento e innovaci\u00f3n de primer nivel.<\/p>\n","protected":false},"featured_media":169858,"comment_status":"open","ping_status":"open","template":"","meta":[],"product_brand":[2691],"product_cat":[1214,1206,1211],"product_tag":[2692],"class_list":{"0":"post-170389","1":"product","2":"type-product","3":"status-publish","4":"has-post-thumbnail","6":"product_brand-greenshift","7":"product_cat-personalizacion","8":"product_cat-plugins","9":"product_cat-wordpress-plugins","10":"product_tag-greenshift","11":"member-discount","12":"discount-restricted","14":"first","15":"instock","16":"sale","17":"downloadable","18":"virtual","19":"sold-individually","20":"purchasable","21":"product-type-simple"},"_links":{"self":[{"href":"https:\/\/gpl-love.com\/es\/wp-json\/wp\/v2\/product\/170389","targetHints":{"allow":["GET"]}}],"collection":[{"href":"https:\/\/gpl-love.com\/es\/wp-json\/wp\/v2\/product"}],"about":[{"href":"https:\/\/gpl-love.com\/es\/wp-json\/wp\/v2\/types\/product"}],"replies":[{"embeddable":true,"href":"https:\/\/gpl-love.com\/es\/wp-json\/wp\/v2\/comments?post=170389"}],"wp:featuredmedia":[{"embeddable":true,"href":"https:\/\/gpl-love.com\/es\/wp-json\/wp\/v2\/media\/169858"}],"wp:attachment":[{"href":"https:\/\/gpl-love.com\/es\/wp-json\/wp\/v2\/media?parent=170389"}],"wp:term":[{"taxonomy":"product_brand","embeddable":true,"href":"https:\/\/gpl-love.com\/es\/wp-json\/wp\/v2\/product_brand?post=170389"},{"taxonomy":"product_cat","embeddable":true,"href":"https:\/\/gpl-love.com\/es\/wp-json\/wp\/v2\/product_cat?post=170389"},{"taxonomy":"product_tag","embeddable":true,"href":"https:\/\/gpl-love.com\/es\/wp-json\/wp\/v2\/product_tag?post=170389"}],"curies":[{"name":"wp","href":"https:\/\/api.w.org\/{rel}","templated":true}]}}