{"id":169857,"date":"2025-06-14T00:00:00","date_gmt":"2025-06-14T05:00:00","guid":{"rendered":"https:\/\/gpl-love.com\/es\/producto\/greenshift-advanced-animation\/"},"modified":"2026-03-09T08:53:30","modified_gmt":"2026-03-09T13:53:30","slug":"greenshift-advanced-animation","status":"publish","type":"product","link":"https:\/\/gpl-love.com\/es\/producto\/greenshift-advanced-animation\/","title":{"rendered":"Greenshift Marketing y SEO 1.0.2"},"content":{"rendered":"<h3>Greenshift Marketing y SEO Caracteristicas<\/h3>\n<p>Libera todo el potencial de cualquier negocio con los servicios de marketing y SEO de Greenshift. Descubre c\u00f3mo mejorar el SEO con Greenshift mediante estrategias innovadoras de marketing digital y asesoramiento experto. Ya sea para optimizar un sitio web o mejorar la presencia online, las soluciones SEO de Greenshift para peque\u00f1as empresas ofrecen enfoques personalizados que impulsan los resultados. Muchos clientes destacan en las rese\u00f1as de la agencia de marketing Greenshift los beneficios de la consultor\u00eda personalizada y la eficacia de su marketing online.<\/p>\n<p>Si buscas servicios SEO asequibles de Greenshift, ten la seguridad de que la calidad nunca se ve comprometida. El equipo ofrece consejos completos de optimizaci\u00f3n SEO, pr\u00e1cticos y f\u00e1ciles de implementar, que garantizan que cada negocio destaque en el panorama digital. Las estrategias de marketing digital de Greenshift est\u00e1n dise\u00f1adas para aumentar la visibilidad y la interacci\u00f3n, lo que las convierte en la opci\u00f3n ideal para quienes se toman en serio el crecimiento.<\/p>\n<p>Imagina tener el asesoramiento experto en SEO de Greenshift a tu alcance, gui\u00e1ndote en cada paso hacia una presencia online exitosa. Desde comprender las \u00faltimas tendencias hasta aplicar las mejores pr\u00e1cticas, Greenshift ayuda a las empresas a alcanzar y superar sus objetivos.<\/p>\n<ul>\n<li>Aumenta la visibilidad online y el posicionamiento org\u00e1nico en buscadores.<\/li>\n<li>Mejora la interacci\u00f3n del usuario mediante estrategias de contenido espec\u00edficas.<\/li>\n<li>Proporciona an\u00e1lisis e informes SEO completos.<\/li>\n<li>Se integra a la perfecci\u00f3n con las plataformas de marketing existentes.<\/li>\n<li>Ofrece plantillas de marketing personalizables para mantener la coherencia de la marca.<\/li>\n<li>Utiliza informaci\u00f3n basada en IA para la toma de decisiones basada en datos.<\/li>\n<li>Mejora el tr\u00e1fico del sitio web con estrategias optimizadas de palabras clave.<\/li>\n<li>Compatible con campa\u00f1as de marketing multicanal.<\/li>\n<li>Ofrece recomendaciones pr\u00e1cticas para la optimizaci\u00f3n del sitio web.<\/li>\n<li>Aumenta las tasas de conversi\u00f3n mediante t\u00e9cnicas SEO eficaces.<\/li>\n<\/ul>\n","protected":false},"excerpt":{"rendered":"<p>Descubra el poder transformador de los servicios de marketing y SEO de Greenshift. Mejore su presencia digital con consejos de expertos sobre c\u00f3mo optimizar el SEO con Greenshift. Desbloquee su potencial de crecimiento con las estrategias de marketing digital de Greenshift, dise\u00f1adas para peque\u00f1as empresas. Benef\u00edciese de los pr\u00e1cticos consejos de optimizaci\u00f3n SEO de Greenshift y de la experiencia de primera mano que ofrecen las rese\u00f1as de agencias de marketing de Greenshift. Experimente la eficacia del marketing online de Greenshift y explore los asequibles servicios de SEO de Greenshift, dise\u00f1ados para maximizar el alcance y la interacci\u00f3n. Obtenga una ventaja competitiva con las soluciones de SEO de Greenshift y aproveche las ventajas \u00fanicas de la consultor\u00eda de marketing de Greenshift para impulsar su negocio.<\/p>\n","protected":false},"featured_media":169854,"comment_status":"open","ping_status":"open","template":"","meta":[],"product_brand":[2691],"product_cat":[1206,1360,1211],"product_tag":[2692],"class_list":{"0":"post-169857","1":"product","2":"type-product","3":"status-publish","4":"has-post-thumbnail","6":"product_brand-greenshift","7":"product_cat-plugins","8":"product_cat-seo","9":"product_cat-wordpress-plugins","10":"product_tag-greenshift","11":"member-discount","12":"discount-restricted","14":"first","15":"instock","16":"sale","17":"downloadable","18":"virtual","19":"sold-individually","20":"purchasable","21":"product-type-simple"},"_links":{"self":[{"href":"https:\/\/gpl-love.com\/es\/wp-json\/wp\/v2\/product\/169857","targetHints":{"allow":["GET"]}}],"collection":[{"href":"https:\/\/gpl-love.com\/es\/wp-json\/wp\/v2\/product"}],"about":[{"href":"https:\/\/gpl-love.com\/es\/wp-json\/wp\/v2\/types\/product"}],"replies":[{"embeddable":true,"href":"https:\/\/gpl-love.com\/es\/wp-json\/wp\/v2\/comments?post=169857"}],"wp:featuredmedia":[{"embeddable":true,"href":"https:\/\/gpl-love.com\/es\/wp-json\/wp\/v2\/media\/169854"}],"wp:attachment":[{"href":"https:\/\/gpl-love.com\/es\/wp-json\/wp\/v2\/media?parent=169857"}],"wp:term":[{"taxonomy":"product_brand","embeddable":true,"href":"https:\/\/gpl-love.com\/es\/wp-json\/wp\/v2\/product_brand?post=169857"},{"taxonomy":"product_cat","embeddable":true,"href":"https:\/\/gpl-love.com\/es\/wp-json\/wp\/v2\/product_cat?post=169857"},{"taxonomy":"product_tag","embeddable":true,"href":"https:\/\/gpl-love.com\/es\/wp-json\/wp\/v2\/product_tag?post=169857"}],"curies":[{"name":"wp","href":"https:\/\/api.w.org\/{rel}","templated":true}]}}