{"id":169839,"date":"2026-03-16T00:00:00","date_gmt":"2026-03-16T05:00:00","guid":{"rendered":"https:\/\/gpl-love.com\/es\/producto\/learnpress-razorpay-payment\/"},"modified":"2026-04-06T05:16:20","modified_gmt":"2026-04-06T10:16:20","slug":"learnpress-razorpay-payment","status":"publish","type":"product","link":"https:\/\/gpl-love.com\/es\/producto\/learnpress-razorpay-payment\/","title":{"rendered":"Divi Next Woo Essential 5.5.0"},"content":{"rendered":"<h3>Divi Next Woo Essential Caracteristicas<\/h3>\n<p>\u00bfBuscas transformar tu sitio de WordPress en una plataforma de comercio electr\u00f3nico de alto rendimiento? El plugin Divi Next Woo Essential es la opci\u00f3n ideal. Gracias a sus potentes funciones, este plugin mejora la funcionalidad del sitio web y ofrece una integraci\u00f3n perfecta con WooCommerce. Explorar c\u00f3mo usar Divi Next Woo Essential es sencillo gracias a la detallada gu\u00eda de usuario y la gu\u00eda de instalaci\u00f3n, que facilitan la configuraci\u00f3n.<\/p>\n<p>\u00bfTe preguntas cu\u00e1l es la mejor configuraci\u00f3n para Divi Next Woo Essential? El plugin ofrece flexibilidad para optimizar sitios web, garantizando una experiencia personalizada para necesidades espec\u00edficas. Para quienes est\u00e9n considerando comprarlo, el precio de Divi Next Woo Essential es competitivo y la descarga del plugin es sencilla.<\/p>\n<p>Los comentarios de los clientes suelen destacar los beneficios tangibles de usar esta herramienta, as\u00ed como su compatibilidad con varios temas de WordPress. Para obtener m\u00e1s ayuda, hay un completo tutorial de Divi Next Woo Essential y un atento servicio de atenci\u00f3n al cliente para responder a tus preguntas frecuentes. Si tienes curiosidad por las alternativas a Divi Next Woo Essential, las rese\u00f1as hablan por s\u00ed solas de su superioridad para mejorar los sitios de comercio electr\u00f3nico.<\/p>\n<ul>\n<li>Integraci\u00f3n perfecta con WooCommerce para optimizar las funciones de tu tienda online<\/li>\n<li>Interfaz intuitiva que simplifica el dise\u00f1o y la gesti\u00f3n de sitios web<\/li>\n<li>Amplia biblioteca de plantillas personalizables para diversas necesidades comerciales<\/li>\n<li>Opciones avanzadas de m\u00f3dulos para crear experiencias de usuario personalizadas<\/li>\n<li>Dise\u00f1o responsivo que garantiza una visualizaci\u00f3n \u00f3ptima en todos los dispositivos<\/li>\n<li>Herramientas SEO integradas para mejorar la visibilidad en buscadores<\/li>\n<li>Actualizaciones peri\u00f3dicas para acceder a las \u00faltimas funciones y mejoras de seguridad<\/li>\n<li>Compatible con los plugins m\u00e1s populares de WordPress para una mayor funcionalidad<\/li>\n<li>Soporte dedicado para la resoluci\u00f3n de problemas y asistencia<\/li>\n<li>Documentaci\u00f3n completa para una f\u00e1cil configuraci\u00f3n<\/li>\n<\/ul>\n","protected":false},"excerpt":{"rendered":"<p>Libera todo el potencial de tu sitio web de WordPress con el plugin Divi Next Woo Essential. Dise\u00f1ado espec\u00edficamente para comercio electr\u00f3nico, esta herramienta transforma tu tienda online con una integraci\u00f3n perfecta y funciones innovadoras. Descubre c\u00f3mo usar Divi Next Woo Essential con un completo tutorial y gu\u00eda de usuario, que garantiza una instalaci\u00f3n sencilla y una configuraci\u00f3n \u00f3ptima. Explora los precios y las opciones de descarga de Divi Next Woo Essential para mejorar tu sitio web hoy mismo. Benef\u00edciate de una compatibilidad y un soporte excepcionales, respaldados por las excelentes opiniones de nuestros clientes. Tanto si buscas alternativas como rese\u00f1as detalladas, Divi Next Woo Essential ofrece ventajas inigualables, lo que lo convierte en la opci\u00f3n ideal para optimizar sitios web de forma eficiente.<\/p>\n","protected":false},"featured_media":169836,"comment_status":"open","ping_status":"open","template":"","meta":[],"product_brand":[2746],"product_cat":[1207,1248,1206],"product_tag":[2747],"class_list":{"0":"post-169839","1":"product","2":"type-product","3":"status-publish","4":"has-post-thumbnail","6":"product_brand-divi-next","7":"product_cat-comercio-electronico-plugins","8":"product_cat-personalizacion-comercio-electronico-plugins","9":"product_cat-plugins","10":"product_tag-divi-next","11":"member-discount","12":"discount-restricted","14":"first","15":"instock","16":"sale","17":"downloadable","18":"virtual","19":"sold-individually","20":"purchasable","21":"product-type-simple"},"_links":{"self":[{"href":"https:\/\/gpl-love.com\/es\/wp-json\/wp\/v2\/product\/169839","targetHints":{"allow":["GET"]}}],"collection":[{"href":"https:\/\/gpl-love.com\/es\/wp-json\/wp\/v2\/product"}],"about":[{"href":"https:\/\/gpl-love.com\/es\/wp-json\/wp\/v2\/types\/product"}],"replies":[{"embeddable":true,"href":"https:\/\/gpl-love.com\/es\/wp-json\/wp\/v2\/comments?post=169839"}],"wp:featuredmedia":[{"embeddable":true,"href":"https:\/\/gpl-love.com\/es\/wp-json\/wp\/v2\/media\/169836"}],"wp:attachment":[{"href":"https:\/\/gpl-love.com\/es\/wp-json\/wp\/v2\/media?parent=169839"}],"wp:term":[{"taxonomy":"product_brand","embeddable":true,"href":"https:\/\/gpl-love.com\/es\/wp-json\/wp\/v2\/product_brand?post=169839"},{"taxonomy":"product_cat","embeddable":true,"href":"https:\/\/gpl-love.com\/es\/wp-json\/wp\/v2\/product_cat?post=169839"},{"taxonomy":"product_tag","embeddable":true,"href":"https:\/\/gpl-love.com\/es\/wp-json\/wp\/v2\/product_tag?post=169839"}],"curies":[{"name":"wp","href":"https:\/\/api.w.org\/{rel}","templated":true}]}}