{"id":169837,"date":"2025-06-14T00:00:00","date_gmt":"2025-06-14T05:00:00","guid":{"rendered":"https:\/\/gpl-love.com\/es\/producto\/shopic-multistore-theme\/"},"modified":"2026-03-09T08:53:18","modified_gmt":"2026-03-09T13:53:18","slug":"shopic-multistore-theme","status":"publish","type":"product","link":"https:\/\/gpl-love.com\/es\/producto\/shopic-multistore-theme\/","title":{"rendered":"Divi Next Image Effect Pro 1.4"},"content":{"rendered":"<h3>Divi Next Image Effect Pro Caracteristicas<\/h3>\n<p>Libera todo el potencial de tu sitio web de WordPress con Divi Next Image Effect Pro, el mejor plugin de efectos de imagen para Divi. Esta potente herramienta transforma im\u00e1genes comunes en visuales impactantes, perfectos para cautivar a cualquier p\u00fablico. Ya sea que te sumerjas en un tutorial de Divi Next Image Effect Pro o explores los efectos de imagen avanzados en Divi, conseguir im\u00e1genes impresionantes es facil\u00edsimo.<\/p>\n<p>\u00bfTe interesa saber c\u00f3mo usar Divi Next Image Effect Pro? La intuitiva gu\u00eda de usuario te gu\u00eda por cada funci\u00f3n, facilitando la personalizaci\u00f3n. Compara Divi Next Image Effect Pro con la competencia y descubre por qu\u00e9 destaca con sus efectos \u00fanicos y su integraci\u00f3n perfecta. \u00bfNecesitas ayuda? El excelente soporte de Divi Next Image Effect Pro garantiza una experiencia fluida desde la instalaci\u00f3n hasta los retoques finales.<\/p>\n<p>Explora los ejemplos de Divi Next Image Effect Pro para ver la magia en acci\u00f3n. Con una instalaci\u00f3n sencilla, empezar es r\u00e1pido y las opciones de precios flexibles se adaptan a diferentes necesidades. Descarga Divi Next Image Effect Pro hoy mismo y mejora tu dise\u00f1o web con una facilidad y creatividad inigualables.<\/p>\n<ul>\n<li>Mejora tus im\u00e1genes con efectos visuales din\u00e1micos para una presentaci\u00f3n cautivadora.<\/li>\n<li>Interfaz intuitiva para una f\u00e1cil personalizaci\u00f3n sin necesidad de conocimientos de programaci\u00f3n.<\/li>\n<li>M\u00faltiples estilos de efectos que se adaptan a diversas preferencias y temas de dise\u00f1o.<\/li>\n<li>Compatible con Divi Builder para una integraci\u00f3n perfecta en proyectos existentes.<\/li>\n<li>Renderizado de im\u00e1genes de alta calidad para mantener la claridad y el detalle.<\/li>\n<li>Dise\u00f1o responsivo que garantiza que los efectos se vean geniales en todos los dispositivos.<\/li>\n<li>Plugin ligero para tiempos de carga r\u00e1pidos y un rendimiento web \u00f3ptimo.<\/li>\n<li>Actualizaciones peri\u00f3dicas que ofrecen nuevas funciones y mantienen la compatibilidad.<\/li>\n<li>Documentaci\u00f3n completa y soporte para la resoluci\u00f3n de problemas y orientaci\u00f3n.<\/li>\n<li>Ideal para dise\u00f1adores y desarrolladores que buscan optimizar sus proyectos de dise\u00f1o web.<\/li>\n<\/ul>\n","protected":false},"excerpt":{"rendered":"<p>Libera todo el potencial de tu sitio WordPress con Divi Next Image Effect Pro, el mejor plugin de efectos de imagen para Divi. Esta potente herramienta ofrece una variedad de efectos de imagen avanzados en Divi, transformando im\u00e1genes comunes en cautivadoras obras maestras. Desde el tutorial de Divi Next Image Effect Pro hasta la completa gu\u00eda de usuario, aprende a personalizar im\u00e1genes f\u00e1cilmente y a mejorar la est\u00e9tica de tu sitio. Descubre las caracter\u00edsticas y ejemplos de Divi Next Image Effect Pro que lo distinguen de la competencia. Con una instalaci\u00f3n sencilla, precios competitivos y un soporte excepcional, este plugin es perfecto para quienes buscan mejorar su dise\u00f1o web. \u00a1Desc\u00e1rgalo ahora y experimenta la diferencia!<\/p>\n","protected":false},"featured_media":169834,"comment_status":"open","ping_status":"open","template":"","meta":[],"product_brand":[2746],"product_cat":[1214,1206,1211],"product_tag":[2747],"class_list":{"0":"post-169837","1":"product","2":"type-product","3":"status-publish","4":"has-post-thumbnail","6":"product_brand-divi-next","7":"product_cat-personalizacion","8":"product_cat-plugins","9":"product_cat-wordpress-plugins","10":"product_tag-divi-next","11":"member-discount","12":"discount-restricted","14":"first","15":"instock","16":"sale","17":"downloadable","18":"virtual","19":"sold-individually","20":"purchasable","21":"product-type-simple"},"_links":{"self":[{"href":"https:\/\/gpl-love.com\/es\/wp-json\/wp\/v2\/product\/169837","targetHints":{"allow":["GET"]}}],"collection":[{"href":"https:\/\/gpl-love.com\/es\/wp-json\/wp\/v2\/product"}],"about":[{"href":"https:\/\/gpl-love.com\/es\/wp-json\/wp\/v2\/types\/product"}],"replies":[{"embeddable":true,"href":"https:\/\/gpl-love.com\/es\/wp-json\/wp\/v2\/comments?post=169837"}],"wp:featuredmedia":[{"embeddable":true,"href":"https:\/\/gpl-love.com\/es\/wp-json\/wp\/v2\/media\/169834"}],"wp:attachment":[{"href":"https:\/\/gpl-love.com\/es\/wp-json\/wp\/v2\/media?parent=169837"}],"wp:term":[{"taxonomy":"product_brand","embeddable":true,"href":"https:\/\/gpl-love.com\/es\/wp-json\/wp\/v2\/product_brand?post=169837"},{"taxonomy":"product_cat","embeddable":true,"href":"https:\/\/gpl-love.com\/es\/wp-json\/wp\/v2\/product_cat?post=169837"},{"taxonomy":"product_tag","embeddable":true,"href":"https:\/\/gpl-love.com\/es\/wp-json\/wp\/v2\/product_tag?post=169837"}],"curies":[{"name":"wp","href":"https:\/\/api.w.org\/{rel}","templated":true}]}}