{"id":169833,"date":"2025-06-14T00:00:00","date_gmt":"2025-06-14T05:00:00","guid":{"rendered":"https:\/\/gpl-love.com\/es\/producto\/divi-next-image-effect-pro\/"},"modified":"2026-03-09T08:53:16","modified_gmt":"2026-03-09T13:53:16","slug":"divi-next-image-effect-pro","status":"publish","type":"product","link":"https:\/\/gpl-love.com\/es\/producto\/divi-next-image-effect-pro\/","title":{"rendered":"Divi Next Texts 2.3"},"content":{"rendered":"<h3>Divi Next Texts Caracteristicas<\/h3>\n<p>Descubre el potencial del plugin Divi Next Texts, una potente herramienta dise\u00f1ada para mejorar cualquier sitio web sin esfuerzo. Para quienes no conocen esta herramienta, la gu\u00eda para principiantes de Divi Next Texts ofrece pasos sencillos para empezar. El tutorial ofrece una descripci\u00f3n general completa, mientras que la gu\u00eda del usuario explica las funciones espec\u00edficas y las mejores pr\u00e1cticas de Divi Next Texts. La instalaci\u00f3n es muy sencilla, con pasos claros que agilizan el proceso.<\/p>\n<p>Una vez configurado, descubre c\u00f3mo sacarle el m\u00e1ximo partido a Divi Next Texts, con consejos avanzados para usuarios experimentados. Personalizar Divi Next Texts abre un mundo de posibilidades creativas, permitiendo una integraci\u00f3n \u00fanica con cualquier dise\u00f1o. La gu\u00eda de integraci\u00f3n de Divi Next Texts garantiza una integraci\u00f3n perfecta con los elementos existentes del sitio.<\/p>\n<p>Mantente al d\u00eda de las \u00faltimas actualizaciones y cambios de Divi Next Texts para mantener un rendimiento \u00f3ptimo. Si surge alg\u00fan problema, la comunidad de soporte de Divi Next Texts es un recurso valioso para la resoluci\u00f3n de problemas.<\/p>\n<ul>\n<li>Interfaz intuitiva de arrastrar y soltar para personalizar f\u00e1cilmente el texto.<\/li>\n<li>Amplia gama de estilos y tama\u00f1os de fuente para mejorar la legibilidad.<\/li>\n<li>Dise\u00f1o adaptable que garantiza una visualizaci\u00f3n \u00f3ptima en todos los dispositivos.<\/li>\n<li>Integraci\u00f3n perfecta con WordPress para flujos de trabajo optimizados.<\/li>\n<li>Opciones de estilo avanzadas para dise\u00f1os \u00fanicos y personalizados.<\/li>\n<li>Vista previa en tiempo real para obtener informaci\u00f3n instant\u00e1nea sobre los cambios.<\/li>\n<li>Ligero y de carga r\u00e1pida para un mejor rendimiento del sitio.<\/li>\n<li>Documentaci\u00f3n completa y soporte para la gu\u00eda del usuario.<\/li>\n<li>Compatible con los creadores de p\u00e1ginas m\u00e1s populares para un uso vers\u00e1til.<\/li>\n<\/ul>\n","protected":false},"excerpt":{"rendered":"<p>Libera todo el potencial de tu sitio web con Divi Next Texts. Esta potente herramienta ofrece un tutorial detallado y una rese\u00f1a del plugin, que te guiar\u00e1 a trav\u00e9s de una integraci\u00f3n y personalizaci\u00f3n perfectas. Descubre c\u00f3mo usar Divi Next Texts eficazmente, desde los pasos de instalaci\u00f3n hasta consejos avanzados para optimizar el rendimiento. Los principiantes apreciar\u00e1n la gu\u00eda del usuario, mientras que los usuarios experimentados pueden explorar las mejores pr\u00e1cticas y solucionar problemas comunes a trav\u00e9s de la comunidad de soporte. Mantente al d\u00eda con los \u00faltimos cambios y aprende a maximizar la funcionalidad con la completa gu\u00eda de funciones e integraci\u00f3n. Mejora tu estrategia de dise\u00f1o web hoy mismo con Divi Next Texts.<\/p>\n","protected":false},"featured_media":169830,"comment_status":"open","ping_status":"open","template":"","meta":[],"product_brand":[2746],"product_cat":[1214,1206,1211],"product_tag":[2747],"class_list":{"0":"post-169833","1":"product","2":"type-product","3":"status-publish","4":"has-post-thumbnail","6":"product_brand-divi-next","7":"product_cat-personalizacion","8":"product_cat-plugins","9":"product_cat-wordpress-plugins","10":"product_tag-divi-next","11":"member-discount","12":"discount-restricted","14":"first","15":"instock","16":"sale","17":"downloadable","18":"virtual","19":"sold-individually","20":"purchasable","21":"product-type-simple"},"_links":{"self":[{"href":"https:\/\/gpl-love.com\/es\/wp-json\/wp\/v2\/product\/169833","targetHints":{"allow":["GET"]}}],"collection":[{"href":"https:\/\/gpl-love.com\/es\/wp-json\/wp\/v2\/product"}],"about":[{"href":"https:\/\/gpl-love.com\/es\/wp-json\/wp\/v2\/types\/product"}],"replies":[{"embeddable":true,"href":"https:\/\/gpl-love.com\/es\/wp-json\/wp\/v2\/comments?post=169833"}],"wp:featuredmedia":[{"embeddable":true,"href":"https:\/\/gpl-love.com\/es\/wp-json\/wp\/v2\/media\/169830"}],"wp:attachment":[{"href":"https:\/\/gpl-love.com\/es\/wp-json\/wp\/v2\/media?parent=169833"}],"wp:term":[{"taxonomy":"product_brand","embeddable":true,"href":"https:\/\/gpl-love.com\/es\/wp-json\/wp\/v2\/product_brand?post=169833"},{"taxonomy":"product_cat","embeddable":true,"href":"https:\/\/gpl-love.com\/es\/wp-json\/wp\/v2\/product_cat?post=169833"},{"taxonomy":"product_tag","embeddable":true,"href":"https:\/\/gpl-love.com\/es\/wp-json\/wp\/v2\/product_tag?post=169833"}],"curies":[{"name":"wp","href":"https:\/\/api.w.org\/{rel}","templated":true}]}}