{"id":169831,"date":"2025-09-09T00:00:00","date_gmt":"2025-09-09T05:00:00","guid":{"rendered":"https:\/\/gpl-love.com\/es\/producto\/divi-next-content-toggle\/"},"modified":"2026-03-13T17:38:05","modified_gmt":"2026-03-13T22:38:05","slug":"divi-next-content-toggle","status":"publish","type":"product","link":"https:\/\/gpl-love.com\/es\/producto\/divi-next-content-toggle\/","title":{"rendered":"Icelander Business Portfolio Theme 1.7.6"},"content":{"rendered":"<h3>Icelander Business Portfolio Theme Caracteristicas<\/h3>\n<p>Descubre la versatilidad y elegancia del tema Icelander para WordPress, dise\u00f1ado para realzar cualquier sitio web o blog empresarial. Perfecto para fot\u00f3grafos, plataformas de comercio electr\u00f3nico y sitios web de portafolios, este tema ofrece un dise\u00f1o responsivo que se adapta a la perfecci\u00f3n a cualquier dispositivo. \u00bfBuscas los mejores temas para WordPress? Icelander destaca por sus intuitivos servicios de personalizaci\u00f3n y una optimizaci\u00f3n SEO de primer nivel, lo que garantiza que tu sitio web tenga un buen posicionamiento en los motores de b\u00fasqueda.<\/p>\n<p>\u00bfEst\u00e1s pensando en comprarlo? Consulta las excelentes rese\u00f1as del tema Icelander para WordPress de usuarios satisfechos que elogian su facilidad de uso y sus robustas funciones. Desc\u00e1rgalo e inst\u00e1lalo f\u00e1cilmente con la completa gu\u00eda de instalaci\u00f3n del tema Icelander para WordPress y explora la demo interactiva para ver todo su potencial en acci\u00f3n.<\/p>\n<p>Disfruta de la tranquilidad del soporte t\u00e9cnico fiable y las actualizaciones peri\u00f3dicas de Icelander, que mantienen tu sitio web actualizado y seguro. Tanto si est\u00e1s creando un blog, una tienda online o mostrando tu fotograf\u00eda, el tema Icelander para WordPress es la base perfecta.<\/p>\n<ul>\n<li>Dise\u00f1o elegante y moderno, adaptado a sitios web personales y profesionales.<\/li>\n<li>Dise\u00f1o totalmente adaptable para una visualizaci\u00f3n \u00f3ptima en todos los dispositivos.<\/li>\n<li>Personalizaci\u00f3n sencilla con un intuitivo creador de p\u00e1ginas de arrastrar y soltar.<\/li>\n<li>Optimizado para SEO para mejorar la visibilidad y el posicionamiento en buscadores.<\/li>\n<li>Tiempos de carga r\u00e1pidos para mejorar la experiencia del usuario y reducir las tasas de rebote.<\/li>\n<li>La compatibilidad con varios navegadores garantiza un rendimiento consistente en los principales.<\/li>\n<li>Integrado con plugins populares para mayor funcionalidad y flexibilidad.<\/li>\n<li>Incluye plantillas predise\u00f1adas para una configuraci\u00f3n r\u00e1pida y sencilla.<\/li>\n<li>Compatible con WooCommerce para una integraci\u00f3n perfecta con el comercio electr\u00f3nico.<\/li>\n<\/ul>\n","protected":false},"excerpt":{"rendered":"<p>Descubre la soluci\u00f3n perfecta para tu presencia online con el tema Icelander para WordPress. Ideal para sitios web empresariales, blogs y plataformas de comercio electr\u00f3nico, este tema ofrece un dise\u00f1o impecable y adaptable que cautiva y atrae a los visitantes. Ya sea que est\u00e9s creando un sitio web de portafolio o una tienda de comercio electr\u00f3nico, Icelander admite servicios de personalizaci\u00f3n y optimizaci\u00f3n SEO para mejorar tu visibilidad. F\u00e1cilmente accesible mediante descarga, el tema cuenta con gu\u00edas de instalaci\u00f3n completas y actualizaciones peri\u00f3dicas. Lee rese\u00f1as positivas, explora la demo y disfruta de soporte dedicado. Para fot\u00f3grafos y creativos que buscan los mejores temas de WordPress, Icelander destaca por sus funciones personalizadas y su versatilidad.<\/p>\n","protected":false},"featured_media":169828,"comment_status":"open","ping_status":"open","template":"","meta":[],"product_brand":[2337],"product_cat":[1307,1237,1238],"product_tag":[1391],"class_list":{"0":"post-169831","1":"product","2":"type-product","3":"status-publish","4":"has-post-thumbnail","6":"product_brand-themeforest","7":"product_cat-negocio-wordpress-temas","8":"product_cat-temas","9":"product_cat-wordpress-temas","10":"product_tag-themeforest","11":"member-discount","12":"discount-restricted","14":"first","15":"instock","16":"sale","17":"downloadable","18":"virtual","19":"sold-individually","20":"purchasable","21":"product-type-simple"},"_links":{"self":[{"href":"https:\/\/gpl-love.com\/es\/wp-json\/wp\/v2\/product\/169831","targetHints":{"allow":["GET"]}}],"collection":[{"href":"https:\/\/gpl-love.com\/es\/wp-json\/wp\/v2\/product"}],"about":[{"href":"https:\/\/gpl-love.com\/es\/wp-json\/wp\/v2\/types\/product"}],"replies":[{"embeddable":true,"href":"https:\/\/gpl-love.com\/es\/wp-json\/wp\/v2\/comments?post=169831"}],"wp:featuredmedia":[{"embeddable":true,"href":"https:\/\/gpl-love.com\/es\/wp-json\/wp\/v2\/media\/169828"}],"wp:attachment":[{"href":"https:\/\/gpl-love.com\/es\/wp-json\/wp\/v2\/media?parent=169831"}],"wp:term":[{"taxonomy":"product_brand","embeddable":true,"href":"https:\/\/gpl-love.com\/es\/wp-json\/wp\/v2\/product_brand?post=169831"},{"taxonomy":"product_cat","embeddable":true,"href":"https:\/\/gpl-love.com\/es\/wp-json\/wp\/v2\/product_cat?post=169831"},{"taxonomy":"product_tag","embeddable":true,"href":"https:\/\/gpl-love.com\/es\/wp-json\/wp\/v2\/product_tag?post=169831"}],"curies":[{"name":"wp","href":"https:\/\/api.w.org\/{rel}","templated":true}]}}