{"id":169829,"date":"2025-06-17T00:00:00","date_gmt":"2025-06-17T05:00:00","guid":{"rendered":"https:\/\/gpl-love.com\/es\/producto\/divi-next-texts\/"},"modified":"2026-03-13T17:38:04","modified_gmt":"2026-03-13T22:38:04","slug":"divi-next-texts","status":"publish","type":"product","link":"https:\/\/gpl-love.com\/es\/producto\/divi-next-texts\/","title":{"rendered":"Qwery Multi-Purpose Business WordPress Theme 3.5.0"},"content":{"rendered":"<h3>Qwery Multi-Purpose Business WordPress Theme Caracteristicas<\/h3>\n<p>Descubre el tema multiusos Qwery para WordPress para empresas, la soluci\u00f3n definitiva para crear sitios web impactantes, dise\u00f1ados para peque\u00f1as empresas, startups y emprendedores. Perfectamente dise\u00f1ado para sitios web empresariales y corporativos, el tema Qwery para WordPress ofrece una versatilidad inigualable para profesionales creativos y agencias. Al ser un tema Qwery para empresas personalizable, se adapta a la perfecci\u00f3n a cualquier sitio web profesional, garantizando que tu presencia online sea tan \u00fanica como tu marca.<\/p>\n<p>El tema Qwery para sitios web empresariales no es un simple tema de WordPress; es una potente herramienta que permite a los emprendedores crear sitios web atractivos con facilidad. Tanto si est\u00e1s lanzando una startup como revitalizando una marca consolidada, el tema Qwery para WordPress para startups ofrece la combinaci\u00f3n perfecta de funcionalidad y estilo.<\/p>\n<ul>\n<li>Dise\u00f1o vers\u00e1til, ideal para diversos tipos de negocios<\/li>\n<li>Dise\u00f1o totalmente adaptable para una visualizaci\u00f3n \u00f3ptima en todos los dispositivos<\/li>\n<li>Plantillas personalizables para adaptarse a las necesidades \u00fanicas de la marca<\/li>\n<li>Integraci\u00f3n con plugins populares para una funcionalidad ampliada<\/li>\n<li>Estructura optimizada para SEO para mejorar la visibilidad en l\u00ednea<\/li>\n<li>Creador de p\u00e1ginas de arrastrar y soltar para una f\u00e1cil personalizaci\u00f3n del sitio<\/li>\n<li>M\u00faltiples opciones de encabezado y pie de p\u00e1gina para una apariencia personalizada<\/li>\n<li>Compatibilidad con WooCommerce para la integraci\u00f3n con comercio electr\u00f3nico<\/li>\n<li>Amplia documentaci\u00f3n y soporte para la asistencia al usuario<\/li>\n<li>Actualizaciones peri\u00f3dicas para garantizar la compatibilidad y la seguridad<\/li>\n<\/ul>\n","protected":false},"excerpt":{"rendered":"<p>Descubra el tema multiusos Qwery para WordPress para empresas, una soluci\u00f3n vers\u00e1til dise\u00f1ada para impulsar peque\u00f1as empresas, startups y sitios web corporativos. Perfectamente dise\u00f1ado para emprendedores y profesionales creativos, este tema Qwery personalizable para empresas ofrece una adaptabilidad perfecta para sitios web profesionales y agencias. Mejore el sitio web de su empresa con una interfaz intuitiva y funciones robustas, lo que convierte a Qwery en la opci\u00f3n ideal para quienes buscan innovaci\u00f3n y funcionalidad. Ya sea que est\u00e9 lanzando una startup o renovando un sitio web corporativo, Qwery ofrece un dise\u00f1o y un rendimiento excepcionales, asegurando que su presencia en l\u00ednea sea tan din\u00e1mica como su visi\u00f3n empresarial.<\/p>\n","protected":false},"featured_media":169776,"comment_status":"open","ping_status":"open","template":"","meta":[],"product_brand":[2337],"product_cat":[1307,1237,1238],"product_tag":[1391],"class_list":{"0":"post-169829","1":"product","2":"type-product","3":"status-publish","4":"has-post-thumbnail","6":"product_brand-themeforest","7":"product_cat-negocio-wordpress-temas","8":"product_cat-temas","9":"product_cat-wordpress-temas","10":"product_tag-themeforest","11":"member-discount","12":"discount-restricted","14":"first","15":"instock","16":"sale","17":"downloadable","18":"virtual","19":"sold-individually","20":"purchasable","21":"product-type-simple"},"_links":{"self":[{"href":"https:\/\/gpl-love.com\/es\/wp-json\/wp\/v2\/product\/169829","targetHints":{"allow":["GET"]}}],"collection":[{"href":"https:\/\/gpl-love.com\/es\/wp-json\/wp\/v2\/product"}],"about":[{"href":"https:\/\/gpl-love.com\/es\/wp-json\/wp\/v2\/types\/product"}],"replies":[{"embeddable":true,"href":"https:\/\/gpl-love.com\/es\/wp-json\/wp\/v2\/comments?post=169829"}],"wp:featuredmedia":[{"embeddable":true,"href":"https:\/\/gpl-love.com\/es\/wp-json\/wp\/v2\/media\/169776"}],"wp:attachment":[{"href":"https:\/\/gpl-love.com\/es\/wp-json\/wp\/v2\/media?parent=169829"}],"wp:term":[{"taxonomy":"product_brand","embeddable":true,"href":"https:\/\/gpl-love.com\/es\/wp-json\/wp\/v2\/product_brand?post=169829"},{"taxonomy":"product_cat","embeddable":true,"href":"https:\/\/gpl-love.com\/es\/wp-json\/wp\/v2\/product_cat?post=169829"},{"taxonomy":"product_tag","embeddable":true,"href":"https:\/\/gpl-love.com\/es\/wp-json\/wp\/v2\/product_tag?post=169829"}],"curies":[{"name":"wp","href":"https:\/\/api.w.org\/{rel}","templated":true}]}}