{"id":169827,"date":"2025-06-17T00:00:00","date_gmt":"2025-06-17T05:00:00","guid":{"rendered":"https:\/\/gpl-love.com\/es\/producto\/icelander-business-portfolio-theme\/"},"modified":"2026-03-09T08:53:13","modified_gmt":"2026-03-09T13:53:13","slug":"icelander-business-portfolio-theme","status":"publish","type":"product","link":"https:\/\/gpl-love.com\/es\/producto\/icelander-business-portfolio-theme\/","title":{"rendered":"GamiPress WooCommerce Discounts 1.1.9"},"content":{"rendered":"<h3>GamiPress WooCommerce Discounts Caracteristicas<\/h3>\n<p>Libera todo el potencial de tu tienda online con el plugin GamiPress WooCommerce Discounts. Esta potente herramienta se integra a la perfecci\u00f3n con WooCommerce, lo que permite a las empresas mejorar la interacci\u00f3n con sus clientes mediante descuentos gamificados. Con una configuraci\u00f3n intuitiva y un completo tutorial sobre GamiPress WooCommerce Discounts, empezar es facil\u00edsimo.<\/p>\n<p>Explora la amplia gama de funciones de GamiPress WooCommerce Discounts, dise\u00f1adas para impulsar las ventas y la fidelizaci\u00f3n de clientes. Las opciones de configuraci\u00f3n del plugin son sencillas, lo que facilita la personalizaci\u00f3n de los descuentos seg\u00fan tus necesidades. Aprende a usar GamiPress WooCommerce Discounts eficazmente con la gu\u00eda detallada y las mejores pr\u00e1cticas.<\/p>\n<p>\u00bfTe interesa saber los precios de GamiPress WooCommerce Discounts? Ofrece tarifas competitivas que se adaptan a cualquier presupuesto, garantizando que empresas de todos los tama\u00f1os se beneficien. Para quienes no conocen el plugin, la rese\u00f1a de GamiPress WooCommerce Discounts destaca su facilidad de uso y su robusta funcionalidad.<\/p>\n<ul>\n<li>Integraci\u00f3n perfecta con WooCommerce para una gesti\u00f3n sencilla de descuentos<\/li>\n<li>Aplica descuentos autom\u00e1ticamente seg\u00fan los logros y actividades del usuario<\/li>\n<li>Reglas de descuento flexibles adaptadas a distintos niveles de interacci\u00f3n del cliente<\/li>\n<li>Admite descuentos por porcentaje, importe fijo y env\u00edo gratuito<\/li>\n<li>Activadores personalizables para la activaci\u00f3n de descuentos<\/li>\n<li>Actualizaciones de descuentos en tiempo real que reflejan el progreso del usuario<\/li>\n<li>Compatible con m\u00faltiples complementos de GamiPress para una funcionalidad mejorada<\/li>\n<li>Interfaz intuitiva para gestionar y hacer seguimiento de descuentos<\/li>\n<li>Aumenta la fidelidad del cliente e incentiva la repetici\u00f3n de compras<\/li>\n<li>Informes y an\u00e1lisis detallados para supervisar el rendimiento de los descuentos<\/li>\n<\/ul>\n","protected":false},"excerpt":{"rendered":"<p>Aprovecha al m\u00e1ximo tu tienda online con el plugin GamiPress WooCommerce Discounts. Descubre una integraci\u00f3n perfecta y una configuraci\u00f3n sencilla con nuestra completa gu\u00eda de GamiPress WooCommerce Discounts. Aprende a usar GamiPress WooCommerce Discounts eficazmente con nuestro tutorial paso a paso y explora las mejores pr\u00e1cticas para maximizar las ventas. Descubre sus caracter\u00edsticas y ventajas \u00fanicas y lee rese\u00f1as detalladas de GamiPress WooCommerce Discounts para tomar una decisi\u00f3n informada. Tanto si est\u00e1s solucionando problemas, configurando tu tienda por primera vez o explorando opciones de precios, nuestro soporte te garantiza una experiencia fluida. \u00a1Transforma tu tienda con GamiPress WooCommerce Discounts hoy mismo!<\/p>\n","protected":false},"featured_media":169774,"comment_status":"open","ping_status":"open","template":"","meta":[],"product_brand":[2461],"product_cat":[1214,1206,1211],"product_tag":[2196],"class_list":{"0":"post-169827","1":"product","2":"type-product","3":"status-publish","4":"has-post-thumbnail","6":"product_brand-gami-press","7":"product_cat-personalizacion","8":"product_cat-plugins","9":"product_cat-wordpress-plugins","10":"product_tag-gami-press","11":"member-discount","12":"discount-restricted","14":"first","15":"instock","16":"sale","17":"downloadable","18":"virtual","19":"sold-individually","20":"purchasable","21":"product-type-simple"},"_links":{"self":[{"href":"https:\/\/gpl-love.com\/es\/wp-json\/wp\/v2\/product\/169827","targetHints":{"allow":["GET"]}}],"collection":[{"href":"https:\/\/gpl-love.com\/es\/wp-json\/wp\/v2\/product"}],"about":[{"href":"https:\/\/gpl-love.com\/es\/wp-json\/wp\/v2\/types\/product"}],"replies":[{"embeddable":true,"href":"https:\/\/gpl-love.com\/es\/wp-json\/wp\/v2\/comments?post=169827"}],"wp:featuredmedia":[{"embeddable":true,"href":"https:\/\/gpl-love.com\/es\/wp-json\/wp\/v2\/media\/169774"}],"wp:attachment":[{"href":"https:\/\/gpl-love.com\/es\/wp-json\/wp\/v2\/media?parent=169827"}],"wp:term":[{"taxonomy":"product_brand","embeddable":true,"href":"https:\/\/gpl-love.com\/es\/wp-json\/wp\/v2\/product_brand?post=169827"},{"taxonomy":"product_cat","embeddable":true,"href":"https:\/\/gpl-love.com\/es\/wp-json\/wp\/v2\/product_cat?post=169827"},{"taxonomy":"product_tag","embeddable":true,"href":"https:\/\/gpl-love.com\/es\/wp-json\/wp\/v2\/product_tag?post=169827"}],"curies":[{"name":"wp","href":"https:\/\/api.w.org\/{rel}","templated":true}]}}