{"id":169775,"date":"2025-06-16T00:00:00","date_gmt":"2025-06-16T05:00:00","guid":{"rendered":"https:\/\/gpl-love.com\/es\/?post_type=product&#038;p=169775"},"modified":"2026-03-09T08:53:12","modified_gmt":"2026-03-09T13:53:12","slug":"qwery-multi-purpose-business-wordpress-theme","status":"publish","type":"product","link":"https:\/\/gpl-love.com\/es\/producto\/qwery-multi-purpose-business-wordpress-theme\/","title":{"rendered":"GamiPress Badgr 1.1.6"},"content":{"rendered":"<h3>GamiPress Badgr Caracteristicas<\/h3>\n<p>Desbloquea todo el potencial de tu plataforma de aprendizaje electr\u00f3nico con la integraci\u00f3n perfecta de GamiPress Badgr. Mejora tu experiencia de usuario configurando f\u00e1cilmente esta potente herramienta. Descubre una gu\u00eda completa de GamiPress Badgr que te gu\u00eda paso a paso. Tanto si eres principiante como experto, el tutorial de GamiPress Badgr ofrece informaci\u00f3n valiosa y consejos para maximizar las capacidades de tu plataforma.<\/p>\n<p>Explora la amplia gama de funciones de GamiPress Badgr, dise\u00f1adas para mejorar la participaci\u00f3n y recompensar los logros. Con instrucciones detalladas para la configuraci\u00f3n de GamiPress Badgr, los usuarios pueden configurar r\u00e1pidamente sus sistemas para un rendimiento \u00f3ptimo. Las ventajas de GamiPress Badgr van m\u00e1s all\u00e1 de la simple integraci\u00f3n, ofreciendo una soluci\u00f3n robusta para las necesidades de gamificaci\u00f3n y acreditaci\u00f3n.<\/p>\n<ul>\n<li>Integraci\u00f3n perfecta con Badgr para la acreditaci\u00f3n digital<\/li>\n<li>Otorgamiento autom\u00e1tico de insignias seg\u00fan los logros del usuario<\/li>\n<li>Dise\u00f1os de insignias personalizables que se adaptan a la imagen de marca<\/li>\n<li>Seguimiento en tiempo real del progreso del usuario y del estado de las insignias<\/li>\n<li>Compatibilidad con diversas plataformas de aprendizaje electr\u00f3nico<\/li>\n<li>Informes y an\u00e1lisis avanzados para la participaci\u00f3n del usuario<\/li>\n<li>Compatibilidad con m\u00faltiples tipos y niveles de credenciales<\/li>\n<li>Interfaz f\u00e1cil de usar para administradores y usuarios<\/li>\n<li>API robusta para una mayor funcionalidad e integraciones<\/li>\n<li>Infraestructura segura y escalable para necesidades crecientes<\/li>\n<\/ul>\n","protected":false},"excerpt":{"rendered":"<p>Libere todo el potencial de su plataforma de aprendizaje electr\u00f3nico con la integraci\u00f3n de GamiPress Badgr. Esta configuraci\u00f3n optimizada optimiza su estrategia de gamificaci\u00f3n, ofreciendo un completo tutorial y gu\u00eda de GamiPress Badgr para agilizar el proceso. Descubra las innovadoras funciones y ventajas de GamiPress Badgr, incluyendo instrucciones detalladas y consejos de expertos para una configuraci\u00f3n \u00f3ptima. Garantice la compatibilidad entre plataformas y maximice la interacci\u00f3n del usuario con esta potente herramienta. Tanto si es nuevo en la gamificaci\u00f3n como si busca mejorar su sistema actual, la configuraci\u00f3n de GamiPress Badgr le ofrece todo lo necesario para el \u00e9xito, convirti\u00e9ndola en una herramienta imprescindible tanto para educadores como para empresas.<\/p>\n","protected":false},"featured_media":169772,"comment_status":"open","ping_status":"open","template":"","meta":[],"product_brand":[2461],"product_cat":[1214,1206,1211],"product_tag":[2196],"class_list":{"0":"post-169775","1":"product","2":"type-product","3":"status-publish","4":"has-post-thumbnail","6":"product_brand-gami-press","7":"product_cat-personalizacion","8":"product_cat-plugins","9":"product_cat-wordpress-plugins","10":"product_tag-gami-press","11":"member-discount","12":"discount-restricted","14":"first","15":"instock","16":"sale","17":"downloadable","18":"virtual","19":"sold-individually","20":"purchasable","21":"product-type-simple"},"_links":{"self":[{"href":"https:\/\/gpl-love.com\/es\/wp-json\/wp\/v2\/product\/169775","targetHints":{"allow":["GET"]}}],"collection":[{"href":"https:\/\/gpl-love.com\/es\/wp-json\/wp\/v2\/product"}],"about":[{"href":"https:\/\/gpl-love.com\/es\/wp-json\/wp\/v2\/types\/product"}],"replies":[{"embeddable":true,"href":"https:\/\/gpl-love.com\/es\/wp-json\/wp\/v2\/comments?post=169775"}],"wp:featuredmedia":[{"embeddable":true,"href":"https:\/\/gpl-love.com\/es\/wp-json\/wp\/v2\/media\/169772"}],"wp:attachment":[{"href":"https:\/\/gpl-love.com\/es\/wp-json\/wp\/v2\/media?parent=169775"}],"wp:term":[{"taxonomy":"product_brand","embeddable":true,"href":"https:\/\/gpl-love.com\/es\/wp-json\/wp\/v2\/product_brand?post=169775"},{"taxonomy":"product_cat","embeddable":true,"href":"https:\/\/gpl-love.com\/es\/wp-json\/wp\/v2\/product_cat?post=169775"},{"taxonomy":"product_tag","embeddable":true,"href":"https:\/\/gpl-love.com\/es\/wp-json\/wp\/v2\/product_tag?post=169775"}],"curies":[{"name":"wp","href":"https:\/\/api.w.org\/{rel}","templated":true}]}}