{"id":169773,"date":"2025-06-03T00:00:00","date_gmt":"2025-06-03T05:00:00","guid":{"rendered":"https:\/\/gpl-love.com\/es\/?post_type=product&#038;p=169773"},"modified":"2026-03-09T08:53:11","modified_gmt":"2026-03-09T13:53:11","slug":"gamipress-woocommerce-discounts","status":"publish","type":"product","link":"https:\/\/gpl-love.com\/es\/producto\/gamipress-woocommerce-discounts\/","title":{"rendered":"MainWP Time Tracker 5.1.1"},"content":{"rendered":"<h3>MainWP Time Tracker Caracteristicas<\/h3>\n<p>Descubre el poder de MainWP Time Tracker, el plugin definitivo para usuarios de WordPress. Esta herramienta optimiza la gesti\u00f3n de proyectos gracias a sus funciones intuitivas. Aprende a usar MainWP Time Tracker con tutoriales y gu\u00edas completos que simplifican la configuraci\u00f3n. Su integraci\u00f3n perfecta con WordPress garantiza una experiencia fluida, y su descarga es r\u00e1pida y sencilla.<\/p>\n<p>Explora los precios de MainWP Time Tracker para encontrar el plan que mejor se adapte a tus necesidades y lee las rese\u00f1as para descubrir por qu\u00e9 a los usuarios les encanta. Las ventajas de usar MainWP Time Tracker son numerosas, desde un seguimiento del tiempo eficiente hasta una mayor productividad. Para quienes no conocen el plugin, la configuraci\u00f3n de MainWP Time Tracker es sencilla, lo que te garantiza un inicio sin complicaciones.<\/p>\n<p>\u00bfBuscas las mejores pr\u00e1cticas para usar MainWP Time Tracker? Accede a asesoramiento y soporte de expertos para optimizar tu flujo de trabajo. Si est\u00e1s considerando opciones, explora las alternativas a MainWP Time Tracker para determinar la que mejor se adapte a tus proyectos. Con la gu\u00eda de MainWP Time Tracker, dominar esta herramienta nunca ha sido tan f\u00e1cil.<\/p>\n<ul>\n<li>Integraci\u00f3n perfecta con el panel de control de MainWP<\/li>\n<li>Seguimiento del tiempo en tiempo real para todos los proyectos de los clientes<\/li>\n<li>Funciones de informes personalizables<\/li>\n<li>Interfaz intuitiva para una navegaci\u00f3n sencilla<\/li>\n<li>Registro autom\u00e1tico del tiempo para minimizar la entrada manual<\/li>\n<li>Almacenamiento seguro de datos con copias de seguridad peri\u00f3dicas<\/li>\n<li>Compatibilidad con m\u00faltiples usuarios para la colaboraci\u00f3n en equipo<\/li>\n<li>An\u00e1lisis detallado de proyectos y tareas<\/li>\n<li>Alertas y notificaciones para una mejor gesti\u00f3n del tiempo<\/li>\n<li>Compatible con varios dispositivos para un seguimiento en cualquier lugar<\/li>\n<\/ul>\n","protected":false},"excerpt":{"rendered":"<p>Descubre el poder de MainWP Time Tracker, un plugin completo para WordPress dise\u00f1ado para optimizar tu flujo de trabajo. Supervisa f\u00e1cilmente tu productividad con las funciones de MainWP Time Tracker y explora opciones de precios flexibles que se ajustan a tu presupuesto. Navega por la configuraci\u00f3n f\u00e1cilmente con el tutorial y la gu\u00eda de MainWP Time Tracker, lo que garantiza una integraci\u00f3n perfecta. Lee las rese\u00f1as de MainWP Time Tracker para comprender su impacto y descubrir sus beneficios que mejoran la eficiencia. Tanto si buscas soporte para MainWP Time Tracker como si exploras alternativas, esta herramienta ofrece un control inigualable. Desc\u00e1rgalo ahora y domina el uso eficaz de MainWP Time Tracker.<\/p>\n","protected":false},"featured_media":169770,"comment_status":"open","ping_status":"open","template":"","meta":[],"product_brand":[2491],"product_cat":[1214,1206,1211],"product_tag":[1324],"class_list":{"0":"post-169773","1":"product","2":"type-product","3":"status-publish","4":"has-post-thumbnail","6":"product_brand-main-wp","7":"product_cat-personalizacion","8":"product_cat-plugins","9":"product_cat-wordpress-plugins","10":"product_tag-main-wp","11":"member-discount","12":"discount-restricted","14":"first","15":"instock","16":"sale","17":"downloadable","18":"virtual","19":"sold-individually","20":"purchasable","21":"product-type-simple"},"_links":{"self":[{"href":"https:\/\/gpl-love.com\/es\/wp-json\/wp\/v2\/product\/169773","targetHints":{"allow":["GET"]}}],"collection":[{"href":"https:\/\/gpl-love.com\/es\/wp-json\/wp\/v2\/product"}],"about":[{"href":"https:\/\/gpl-love.com\/es\/wp-json\/wp\/v2\/types\/product"}],"replies":[{"embeddable":true,"href":"https:\/\/gpl-love.com\/es\/wp-json\/wp\/v2\/comments?post=169773"}],"wp:featuredmedia":[{"embeddable":true,"href":"https:\/\/gpl-love.com\/es\/wp-json\/wp\/v2\/media\/169770"}],"wp:attachment":[{"href":"https:\/\/gpl-love.com\/es\/wp-json\/wp\/v2\/media?parent=169773"}],"wp:term":[{"taxonomy":"product_brand","embeddable":true,"href":"https:\/\/gpl-love.com\/es\/wp-json\/wp\/v2\/product_brand?post=169773"},{"taxonomy":"product_cat","embeddable":true,"href":"https:\/\/gpl-love.com\/es\/wp-json\/wp\/v2\/product_cat?post=169773"},{"taxonomy":"product_tag","embeddable":true,"href":"https:\/\/gpl-love.com\/es\/wp-json\/wp\/v2\/product_tag?post=169773"}],"curies":[{"name":"wp","href":"https:\/\/api.w.org\/{rel}","templated":true}]}}