{"id":169771,"date":"2025-11-30T00:00:00","date_gmt":"2025-11-30T05:00:00","guid":{"rendered":"https:\/\/gpl-love.com\/es\/?post_type=product&#038;p=169771"},"modified":"2026-03-09T08:53:10","modified_gmt":"2026-03-09T13:53:10","slug":"gamipress-badgr","status":"publish","type":"product","link":"https:\/\/gpl-love.com\/es\/producto\/gamipress-badgr\/","title":{"rendered":"WooCommerce Extra Fees para WooCommerce 7.7.0"},"content":{"rendered":"<h3>WooCommerce Extra Fees para WooCommerce Caracteristicas<\/h3>\n<p>Presentamos la soluci\u00f3n definitiva para gestionar los costes adicionales de tu tienda: el plugin WooCommerce Extra Fees. Esta vers\u00e1til herramienta est\u00e1 dise\u00f1ada para simplificar la gesti\u00f3n de comisiones, garantizando una experiencia de pago fluida tanto para ti como para tus clientes. Con el plugin WooCommerce Extra Fees, puedes a\u00f1adir y personalizar f\u00e1cilmente las comisiones para adaptarlas a cualquier transacci\u00f3n.<\/p>\n<p>Ya sea que necesites aplicar un recargo para pasarelas de pago espec\u00edficas o calcular costes adicionales seg\u00fan el total del carrito, la calculadora WooCommerce Extra Fees te ayuda. Configurar cargos adicionales es muy sencillo con la intuitiva funci\u00f3n WooCommerce Added Charges, que te permite adaptar las comisiones a las necesidades de tu negocio.<\/p>\n<p>Olv\u00eddate de los c\u00e1lculos complejos y dale la bienvenida al eficiente plugin WooCommerce Fee Management. Integra f\u00e1cilmente el plugin WooCommerce Checkout Fees para mejorar la funcionalidad de tu tienda y controlar con precisi\u00f3n las comisiones y los recargos por transacci\u00f3n.<\/p>\n<ul>\n<li>Se integra perfectamente con WooCommerce para la gesti\u00f3n de comisiones adicionales.<\/li>\n<li>Permite configurar comisiones condicionales seg\u00fan productos, categor\u00edas o totales del carrito.<\/li>\n<li>Admite comisiones porcentuales o de importe fijo.<\/li>\n<li>Permite personalizar las etiquetas de comisiones que se muestran a los clientes.<\/li>\n<li>Compatible con diversas pasarelas de pago y m\u00e9todos de env\u00edo.<\/li>\n<li>Permite a\u00f1adir comisiones para roles de usuario o grupos de clientes espec\u00edficos.<\/li>\n<li>Ofrece opciones para aplicar comisiones por art\u00edculo o por carrito.<\/li>\n<li>Incluye opciones para incluir o excluir impuestos en comisiones adicionales.<\/li>\n<li>Cuenta con una interfaz intuitiva para una f\u00e1cil configuraci\u00f3n.<\/li>\n<li>Ofrece soporte multiling\u00fce para tiendas internacionales.<\/li>\n<\/ul>\n","protected":false},"excerpt":{"rendered":"<p>Mejora el proceso de pago de tu tienda online con el plugin WooCommerce Extra Fees, dise\u00f1ado para agilizar la gesti\u00f3n de comisiones y optimizar los ingresos. Este potente plugin de recargos para WooCommerce te permite configurar f\u00e1cilmente cargos adicionales, garantizando la transparencia en las transacciones. Con la calculadora de cargos adicionales de WooCommerce, ajusta las comisiones de pago a pasarelas de pago espec\u00edficas para una experiencia de compra fluida. La intuitiva configuraci\u00f3n de cargos adicionales de WooCommerce simplifica la integraci\u00f3n de las comisiones por transacci\u00f3n, mientras que el plugin de gesti\u00f3n de comisiones de WooCommerce ofrece un control completo sobre todos los aspectos de los cargos adicionales. Mejora la eficiencia de tu tienda y la satisfacci\u00f3n del cliente con este plugin esencial de comisiones de pago para WooCommerce.<\/p>\n","protected":false},"featured_media":169768,"comment_status":"open","ping_status":"open","template":"","meta":[],"product_brand":[2344],"product_cat":[1207,1248,1206],"product_tag":[1423],"class_list":{"0":"post-169771","1":"product","2":"type-product","3":"status-publish","4":"has-post-thumbnail","6":"product_brand-woocommerce","7":"product_cat-comercio-electronico-plugins","8":"product_cat-personalizacion-comercio-electronico-plugins","9":"product_cat-plugins","10":"product_tag-woocommerce","11":"member-discount","12":"discount-restricted","14":"first","15":"instock","16":"sale","17":"downloadable","18":"virtual","19":"sold-individually","20":"purchasable","21":"product-type-simple"},"_links":{"self":[{"href":"https:\/\/gpl-love.com\/es\/wp-json\/wp\/v2\/product\/169771","targetHints":{"allow":["GET"]}}],"collection":[{"href":"https:\/\/gpl-love.com\/es\/wp-json\/wp\/v2\/product"}],"about":[{"href":"https:\/\/gpl-love.com\/es\/wp-json\/wp\/v2\/types\/product"}],"replies":[{"embeddable":true,"href":"https:\/\/gpl-love.com\/es\/wp-json\/wp\/v2\/comments?post=169771"}],"wp:featuredmedia":[{"embeddable":true,"href":"https:\/\/gpl-love.com\/es\/wp-json\/wp\/v2\/media\/169768"}],"wp:attachment":[{"href":"https:\/\/gpl-love.com\/es\/wp-json\/wp\/v2\/media?parent=169771"}],"wp:term":[{"taxonomy":"product_brand","embeddable":true,"href":"https:\/\/gpl-love.com\/es\/wp-json\/wp\/v2\/product_brand?post=169771"},{"taxonomy":"product_cat","embeddable":true,"href":"https:\/\/gpl-love.com\/es\/wp-json\/wp\/v2\/product_cat?post=169771"},{"taxonomy":"product_tag","embeddable":true,"href":"https:\/\/gpl-love.com\/es\/wp-json\/wp\/v2\/product_tag?post=169771"}],"curies":[{"name":"wp","href":"https:\/\/api.w.org\/{rel}","templated":true}]}}