{"id":169769,"date":"2025-11-02T00:00:00","date_gmt":"2025-11-02T05:00:00","guid":{"rendered":"https:\/\/gpl-love.com\/es\/producto\/mainwp-time-tracker\/"},"modified":"2026-03-09T08:53:08","modified_gmt":"2026-03-09T13:53:08","slug":"mainwp-time-tracker","status":"publish","type":"product","link":"https:\/\/gpl-love.com\/es\/producto\/mainwp-time-tracker\/","title":{"rendered":"Newsletter MemberPress 1.0.5"},"content":{"rendered":"<h3>Newsletter MemberPress Caracteristicas<\/h3>\n<p>Desbloquea todo el potencial de tus campa\u00f1as de email marketing con nuestra completa gu\u00eda de MemberPress para Newsletter. Tanto si est\u00e1s empezando como si buscas perfeccionar tus habilidades, este tutorial te ofrece informaci\u00f3n valiosa sobre las mejores pr\u00e1cticas para una integraci\u00f3n fluida con MemberPress para Newsletter. Descubre c\u00f3mo usar MemberPress eficazmente con nuestra gu\u00eda de configuraci\u00f3n paso a paso, dise\u00f1ada espec\u00edficamente para principiantes.<\/p>\n<p>Explora la amplia gama de funciones de MemberPress para Newsletter que pueden transformar tu estrategia de comunicaci\u00f3n. Desde secuencias de emails automatizadas hasta plantillas personalizables, descubre c\u00f3mo estas herramientas pueden optimizar tus estrategias de marketing. Nuestros expertos te ofrecen consejos pr\u00e1cticos para maximizar los beneficios de usar MemberPress para Newsletter, asegur\u00e1ndote de conectar con tu audiencia como nunca antes.<\/p>\n<p>Este tutorial de MemberPress para Newsletter te gu\u00eda a trav\u00e9s de todo el proceso, haci\u00e9ndolo f\u00e1cil de entender incluso para quienes son nuevos en la plataforma. Centrados en la creaci\u00f3n de valor, destacamos los beneficios clave de incorporar MemberPress a tu estrategia comercial. Empieza a aprovechar estas potentes herramientas y observa c\u00f3mo la interacci\u00f3n de tus suscriptores y tus tasas de conversi\u00f3n se disparan.<\/p>\n<ul>\n<li>Integraci\u00f3n perfecta con WordPress para una configuraci\u00f3n sencilla<\/li>\n<li>Gesti\u00f3n automatizada de suscripciones<\/li>\n<li>Compatible con m\u00faltiples niveles de membres\u00eda y planes de precios<\/li>\n<li>Formularios de registro e inicio de sesi\u00f3n personalizables<\/li>\n<li>Capacidad para la distribuci\u00f3n gradual de contenido para acceso programado<\/li>\n<li>Herramientas integrales de informes y an\u00e1lisis<\/li>\n<li>Compatible con los servicios de email marketing m\u00e1s populares<\/li>\n<li>Pasarelas de pago seguras para transacciones<\/li>\n<li>Notificaciones por correo electr\u00f3nico personalizables para suscriptores<\/li>\n<li>Control de acceso a contenido exclusivo para miembros<\/li>\n<\/ul>\n","protected":false},"excerpt":{"rendered":"<p>Aprovecha al m\u00e1ximo tus campa\u00f1as de email marketing con la gu\u00eda definitiva de Newsletter MemberPress. Descubre consejos esenciales y aprende a usarla eficientemente con nuestro completo tutorial. Integra Newsletter MemberPress sin problemas para optimizar las capacidades de tu plataforma. Explora las potentes funciones de Newsletter MemberPress y descubre los beneficios que impulsar\u00e1n tu estrategia de comunicaci\u00f3n. Tanto si eres nuevo en la plataforma como si buscas las mejores pr\u00e1cticas de Newsletter MemberPress, nuestra configuraci\u00f3n paso a paso te garantiza una experiencia fluida. Dise\u00f1ada para principiantes, esta gu\u00eda te ayuda a maximizar tu alcance de email marketing y a generar engagement sin esfuerzo.<\/p>\n","protected":false},"featured_media":169766,"comment_status":"open","ping_status":"open","template":"","meta":[],"product_brand":[2506],"product_cat":[1214,1206,1211],"product_tag":[2211],"class_list":{"0":"post-169769","1":"product","2":"type-product","3":"status-publish","4":"has-post-thumbnail","6":"product_brand-newsletter","7":"product_cat-personalizacion","8":"product_cat-plugins","9":"product_cat-wordpress-plugins","10":"product_tag-newsletter","11":"member-discount","12":"discount-restricted","14":"first","15":"instock","16":"sale","17":"downloadable","18":"virtual","19":"sold-individually","20":"purchasable","21":"product-type-simple"},"_links":{"self":[{"href":"https:\/\/gpl-love.com\/es\/wp-json\/wp\/v2\/product\/169769","targetHints":{"allow":["GET"]}}],"collection":[{"href":"https:\/\/gpl-love.com\/es\/wp-json\/wp\/v2\/product"}],"about":[{"href":"https:\/\/gpl-love.com\/es\/wp-json\/wp\/v2\/types\/product"}],"replies":[{"embeddable":true,"href":"https:\/\/gpl-love.com\/es\/wp-json\/wp\/v2\/comments?post=169769"}],"wp:featuredmedia":[{"embeddable":true,"href":"https:\/\/gpl-love.com\/es\/wp-json\/wp\/v2\/media\/169766"}],"wp:attachment":[{"href":"https:\/\/gpl-love.com\/es\/wp-json\/wp\/v2\/media?parent=169769"}],"wp:term":[{"taxonomy":"product_brand","embeddable":true,"href":"https:\/\/gpl-love.com\/es\/wp-json\/wp\/v2\/product_brand?post=169769"},{"taxonomy":"product_cat","embeddable":true,"href":"https:\/\/gpl-love.com\/es\/wp-json\/wp\/v2\/product_cat?post=169769"},{"taxonomy":"product_tag","embeddable":true,"href":"https:\/\/gpl-love.com\/es\/wp-json\/wp\/v2\/product_tag?post=169769"}],"curies":[{"name":"wp","href":"https:\/\/api.w.org\/{rel}","templated":true}]}}