{"id":169767,"date":"2026-02-26T00:00:00","date_gmt":"2026-02-26T05:00:00","guid":{"rendered":"https:\/\/gpl-love.com\/es\/producto\/woocommerce-extra-fees-for-woocommerce\/"},"modified":"2026-03-09T08:53:07","modified_gmt":"2026-03-09T13:53:07","slug":"woocommerce-extra-fees-for-woocommerce","status":"publish","type":"product","link":"https:\/\/gpl-love.com\/es\/producto\/woocommerce-extra-fees-for-woocommerce\/","title":{"rendered":"Newsletter PostMark Delivery 1.1.2"},"content":{"rendered":"<h3>Newsletter PostMark Delivery Caracteristicas<\/h3>\n<p>Transforma tu estrategia de email marketing con el plugin PostMark Delivery para WordPress. Dise\u00f1ado para una integraci\u00f3n perfecta, este plugin es revolucionario para los usuarios de WordPress que buscan optimizar el env\u00edo de newsletters. Descubre las principales ventajas de usar el plugin PostMark Delivery para WordPress, incluyendo un env\u00edo eficiente de emails y un rendimiento mejorado.<\/p>\n<p>Configurar el plugin PostMark Delivery para WordPress es sencillo gracias a la completa gu\u00eda de configuraci\u00f3n que te gu\u00eda paso a paso. Una vez instalado, explora las potentes funciones que lo hacen indispensable para tus newsletters. Desde las mejores pr\u00e1cticas para usar PostMark Delivery para WordPress hasta c\u00f3mo garantizar un env\u00edo eficaz de newsletters, esta herramienta lo cubre todo.<\/p>\n<p>Integrar el plugin PostMark Delivery para WordPress en tu sitio web es muy sencillo, permiti\u00e9ndote centrarte en crear contenido atractivo. Disfruta de las ventajas de optimizar el env\u00edo de newsletters con este plugin para WordPress, dise\u00f1ado espec\u00edficamente para el env\u00edo de emails de PostMark.<\/p>\n<ul>\n<li>Integraci\u00f3n perfecta con WordPress para una gesti\u00f3n sencilla de boletines informativos<\/li>\n<li>Programaci\u00f3n automatizada de entregas para optimizar los tiempos de env\u00edo de correos electr\u00f3nicos<\/li>\n<li>Plantillas de correo electr\u00f3nico personalizables para una imagen de marca uniforme<\/li>\n<li>Entrega en tiempo real y seguimiento de la tasa de apertura para obtener informaci\u00f3n sobre el rendimiento<\/li>\n<li>Segmentaci\u00f3n avanzada de suscriptores para mensajes dirigidos<\/li>\n<li>Gesti\u00f3n de datos conforme al RGPD para garantizar la privacidad y la seguridad<\/li>\n<li>Editor de arrastrar y soltar para un dise\u00f1o intuitivo de boletines informativos<\/li>\n<li>Panel de an\u00e1lisis integrado para generar informes completos<\/li>\n<li>Compatibilidad con los servicios de email marketing m\u00e1s populares<\/li>\n<li>Infraestructura de entrega fiable y segura con tecnolog\u00eda de PostMark<\/li>\n<\/ul>\n","protected":false},"excerpt":{"rendered":"<p>Revoluciona tu email marketing con el plugin de WordPress Postmark Delivery para Newsletter. Esta potente herramienta optimiza la entrega de newsletters, garantizando que tus mensajes lleguen a tu p\u00fablico con precisi\u00f3n. Descubre las ventajas de una integraci\u00f3n perfecta con WordPress, con una gu\u00eda de configuraci\u00f3n sencilla para una implementaci\u00f3n sin complicaciones. Descubre las mejores pr\u00e1cticas para optimizar tus newsletters y explora las funciones esenciales dise\u00f1adas para un env\u00edo eficaz. Con un enfoque en la optimizaci\u00f3n de la entrega de newsletters, este plugin es perfecto para usuarios de WordPress que buscan una entrega fiable de emails con sello postal. Optimiza tu estrategia de comunicaci\u00f3n integrando el plugin de WordPress Postmark Delivery y experimenta una eficiencia inigualable al conectar con tus suscriptores.<\/p>\n","protected":false},"featured_media":169764,"comment_status":"open","ping_status":"open","template":"","meta":[],"product_brand":[2506],"product_cat":[1214,1206,1211],"product_tag":[2211],"class_list":{"0":"post-169767","1":"product","2":"type-product","3":"status-publish","4":"has-post-thumbnail","6":"product_brand-newsletter","7":"product_cat-personalizacion","8":"product_cat-plugins","9":"product_cat-wordpress-plugins","10":"product_tag-newsletter","11":"member-discount","12":"discount-restricted","14":"first","15":"instock","16":"sale","17":"downloadable","18":"virtual","19":"sold-individually","20":"purchasable","21":"product-type-simple"},"_links":{"self":[{"href":"https:\/\/gpl-love.com\/es\/wp-json\/wp\/v2\/product\/169767","targetHints":{"allow":["GET"]}}],"collection":[{"href":"https:\/\/gpl-love.com\/es\/wp-json\/wp\/v2\/product"}],"about":[{"href":"https:\/\/gpl-love.com\/es\/wp-json\/wp\/v2\/types\/product"}],"replies":[{"embeddable":true,"href":"https:\/\/gpl-love.com\/es\/wp-json\/wp\/v2\/comments?post=169767"}],"wp:featuredmedia":[{"embeddable":true,"href":"https:\/\/gpl-love.com\/es\/wp-json\/wp\/v2\/media\/169764"}],"wp:attachment":[{"href":"https:\/\/gpl-love.com\/es\/wp-json\/wp\/v2\/media?parent=169767"}],"wp:term":[{"taxonomy":"product_brand","embeddable":true,"href":"https:\/\/gpl-love.com\/es\/wp-json\/wp\/v2\/product_brand?post=169767"},{"taxonomy":"product_cat","embeddable":true,"href":"https:\/\/gpl-love.com\/es\/wp-json\/wp\/v2\/product_cat?post=169767"},{"taxonomy":"product_tag","embeddable":true,"href":"https:\/\/gpl-love.com\/es\/wp-json\/wp\/v2\/product_tag?post=169767"}],"curies":[{"name":"wp","href":"https:\/\/api.w.org\/{rel}","templated":true}]}}