{"id":169765,"date":"2025-11-14T00:00:00","date_gmt":"2025-11-14T05:00:00","guid":{"rendered":"https:\/\/gpl-love.com\/es\/producto\/newsletter-memberpress\/"},"modified":"2026-03-09T08:53:06","modified_gmt":"2026-03-09T13:53:06","slug":"newsletter-memberpress","status":"publish","type":"product","link":"https:\/\/gpl-love.com\/es\/producto\/newsletter-memberpress\/","title":{"rendered":"PixelYourSite WooCommerce Smart Prices 2.1.0.2"},"content":{"rendered":"<h3>PixelYourSite WooCommerce Smart Prices Caracteristicas<\/h3>\n<p>Libera todo el potencial de tu tienda online con el plugin PixelYourSite WooCommerce Smart Prices. Esta innovadora herramienta ofrece diversas funciones dise\u00f1adas para optimizar tu estrategia de precios e impulsar las ventas. Descubre c\u00f3mo usar PixelYourSite WooCommerce Smart Prices para obtener una ventaja competitiva con precios din\u00e1micos adaptados a las necesidades de tu negocio.<\/p>\n<p>Las funciones de PixelYourSite WooCommerce Smart Prices incluyen ajustes de precios automatizados, an\u00e1lisis en tiempo real e integraci\u00f3n perfecta con tu tienda WooCommerce. Sum\u00e9rgete en las ventajas de PixelYourSite WooCommerce Smart Prices y observa c\u00f3mo tus tasas de conversi\u00f3n se disparan al implementar estrategias de precios inteligentes.<\/p>\n<p>Tanto si eres principiante como si eres un experto, el tutorial y la gu\u00eda de PixelYourSite WooCommerce Smart Prices te ofrecen una gu\u00eda completa de su configuraci\u00f3n y funcionalidad. \u00bfBuscas informaci\u00f3n? Consulta una rese\u00f1a de PixelYourSite WooCommerce Smart Prices para ver c\u00f3mo otros usuarios han optimizado sus tiendas.<\/p>\n<ul>\n<li>Ajustes din\u00e1micos de precios para productos WooCommerce<\/li>\n<li>Interfaz intuitiva para una configuraci\u00f3n y gesti\u00f3n sencillas<\/li>\n<li>Compatibilidad con temas y plugins populares de WooCommerce<\/li>\n<li>Actualizaciones de precios en tiempo real basadas en el comportamiento del cliente<\/li>\n<li>Opciones avanzadas de segmentaci\u00f3n para estrategias de precios personalizadas<\/li>\n<li>Descuentos automatizados y funciones de precios promocionales<\/li>\n<li>Herramientas integrales de informes y an\u00e1lisis<\/li>\n<li>Integraci\u00f3n perfecta con las estructuras de precios existentes de WooCommerce<\/li>\n<li>Compatibilidad con cambios de precios masivos y programaci\u00f3n<\/li>\n<li>Compatibilidad multiling\u00fce y multidivisa para un alcance global<\/li>\n<\/ul>\n","protected":false},"excerpt":{"rendered":"<p>Experimenta el futuro del comercio electr\u00f3nico con el plugin PixelYourSite WooCommerce Smart Prices. Esta innovadora herramienta transforma las estrategias de precios, ofreciendo funciones din\u00e1micas que impulsan las ventas y mejoran la experiencia del cliente. Aprende a usar PixelYourSite WooCommerce Smart Prices con nuestro completo tutorial, que te guiar\u00e1 a trav\u00e9s de una configuraci\u00f3n y optimizaci\u00f3n sencillas. Descubre las ventajas, desde un aumento de conversiones hasta una gesti\u00f3n simplificada, en nuestra rese\u00f1a detallada de PixelYourSite WooCommerce Smart Prices. Desbloquea todo su potencial con consejos de expertos y explora una gu\u00eda detallada dise\u00f1ada para optimizar el rendimiento de tu tienda. Adopta precios inteligentes con PixelYourSite WooCommerce Smart Prices y mantente a la vanguardia en el mercado competitivo.<\/p>\n","protected":false},"featured_media":169762,"comment_status":"open","ping_status":"open","template":"","meta":[],"product_brand":[2531],"product_cat":[1207,1225,1206],"product_tag":[1352],"class_list":{"0":"post-169765","1":"product","2":"type-product","3":"status-publish","4":"has-post-thumbnail","6":"product_brand-pixelyoursite","7":"product_cat-comercio-electronico-plugins","8":"product_cat-marketing","9":"product_cat-plugins","10":"product_tag-pixelyoursite","11":"member-discount","12":"discount-restricted","14":"first","15":"instock","16":"sale","17":"downloadable","18":"virtual","19":"sold-individually","20":"purchasable","21":"product-type-simple"},"_links":{"self":[{"href":"https:\/\/gpl-love.com\/es\/wp-json\/wp\/v2\/product\/169765","targetHints":{"allow":["GET"]}}],"collection":[{"href":"https:\/\/gpl-love.com\/es\/wp-json\/wp\/v2\/product"}],"about":[{"href":"https:\/\/gpl-love.com\/es\/wp-json\/wp\/v2\/types\/product"}],"replies":[{"embeddable":true,"href":"https:\/\/gpl-love.com\/es\/wp-json\/wp\/v2\/comments?post=169765"}],"wp:featuredmedia":[{"embeddable":true,"href":"https:\/\/gpl-love.com\/es\/wp-json\/wp\/v2\/media\/169762"}],"wp:attachment":[{"href":"https:\/\/gpl-love.com\/es\/wp-json\/wp\/v2\/media?parent=169765"}],"wp:term":[{"taxonomy":"product_brand","embeddable":true,"href":"https:\/\/gpl-love.com\/es\/wp-json\/wp\/v2\/product_brand?post=169765"},{"taxonomy":"product_cat","embeddable":true,"href":"https:\/\/gpl-love.com\/es\/wp-json\/wp\/v2\/product_cat?post=169765"},{"taxonomy":"product_tag","embeddable":true,"href":"https:\/\/gpl-love.com\/es\/wp-json\/wp\/v2\/product_tag?post=169765"}],"curies":[{"name":"wp","href":"https:\/\/api.w.org\/{rel}","templated":true}]}}