{"id":169761,"date":"2026-04-07T00:00:00","date_gmt":"2026-04-07T05:00:00","guid":{"rendered":"https:\/\/gpl-love.com\/es\/producto\/pixelyoursite-woocommerce-smart-prices\/"},"modified":"2026-04-07T17:16:58","modified_gmt":"2026-04-07T22:16:58","slug":"pixelyoursite-woocommerce-smart-prices","status":"publish","type":"product","link":"https:\/\/gpl-love.com\/es\/producto\/pixelyoursite-woocommerce-smart-prices\/","title":{"rendered":"Bacola 1.6.1"},"content":{"rendered":"<h3>Bacola Caracteristicas<\/h3>\n<p>Presentamos el tema Bacola para WordPress, la soluci\u00f3n definitiva para crear una tienda online espectacular. Con sus impresionantes funciones, ofrece una experiencia de usuario fluida, lo que lo convierte en la mejor opci\u00f3n para sitios web de comercio electr\u00f3nico. Explora la demo del tema Bacola para explorar su dise\u00f1o intuitivo y sus funcionalidades, que se adaptan a todas las necesidades de tu negocio.<\/p>\n<p>Personalizar tu sitio es facil\u00edsimo. Tanto si eres principiante como experto, el tutorial te ofrece una gu\u00eda paso a paso para personalizarlo f\u00e1cilmente. Mantente al d\u00eda con las actualizaciones peri\u00f3dicas del tema Bacola para garantizar que tu sitio web se mantenga actualizado y seguro.<\/p>\n<p>La instalaci\u00f3n del tema Bacola para WordPress es sencilla. Simplemente sigue la documentaci\u00f3n del tema Bacola para una configuraci\u00f3n sin complicaciones. Si tienes alguna pregunta, el equipo de soporte de Bacola para WordPress est\u00e1 listo para ayudarte y ofrecerte soluciones fiables para cualquier problema.<\/p>\n<ul>\n<li>Dise\u00f1o responsivo para una visualizaci\u00f3n \u00f3ptima en todos los dispositivos<\/li>\n<li>Dise\u00f1os personalizables para adaptarse a diversas necesidades comerciales<\/li>\n<li>Integraci\u00f3n perfecta con plugins populares<\/li>\n<li>Funciones de optimizaci\u00f3n SEO integradas<\/li>\n<li>Creador de p\u00e1ginas de arrastrar y soltar para una f\u00e1cil personalizaci\u00f3n<\/li>\n<li>M\u00faltiples plantillas predise\u00f1adas para una configuraci\u00f3n r\u00e1pida<\/li>\n<li>Compatibilidad con WooCommerce para la funcionalidad de la tienda en l\u00ednea<\/li>\n<li>Actualizaciones peri\u00f3dicas para una mayor seguridad y rendimiento<\/li>\n<li>Multiling\u00fce y preparado para traducci\u00f3n para un alcance global<\/li>\n<\/ul>\n","protected":false},"excerpt":{"rendered":"<p>Descubre el tema Bacola para WordPress, una soluci\u00f3n vers\u00e1til dise\u00f1ada para impulsar tu tienda online. Con opciones de personalizaci\u00f3n optimizadas, se adapta a tu marca \u00fanica sin esfuerzo. Tanto si buscas una rese\u00f1a completa como si necesitas ayuda con un tutorial, encontrar\u00e1s muchos recursos. Experimenta la sencilla instalaci\u00f3n y explora la demo interactiva para descubrir su potencial. Mantente al d\u00eda con las actualizaciones peri\u00f3dicas y conf\u00eda en nuestro soporte t\u00e9cnico para cualquier consulta. Accede a la documentaci\u00f3n detallada para maximizar sus funciones y transformar tu presencia en el comercio electr\u00f3nico hoy mismo.<\/p>\n","protected":false},"featured_media":169758,"comment_status":"open","ping_status":"open","template":"","meta":[],"product_brand":[2337],"product_cat":[1307,1237,1238],"product_tag":[1391],"class_list":{"0":"post-169761","1":"product","2":"type-product","3":"status-publish","4":"has-post-thumbnail","6":"product_brand-themeforest","7":"product_cat-negocio-wordpress-temas","8":"product_cat-temas","9":"product_cat-wordpress-temas","10":"product_tag-themeforest","11":"member-discount","12":"discount-restricted","14":"first","15":"instock","16":"sale","17":"downloadable","18":"virtual","19":"sold-individually","20":"purchasable","21":"product-type-simple"},"_links":{"self":[{"href":"https:\/\/gpl-love.com\/es\/wp-json\/wp\/v2\/product\/169761","targetHints":{"allow":["GET"]}}],"collection":[{"href":"https:\/\/gpl-love.com\/es\/wp-json\/wp\/v2\/product"}],"about":[{"href":"https:\/\/gpl-love.com\/es\/wp-json\/wp\/v2\/types\/product"}],"replies":[{"embeddable":true,"href":"https:\/\/gpl-love.com\/es\/wp-json\/wp\/v2\/comments?post=169761"}],"wp:featuredmedia":[{"embeddable":true,"href":"https:\/\/gpl-love.com\/es\/wp-json\/wp\/v2\/media\/169758"}],"wp:attachment":[{"href":"https:\/\/gpl-love.com\/es\/wp-json\/wp\/v2\/media?parent=169761"}],"wp:term":[{"taxonomy":"product_brand","embeddable":true,"href":"https:\/\/gpl-love.com\/es\/wp-json\/wp\/v2\/product_brand?post=169761"},{"taxonomy":"product_cat","embeddable":true,"href":"https:\/\/gpl-love.com\/es\/wp-json\/wp\/v2\/product_cat?post=169761"},{"taxonomy":"product_tag","embeddable":true,"href":"https:\/\/gpl-love.com\/es\/wp-json\/wp\/v2\/product_tag?post=169761"}],"curies":[{"name":"wp","href":"https:\/\/api.w.org\/{rel}","templated":true}]}}