{"id":169753,"date":"2025-06-05T00:00:00","date_gmt":"2025-06-05T05:00:00","guid":{"rendered":"https:\/\/gpl-love.com\/es\/producto\/popup-maker\/"},"modified":"2026-03-09T08:52:59","modified_gmt":"2026-03-09T13:52:59","slug":"popup-maker","status":"publish","type":"product","link":"https:\/\/gpl-love.com\/es\/producto\/popup-maker\/","title":{"rendered":"FacetWP Custom Hooks 1.0"},"content":{"rendered":"<h3>FacetWP Custom Hooks Caracteristicas<\/h3>\n<p>Libera todo el potencial de tu sitio web con nuestro completo tutorial sobre ganchos personalizados de FacetWP. Descubre c\u00f3mo usar los ganchos personalizados de FacetWP para mejorar la funcionalidad y la experiencia de usuario de tu sitio. Esta atractiva gu\u00eda ofrece instrucciones paso a paso, accesible incluso para quienes se inician en el desarrollo.<\/p>\n<p>Explora varios ejemplos de ganchos personalizados de FacetWP que ilustran aplicaciones pr\u00e1cticas y te permiten ver estas potentes herramientas en acci\u00f3n. Para los desarrolladores que buscan integrar los ganchos personalizados de FacetWP a la perfecci\u00f3n, este tutorial es un recurso invaluable que detalla las mejores pr\u00e1cticas y consejos de expertos para garantizar una implementaci\u00f3n fluida.<\/p>\n<p>Ya sea que busques una gu\u00eda sobre ganchos personalizados de FacetWP para navegar por integraciones complejas o necesites consejos para optimizar el rendimiento, este recurso lo cubre todo. El tutorial est\u00e1 dise\u00f1ado para ser una soluci\u00f3n integral para quienes deseen dominar los ganchos personalizados de FacetWP, proporcionando informaci\u00f3n sobre t\u00e9cnicas avanzadas y errores comunes que debes evitar.<\/p>\n<ul>\n<li>Integraci\u00f3n perfecta con WordPress<\/li>\n<li>Opciones flexibles de personalizaci\u00f3n<\/li>\n<li>Filtros mejorados<\/li>\n<li>Sistema de enlaces f\u00e1cil de usar para desarrolladores<\/li>\n<li>Optimizado para un rendimiento y una velocidad \u00f3ptimos<\/li>\n<li>Compatible con diversas fuentes de datos<\/li>\n<li>Compatible con temas y plugins populares<\/li>\n<li>Interfaz intuitiva para un uso sencillo<\/li>\n<\/ul>\n","protected":false},"excerpt":{"rendered":"<p>Desbloquea todo el potencial de tu sitio WordPress con nuestra completa Gu\u00eda de Hooks Personalizados de FacetWP. Ideal para desarrolladores que buscan mejorar la funcionalidad, este tutorial paso a paso abarca todo, desde la integraci\u00f3n hasta la implementaci\u00f3n. Descubre las mejores pr\u00e1cticas y ejemplos \u00fatiles para dominar el uso eficaz de los hooks personalizados de FacetWP. Con consejos personalizados y asesoramiento de expertos, integrar\u00e1s estos hooks sin problemas en tus proyectos, optimizando el rendimiento de tu sitio. Tanto si buscas perfeccionar tus habilidades como explorar nuevas posibilidades, nuestro recurso es tu mejor opci\u00f3n para encontrar soluciones innovadoras de hooks personalizados de FacetWP.<\/p>\n","protected":false},"featured_media":168876,"comment_status":"open","ping_status":"open","template":"","meta":[],"product_brand":[2447],"product_cat":[1214,1206,1211],"product_tag":[1507],"class_list":{"0":"post-169753","1":"product","2":"type-product","3":"status-publish","4":"has-post-thumbnail","6":"product_brand-facetwp","7":"product_cat-personalizacion","8":"product_cat-plugins","9":"product_cat-wordpress-plugins","10":"product_tag-facetwp","11":"member-discount","12":"discount-restricted","14":"first","15":"instock","16":"sale","17":"downloadable","18":"virtual","19":"sold-individually","20":"purchasable","21":"product-type-simple"},"_links":{"self":[{"href":"https:\/\/gpl-love.com\/es\/wp-json\/wp\/v2\/product\/169753","targetHints":{"allow":["GET"]}}],"collection":[{"href":"https:\/\/gpl-love.com\/es\/wp-json\/wp\/v2\/product"}],"about":[{"href":"https:\/\/gpl-love.com\/es\/wp-json\/wp\/v2\/types\/product"}],"replies":[{"embeddable":true,"href":"https:\/\/gpl-love.com\/es\/wp-json\/wp\/v2\/comments?post=169753"}],"wp:featuredmedia":[{"embeddable":true,"href":"https:\/\/gpl-love.com\/es\/wp-json\/wp\/v2\/media\/168876"}],"wp:attachment":[{"href":"https:\/\/gpl-love.com\/es\/wp-json\/wp\/v2\/media?parent=169753"}],"wp:term":[{"taxonomy":"product_brand","embeddable":true,"href":"https:\/\/gpl-love.com\/es\/wp-json\/wp\/v2\/product_brand?post=169753"},{"taxonomy":"product_cat","embeddable":true,"href":"https:\/\/gpl-love.com\/es\/wp-json\/wp\/v2\/product_cat?post=169753"},{"taxonomy":"product_tag","embeddable":true,"href":"https:\/\/gpl-love.com\/es\/wp-json\/wp\/v2\/product_tag?post=169753"}],"curies":[{"name":"wp","href":"https:\/\/api.w.org\/{rel}","templated":true}]}}