{"id":169699,"date":"2026-03-25T00:00:00","date_gmt":"2026-03-25T05:00:00","guid":{"rendered":"https:\/\/gpl-love.com\/es\/?post_type=product&#038;p=169699"},"modified":"2026-03-25T17:17:18","modified_gmt":"2026-03-25T22:17:18","slug":"facetwp-bricks-builder","status":"publish","type":"product","link":"https:\/\/gpl-love.com\/es\/producto\/facetwp-bricks-builder\/","title":{"rendered":"FacetWP Flyout 0.8.4"},"content":{"rendered":"<h3>FacetWP Flyout Caracteristicas<\/h3>\n<p>Libera todo el potencial de tu sitio web con el plugin FacetWP Flyout. Esta completa gu\u00eda de FacetWP Flyout te guiar\u00e1 paso a paso en la configuraci\u00f3n e instalaci\u00f3n. Descubre las potentes funciones de FacetWP Flyout que hacen de esta herramienta una herramienta indispensable para mejorar la experiencia del usuario y aumentar la interacci\u00f3n.<\/p>\n<p>Descubre las mejores pr\u00e1cticas y consejos SEO de FacetWP Flyout para maximizar la visibilidad y el rendimiento de tu sitio web. Tanto si eres nuevo como si tienes experiencia, el tutorial de FacetWP Flyout ofrece instrucciones claras y concisas para una integraci\u00f3n perfecta. Explora las opciones de personalizaci\u00f3n de FacetWP Flyout para adaptar el plugin a tus necesidades.<\/p>\n<p>\u00bfTe interesa saber c\u00f3mo lo usan otros? Consulta ejemplos de FacetWP Flyout y obt\u00e9n informaci\u00f3n valiosa de an\u00e1lisis detallados. \u00bfTienes problemas? La secci\u00f3n de resoluci\u00f3n de problemas de FacetWP Flyout ofrece soluciones a problemas comunes, garantizando un funcionamiento sin problemas.<\/p>\n<ul>\n<li>Integraci\u00f3n perfecta con WordPress para una funcionalidad mejorada<\/li>\n<li>Interfaz intuitiva para una navegaci\u00f3n sencilla<\/li>\n<li>Dise\u00f1o de men\u00fa desplegable personalizable que se adapta a cualquier tema web<\/li>\n<li>Optimizado para una mayor velocidad y tiempos de carga r\u00e1pidos<\/li>\n<li>Dise\u00f1o responsivo compatible con dispositivos de todos los tama\u00f1os<\/li>\n<li>Opciones de filtrado avanzadas para mejorar la precisi\u00f3n de la b\u00fasqueda<\/li>\n<li>Interacciones con tecnolog\u00eda AJAX para una experiencia de usuario fluida<\/li>\n<li>F\u00e1cil de usar para desarrolladores con amplios ganchos y filtros<\/li>\n<li>Compatible con temas y plugins populares<\/li>\n<\/ul>\n","protected":false},"excerpt":{"rendered":"<p>Descubre el poder del plugin FacetWP Flyout, dise\u00f1ado para mejorar la funcionalidad de tu sitio web f\u00e1cilmente. Tanto si buscas un tutorial completo de FacetWP Flyout como si necesitas ayuda para su configuraci\u00f3n e instalaci\u00f3n, esta herramienta ofrece una integraci\u00f3n perfecta. Explora sus excelentes funciones y opciones de personalizaci\u00f3n en nuestra detallada gu\u00eda de FacetWP Flyout. Aprovecha las mejores pr\u00e1cticas y consejos de SEO para optimizar el rendimiento, mientras que nuestros consejos para la resoluci\u00f3n de problemas garantizan un funcionamiento sin problemas. Sum\u00e9rgete en casos de uso y ejemplos reales para ver FacetWP Flyout en acci\u00f3n y mejora la experiencia de usuario de tu sitio web sin esfuerzo. Transforma tu sitio web hoy mismo con esta herramienta esencial.<\/p>\n","protected":false},"featured_media":169697,"comment_status":"open","ping_status":"open","template":"","meta":[],"product_brand":[2447],"product_cat":[1214,1206,1211],"product_tag":[1507],"class_list":{"0":"post-169699","1":"product","2":"type-product","3":"status-publish","4":"has-post-thumbnail","6":"product_brand-facetwp","7":"product_cat-personalizacion","8":"product_cat-plugins","9":"product_cat-wordpress-plugins","10":"product_tag-facetwp","11":"member-discount","12":"discount-restricted","14":"first","15":"instock","16":"sale","17":"downloadable","18":"virtual","19":"sold-individually","20":"purchasable","21":"product-type-simple"},"_links":{"self":[{"href":"https:\/\/gpl-love.com\/es\/wp-json\/wp\/v2\/product\/169699","targetHints":{"allow":["GET"]}}],"collection":[{"href":"https:\/\/gpl-love.com\/es\/wp-json\/wp\/v2\/product"}],"about":[{"href":"https:\/\/gpl-love.com\/es\/wp-json\/wp\/v2\/types\/product"}],"replies":[{"embeddable":true,"href":"https:\/\/gpl-love.com\/es\/wp-json\/wp\/v2\/comments?post=169699"}],"wp:featuredmedia":[{"embeddable":true,"href":"https:\/\/gpl-love.com\/es\/wp-json\/wp\/v2\/media\/169697"}],"wp:attachment":[{"href":"https:\/\/gpl-love.com\/es\/wp-json\/wp\/v2\/media?parent=169699"}],"wp:term":[{"taxonomy":"product_brand","embeddable":true,"href":"https:\/\/gpl-love.com\/es\/wp-json\/wp\/v2\/product_brand?post=169699"},{"taxonomy":"product_cat","embeddable":true,"href":"https:\/\/gpl-love.com\/es\/wp-json\/wp\/v2\/product_cat?post=169699"},{"taxonomy":"product_tag","embeddable":true,"href":"https:\/\/gpl-love.com\/es\/wp-json\/wp\/v2\/product_tag?post=169699"}],"curies":[{"name":"wp","href":"https:\/\/api.w.org\/{rel}","templated":true}]}}