{"id":169698,"date":"2025-06-03T00:00:00","date_gmt":"2025-06-03T05:00:00","guid":{"rendered":"https:\/\/gpl-love.com\/es\/?post_type=product&#038;p=169698"},"modified":"2026-03-09T08:52:57","modified_gmt":"2026-03-09T13:52:57","slug":"facetwp-custom-hooks","status":"publish","type":"product","link":"https:\/\/gpl-love.com\/es\/producto\/facetwp-custom-hooks\/","title":{"rendered":"FacetWP Load More 0.5"},"content":{"rendered":"<h3>FacetWP Load More Caracteristicas<\/h3>\n<p>Descubre el poder del plugin FacetWP Load More, dise\u00f1ado para mejorar el rendimiento de tu sitio web con una carga de contenido fluida. Tanto si eres nuevo en la herramienta como si buscas consejos avanzados, nuestra gu\u00eda y tutorial de configuraci\u00f3n de FacetWP Load More te guiar\u00e1n paso a paso. Descubre c\u00f3mo usar FacetWP Load More para mejorar la experiencia del usuario integr\u00e1ndolo f\u00e1cilmente en tu sitio.<\/p>\n<p>Echa un vistazo a un ejemplo de FacetWP Load More para ver sus funciones en acci\u00f3n. Con una excelente compatibilidad, funciona a la perfecci\u00f3n con diversos temas y plugins, lo que garantiza una experiencia sin complicaciones. \u00bfNecesitas ayuda? El soporte de FacetWP Load More est\u00e1 aqu\u00ed para ayudarte con cualquier pregunta o inquietud.<\/p>\n<p>Optimiza tu configuraci\u00f3n con los consejos de configuraci\u00f3n y las mejores pr\u00e1cticas de FacetWP Load More para que saques el m\u00e1ximo provecho de tu plugin. Mantente a la vanguardia con las actualizaciones de FacetWP Load More, que ofrecen nuevas funciones y mejoras para que tu sitio web funcione eficientemente.<\/p>\n<ul>\n<li>Integraci\u00f3n perfecta con FacetWP para una experiencia de usuario mejorada<\/li>\n<li>Funcionalidad con tecnolog\u00eda Ajax para una carga de contenido fluida<\/li>\n<li>Dise\u00f1o de botones personalizable que se adapta a la est\u00e9tica del sitio<\/li>\n<li>Compatible con varios temas y plugins<\/li>\n<li>Admite opciones de desplazamiento infinito<\/li>\n<li>Ligero y optimizado para un rendimiento \u00f3ptimo<\/li>\n<li>F\u00e1cil configuraci\u00f3n con opciones de configuraci\u00f3n sencillas<\/li>\n<li>Adaptado a dispositivos m\u00f3viles para su uso en todos los dispositivos<\/li>\n<li>Compatible con ganchos y filtros para desarrolladores<\/li>\n<li>Aumenta la interacci\u00f3n del usuario al reducir las recargas de la p\u00e1gina<\/li>\n<\/ul>\n","protected":false},"excerpt":{"rendered":"<p>Disfruta de una navegaci\u00f3n fluida con el plugin FacetWP Load More, dise\u00f1ado para optimizar el rendimiento de tu sitio web. Descubre c\u00f3mo usar FacetWP Load More con nuestro completo tutorial y gu\u00eda de configuraci\u00f3n, que ofrece consejos claros de configuraci\u00f3n y buenas pr\u00e1cticas. Experimenta la integraci\u00f3n y compatibilidad fluidas de FacetWP Load More con tus sistemas actuales, con el respaldo de un soporte confiable. Explora ejemplos reales de FacetWP Load More y mantente al d\u00eda con las \u00faltimas mejoras de rendimiento. La resoluci\u00f3n de problemas es sencilla, lo que garantiza que tu sitio web funcione a la perfecci\u00f3n. Optimiza la funcionalidad de tu sitio web con esta herramienta esencial, optimizando la interacci\u00f3n y la satisfacci\u00f3n del usuario sin esfuerzo.<\/p>\n","protected":false},"featured_media":169695,"comment_status":"open","ping_status":"open","template":"","meta":[],"product_brand":[2447],"product_cat":[1214,1206,1211],"product_tag":[1507],"class_list":{"0":"post-169698","1":"product","2":"type-product","3":"status-publish","4":"has-post-thumbnail","6":"product_brand-facetwp","7":"product_cat-personalizacion","8":"product_cat-plugins","9":"product_cat-wordpress-plugins","10":"product_tag-facetwp","11":"member-discount","12":"discount-restricted","14":"first","15":"instock","16":"sale","17":"downloadable","18":"virtual","19":"sold-individually","20":"purchasable","21":"product-type-simple"},"_links":{"self":[{"href":"https:\/\/gpl-love.com\/es\/wp-json\/wp\/v2\/product\/169698","targetHints":{"allow":["GET"]}}],"collection":[{"href":"https:\/\/gpl-love.com\/es\/wp-json\/wp\/v2\/product"}],"about":[{"href":"https:\/\/gpl-love.com\/es\/wp-json\/wp\/v2\/types\/product"}],"replies":[{"embeddable":true,"href":"https:\/\/gpl-love.com\/es\/wp-json\/wp\/v2\/comments?post=169698"}],"wp:featuredmedia":[{"embeddable":true,"href":"https:\/\/gpl-love.com\/es\/wp-json\/wp\/v2\/media\/169695"}],"wp:attachment":[{"href":"https:\/\/gpl-love.com\/es\/wp-json\/wp\/v2\/media?parent=169698"}],"wp:term":[{"taxonomy":"product_brand","embeddable":true,"href":"https:\/\/gpl-love.com\/es\/wp-json\/wp\/v2\/product_brand?post=169698"},{"taxonomy":"product_cat","embeddable":true,"href":"https:\/\/gpl-love.com\/es\/wp-json\/wp\/v2\/product_cat?post=169698"},{"taxonomy":"product_tag","embeddable":true,"href":"https:\/\/gpl-love.com\/es\/wp-json\/wp\/v2\/product_tag?post=169698"}],"curies":[{"name":"wp","href":"https:\/\/api.w.org\/{rel}","templated":true}]}}