{"id":169696,"date":"2025-06-02T00:00:00","date_gmt":"2025-06-02T05:00:00","guid":{"rendered":"https:\/\/gpl-love.com\/es\/?post_type=product&#038;p=169696"},"modified":"2026-03-09T08:52:56","modified_gmt":"2026-03-09T13:52:56","slug":"facetwp-flyout","status":"publish","type":"product","link":"https:\/\/gpl-love.com\/es\/producto\/facetwp-flyout\/","title":{"rendered":"FacetWP Polylang 1.2.2"},"content":{"rendered":"<h3>FacetWP Polylang Caracteristicas<\/h3>\n<p>Libera todo el potencial de tu sitio multiling\u00fce de WordPress con la integraci\u00f3n de FacetWP Polylang. Esta sencilla gu\u00eda de configuraci\u00f3n te gu\u00eda paso a paso, garantizando una compatibilidad perfecta y un soporte multiling\u00fce mejorado. Sum\u00e9rgete en el completo tutorial de FacetWP Polylang para dominar el uso eficaz de FacetWP con Polylang. Descubre las funciones del plugin que hacen de FacetWP Polylang una excelente opci\u00f3n para campos personalizados y configuraciones de traducci\u00f3n.<\/p>\n<p>El proceso de instalaci\u00f3n de FacetWP Polylang es sencillo y la detallada gu\u00eda del usuario te ofrece todo lo necesario para una experiencia fluida. Con la documentaci\u00f3n de FacetWP Polylang a tu disposici\u00f3n, configurar las opciones de traducci\u00f3n es pan comido. Aseg\u00farate de que tu sitio est\u00e9 optimizado para motores de b\u00fasqueda con los consejos SEO de FacetWP Polylang.<\/p>\n<ul>\n<li>Integraci\u00f3n perfecta con Polylang para compatibilidad multiling\u00fce<\/li>\n<li>Permite que los filtros de FacetWP funcionen en diferentes idiomas<\/li>\n<li>Mantiene una experiencia de usuario consistente para audiencias internacionales<\/li>\n<li>Optimizado para un rendimiento m\u00ednimo con un impacto m\u00ednimo en la velocidad del sitio<\/li>\n<li>Compatible con tipos de entradas y taxonom\u00edas personalizadas<\/li>\n<li>F\u00e1cilmente configurable a trav\u00e9s de la interfaz de administraci\u00f3n de WordPress<\/li>\n<li>Admite la traducci\u00f3n de etiquetas y opciones de facetas<\/li>\n<li>Ofrece compatibilidad con temas y plugins populares de WordPress<\/li>\n<li>Actualizaciones peri\u00f3dicas para garantizar la compatibilidad con FacetWP y Polylang<\/li>\n<\/ul>\n","protected":false},"excerpt":{"rendered":"<p>Aprovecha al m\u00e1ximo el potencial de tu sitio multiling\u00fce de WordPress con la completa integraci\u00f3n de FacetWP con Polylang. Esta potente soluci\u00f3n ofrece compatibilidad total y soporte multiling\u00fce, lo que facilita m\u00e1s que nunca llegar a un p\u00fablico global. Sigue la detallada gu\u00eda de configuraci\u00f3n de FacetWP con Polylang y la documentaci\u00f3n del usuario para garantizar una instalaci\u00f3n fluida y un rendimiento \u00f3ptimo. Descubre c\u00f3mo usar FacetWP con Polylang con tutoriales paso a paso y explora las funciones avanzadas del plugin, como los campos personalizados y la configuraci\u00f3n de traducci\u00f3n. Mejora la visibilidad de tu sitio con los consejos de SEO de FacetWP con Polylang y transforma tu estrategia de contenido con esta herramienta esencial para WordPress.<\/p>\n","protected":false},"featured_media":169693,"comment_status":"open","ping_status":"open","template":"","meta":[],"product_brand":[2447],"product_cat":[1214,1206,1211],"product_tag":[1507],"class_list":{"0":"post-169696","1":"product","2":"type-product","3":"status-publish","4":"has-post-thumbnail","6":"product_brand-facetwp","7":"product_cat-personalizacion","8":"product_cat-plugins","9":"product_cat-wordpress-plugins","10":"product_tag-facetwp","11":"member-discount","12":"discount-restricted","14":"first","15":"instock","16":"sale","17":"downloadable","18":"virtual","19":"sold-individually","20":"purchasable","21":"product-type-simple"},"_links":{"self":[{"href":"https:\/\/gpl-love.com\/es\/wp-json\/wp\/v2\/product\/169696","targetHints":{"allow":["GET"]}}],"collection":[{"href":"https:\/\/gpl-love.com\/es\/wp-json\/wp\/v2\/product"}],"about":[{"href":"https:\/\/gpl-love.com\/es\/wp-json\/wp\/v2\/types\/product"}],"replies":[{"embeddable":true,"href":"https:\/\/gpl-love.com\/es\/wp-json\/wp\/v2\/comments?post=169696"}],"wp:featuredmedia":[{"embeddable":true,"href":"https:\/\/gpl-love.com\/es\/wp-json\/wp\/v2\/media\/169693"}],"wp:attachment":[{"href":"https:\/\/gpl-love.com\/es\/wp-json\/wp\/v2\/media?parent=169696"}],"wp:term":[{"taxonomy":"product_brand","embeddable":true,"href":"https:\/\/gpl-love.com\/es\/wp-json\/wp\/v2\/product_brand?post=169696"},{"taxonomy":"product_cat","embeddable":true,"href":"https:\/\/gpl-love.com\/es\/wp-json\/wp\/v2\/product_cat?post=169696"},{"taxonomy":"product_tag","embeddable":true,"href":"https:\/\/gpl-love.com\/es\/wp-json\/wp\/v2\/product_tag?post=169696"}],"curies":[{"name":"wp","href":"https:\/\/api.w.org\/{rel}","templated":true}]}}