{"id":169694,"date":"2025-06-01T00:00:00","date_gmt":"2025-06-01T05:00:00","guid":{"rendered":"https:\/\/gpl-love.com\/es\/?post_type=product&#038;p=169694"},"modified":"2026-03-09T08:52:54","modified_gmt":"2026-03-09T13:52:54","slug":"facetwp-load-more","status":"publish","type":"product","link":"https:\/\/gpl-love.com\/es\/producto\/facetwp-load-more\/","title":{"rendered":"FacetWP Schedule Indexer 1.1"},"content":{"rendered":"<h3>FacetWP Schedule Indexer Caracteristicas<\/h3>\n<p>Libera todo el potencial de tu sitio web con FacetWP Schedule Indexer. Perfecta tanto para principiantes como para usuarios experimentados, esta potente herramienta mejora el rendimiento de tu sitio f\u00e1cilmente. Sum\u00e9rgete en el completo tutorial y la gu\u00eda de configuraci\u00f3n de FacetWP Schedule Indexer para integrarlo a la perfecci\u00f3n en tu flujo de trabajo.<\/p>\n<p>Descubre las mejores pr\u00e1cticas para la optimizaci\u00f3n SEO, asegurando que tu contenido siempre est\u00e9 en los primeros puestos de los resultados de los motores de b\u00fasqueda. Con funciones avanzadas y consejos de configuraci\u00f3n, FacetWP Schedule Indexer est\u00e1 dise\u00f1ado para adaptarse a tus necesidades espec\u00edficas. Tanto si est\u00e1s empezando como si buscas perfeccionar tus habilidades, el manual del usuario ofrece una gu\u00eda paso a paso para dominar el indexador.<\/p>\n<p>\u00bfTienes problemas? La secci\u00f3n de resoluci\u00f3n de problemas ofrece soluciones claras a problemas comunes, manteniendo tu sitio web funcionando a la perfecci\u00f3n. Aprende a usar FacetWP Schedule Indexer eficazmente con informaci\u00f3n sobre sus potentes funciones y eficiencia.<\/p>\n<ul>\n<li>Automatiza la indexaci\u00f3n de actualizaciones de contenido programadas.<\/li>\n<li>Se integra a la perfecci\u00f3n con FacetWP para una experiencia de b\u00fasqueda mejorada.<\/li>\n<li>Admite tipos de entradas y taxonom\u00edas personalizadas.<\/li>\n<li>Reduce la carga del servidor optimizando los tiempos de indexaci\u00f3n.<\/li>\n<li>Compatible con el cron de WordPress para tareas programadas.<\/li>\n<li>Ofrece intervalos de indexaci\u00f3n flexibles para adaptarse a diversas necesidades.<\/li>\n<li>Mejora el rendimiento del sitio web mediante un manejo eficiente de datos.<\/li>\n<li>Proporciona un registro detallado para supervisar las actividades de indexaci\u00f3n.<\/li>\n<li>F\u00e1cil configuraci\u00f3n desde el panel de control de WordPress.<\/li>\n<li>Garantiza resultados de b\u00fasqueda actualizados para los cambios de contenido programados.<\/li>\n<\/ul>\n","protected":false},"excerpt":{"rendered":"<p>Descubre el poder de FacetWP Schedule Indexer, una herramienta revolucionaria para la gesti\u00f3n eficiente de sitios web. Perfecto tanto para principiantes como para usuarios avanzados, nuestra completa gu\u00eda de configuraci\u00f3n y manual de usuario te guiar\u00e1n paso a paso. Descubre las mejores pr\u00e1cticas para una optimizaci\u00f3n SEO impecable y explora funciones avanzadas que mejoran el rendimiento de tu sitio. Con consejos de configuraci\u00f3n y resoluci\u00f3n de problemas, FacetWP Schedule Indexer garantiza un funcionamiento impecable. Tanto si buscas un tutorial detallado como una gu\u00eda de inicio r\u00e1pido, aprende a aprovechar al m\u00e1ximo esta herramienta para que tu proceso de indexaci\u00f3n sea m\u00e1s eficaz y est\u00e9 preparado para el futuro.<\/p>\n","protected":false},"featured_media":169691,"comment_status":"open","ping_status":"open","template":"","meta":[],"product_brand":[2447],"product_cat":[1214,1206,1211],"product_tag":[1507],"class_list":{"0":"post-169694","1":"product","2":"type-product","3":"status-publish","4":"has-post-thumbnail","6":"product_brand-facetwp","7":"product_cat-personalizacion","8":"product_cat-plugins","9":"product_cat-wordpress-plugins","10":"product_tag-facetwp","11":"member-discount","12":"discount-restricted","14":"first","15":"instock","16":"sale","17":"downloadable","18":"virtual","19":"sold-individually","20":"purchasable","21":"product-type-simple"},"_links":{"self":[{"href":"https:\/\/gpl-love.com\/es\/wp-json\/wp\/v2\/product\/169694","targetHints":{"allow":["GET"]}}],"collection":[{"href":"https:\/\/gpl-love.com\/es\/wp-json\/wp\/v2\/product"}],"about":[{"href":"https:\/\/gpl-love.com\/es\/wp-json\/wp\/v2\/types\/product"}],"replies":[{"embeddable":true,"href":"https:\/\/gpl-love.com\/es\/wp-json\/wp\/v2\/comments?post=169694"}],"wp:featuredmedia":[{"embeddable":true,"href":"https:\/\/gpl-love.com\/es\/wp-json\/wp\/v2\/media\/169691"}],"wp:attachment":[{"href":"https:\/\/gpl-love.com\/es\/wp-json\/wp\/v2\/media?parent=169694"}],"wp:term":[{"taxonomy":"product_brand","embeddable":true,"href":"https:\/\/gpl-love.com\/es\/wp-json\/wp\/v2\/product_brand?post=169694"},{"taxonomy":"product_cat","embeddable":true,"href":"https:\/\/gpl-love.com\/es\/wp-json\/wp\/v2\/product_cat?post=169694"},{"taxonomy":"product_tag","embeddable":true,"href":"https:\/\/gpl-love.com\/es\/wp-json\/wp\/v2\/product_tag?post=169694"}],"curies":[{"name":"wp","href":"https:\/\/api.w.org\/{rel}","templated":true}]}}