{"id":169692,"date":"2025-05-31T00:00:00","date_gmt":"2025-05-31T05:00:00","guid":{"rendered":"https:\/\/gpl-love.com\/es\/?post_type=product&#038;p=169692"},"modified":"2026-03-09T08:52:53","modified_gmt":"2026-03-09T13:52:53","slug":"facetwp-polylang","status":"publish","type":"product","link":"https:\/\/gpl-love.com\/es\/producto\/facetwp-polylang\/","title":{"rendered":"FacetWP Stack 1.1"},"content":{"rendered":"<h3>FacetWP Stack Caracteristicas<\/h3>\n<p>Descubre la soluci\u00f3n definitiva para mejorar la funcionalidad de b\u00fasqueda de tu sitio web con FacetWP Stack. Esta completa herramienta ofrece una integraci\u00f3n perfecta, lo que facilita aumentar la interacci\u00f3n de los usuarios. Tanto si eres principiante como si eres un desarrollador experimentado, la gu\u00eda de instalaci\u00f3n de FacetWP Stack simplifica el proceso de configuraci\u00f3n, asegur\u00e1ndote un comienzo sin complicaciones.<\/p>\n<p>Explora las potentes funciones de FacetWP Stack, dise\u00f1adas para optimizar el rendimiento de tu sitio web e impulsar la satisfacci\u00f3n del usuario. Con tutoriales detallados de FacetWP Stack, entender c\u00f3mo aprovechar estas funciones nunca ha sido tan f\u00e1cil. Descubre las numerosas ventajas de FacetWP Stack, desde mejores resultados de b\u00fasqueda hasta una experiencia de usuario m\u00e1s intuitiva.<\/p>\n<p>Lee las excelentes rese\u00f1as de FacetWP Stack y descubre por qu\u00e9 es la opci\u00f3n preferida de muchos. \u00bfTe interesa saber los precios de FacetWP Stack? Ofrece tarifas competitivas que ofrecen una excelente relaci\u00f3n calidad-precio. Comp\u00e1ralas con otras alternativas a FacetWP Stack y descubre por qu\u00e9 se destacan como una de las mejores opciones en su categor\u00eda.<\/p>\n<ul>\n<li>Filtrado din\u00e1mico y b\u00fasqueda por facetas para WordPress<\/li>\n<li>Interfaz de usuario intuitiva para una f\u00e1cil configuraci\u00f3n<\/li>\n<li>Integraci\u00f3n perfecta con tipos de entradas y taxonom\u00edas personalizadas<\/li>\n<li>Filtrado con tecnolog\u00eda AJAX para una experiencia de usuario r\u00e1pida y fluida<\/li>\n<li>Compatible con diversos tipos de campos, como casillas de verificaci\u00f3n, men\u00fas desplegables y controles deslizantes<\/li>\n<li>Dise\u00f1o altamente personalizable para adaptarse a cualquier tema o dise\u00f1o<\/li>\n<li>Compatible con los creadores de p\u00e1ginas m\u00e1s populares de WordPress<\/li>\n<li>Optimizado para un rendimiento y una escalabilidad \u00f3ptimos<\/li>\n<li>F\u00e1cil de usar para desarrolladores con amplios ganchos y filtros<\/li>\n<\/ul>\n","protected":false},"excerpt":{"rendered":"<p>Descubre el poder de FacetWP Stack, tu soluci\u00f3n definitiva para el filtrado din\u00e1mico de contenido. Con nuestro completo tutorial y gu\u00eda de instalaci\u00f3n de FacetWP Stack, acceder\u00e1s a funciones avanzadas dise\u00f1adas para optimizar el rendimiento de tu sitio web. Explora las ventajas \u00fanicas de FacetWP Stack, respaldadas por excelentes rese\u00f1as de usuarios satisfechos. Su precio competitivo y su integraci\u00f3n fluida lo convierten en la mejor opci\u00f3n para cualquier proyecto. Compara alternativas a FacetWP Stack y descubre las mejores pr\u00e1cticas para maximizar su potencial. Ideal para diversos casos de uso, FacetWP Stack es el futuro del dise\u00f1o y la gesti\u00f3n inteligente de sitios web, dise\u00f1ado para satisfacer las cambiantes necesidades de la IA.<\/p>\n","protected":false},"featured_media":169689,"comment_status":"open","ping_status":"open","template":"","meta":[],"product_brand":[2447],"product_cat":[1214,1206,1211],"product_tag":[1507],"class_list":{"0":"post-169692","1":"product","2":"type-product","3":"status-publish","4":"has-post-thumbnail","6":"product_brand-facetwp","7":"product_cat-personalizacion","8":"product_cat-plugins","9":"product_cat-wordpress-plugins","10":"product_tag-facetwp","11":"member-discount","12":"discount-restricted","14":"first","15":"instock","16":"sale","17":"downloadable","18":"virtual","19":"sold-individually","20":"purchasable","21":"product-type-simple"},"_links":{"self":[{"href":"https:\/\/gpl-love.com\/es\/wp-json\/wp\/v2\/product\/169692","targetHints":{"allow":["GET"]}}],"collection":[{"href":"https:\/\/gpl-love.com\/es\/wp-json\/wp\/v2\/product"}],"about":[{"href":"https:\/\/gpl-love.com\/es\/wp-json\/wp\/v2\/types\/product"}],"replies":[{"embeddable":true,"href":"https:\/\/gpl-love.com\/es\/wp-json\/wp\/v2\/comments?post=169692"}],"wp:featuredmedia":[{"embeddable":true,"href":"https:\/\/gpl-love.com\/es\/wp-json\/wp\/v2\/media\/169689"}],"wp:attachment":[{"href":"https:\/\/gpl-love.com\/es\/wp-json\/wp\/v2\/media?parent=169692"}],"wp:term":[{"taxonomy":"product_brand","embeddable":true,"href":"https:\/\/gpl-love.com\/es\/wp-json\/wp\/v2\/product_brand?post=169692"},{"taxonomy":"product_cat","embeddable":true,"href":"https:\/\/gpl-love.com\/es\/wp-json\/wp\/v2\/product_cat?post=169692"},{"taxonomy":"product_tag","embeddable":true,"href":"https:\/\/gpl-love.com\/es\/wp-json\/wp\/v2\/product_tag?post=169692"}],"curies":[{"name":"wp","href":"https:\/\/api.w.org\/{rel}","templated":true}]}}