{"id":169690,"date":"2025-05-30T00:00:00","date_gmt":"2025-05-30T05:00:00","guid":{"rendered":"https:\/\/gpl-love.com\/es\/?post_type=product&#038;p=169690"},"modified":"2026-03-09T08:52:52","modified_gmt":"2026-03-09T13:52:52","slug":"facetwp-schedule-indexer","status":"publish","type":"product","link":"https:\/\/gpl-love.com\/es\/producto\/facetwp-schedule-indexer\/","title":{"rendered":"FacetWP Star Rating 1.0.4"},"content":{"rendered":"<h3>FacetWP Star Rating Caracteristicas<\/h3>\n<p>Mejora tu sitio de WordPress con el potente plugin FacetWP Star Rating. Esta vers\u00e1til herramienta permite a los usuarios compartir comentarios f\u00e1cilmente a trav\u00e9s de intuitivas rese\u00f1as de FacetWP Star Rating. Descubre la impresionante gama de funciones de FacetWP Star Rating, dise\u00f1adas para optimizar la interacci\u00f3n del usuario y mejorar tu contenido. Si te preguntas c\u00f3mo usar FacetWP Star Rating, nuestro completo tutorial te ayudar\u00e1 con una gu\u00eda paso a paso para una integraci\u00f3n perfecta.<\/p>\n<p>Descubre el potencial de tu sitio web con nuestra detallada gu\u00eda de configuraci\u00f3n de FacetWP Star Rating, que garantiza una instalaci\u00f3n sin complicaciones. Aprende las mejores pr\u00e1cticas de FacetWP Star Rating para maximizar los beneficios SEO y aumentar la visibilidad de tu sitio. Personaliza tu experiencia con las opciones de personalizaci\u00f3n de FacetWP Star Rating, adapt\u00e1ndola a tus necesidades.<\/p>\n<ul>\n<li>Muestra calificaciones de estrellas generadas por el usuario<\/li>\n<li>Compatible con el sistema de filtrado FacetWP<\/li>\n<li>Admite tipos de publicaciones y taxonom\u00edas personalizadas<\/li>\n<li>Funciona con AJAX para actualizaciones fluidas<\/li>\n<li>Ofrece iconos y colores de estrella personalizables<\/li>\n<li>Permite a los usuarios enviar calificaciones sin recargar la p\u00e1gina<\/li>\n<li>Se integra f\u00e1cilmente con temas de WordPress<\/li>\n<li>Proporciona c\u00e1lculos de calificaci\u00f3n promedio<\/li>\n<li>Dise\u00f1o adaptable y optimizado para dispositivos m\u00f3viles<\/li>\n<li>F\u00e1cil de implementar con shortcodes o widgets<\/li>\n<\/ul>\n","protected":false},"excerpt":{"rendered":"<p>Descubre el poder del plugin FacetWP Star Rating, dise\u00f1ado para mejorar tu sitio WordPress con una integraci\u00f3n y personalizaci\u00f3n perfectas. Explora las funciones de FacetWP Star Rating y aprende a usarlas con nuestro completo tutorial. Experimenta las ventajas de SEO y mejora la interacci\u00f3n de tus usuarios con rese\u00f1as efectivas de FacetWP Star Rating. Nuestra gu\u00eda de configuraci\u00f3n y las mejores pr\u00e1cticas de FacetWP Star Rating garantizan un rendimiento \u00f3ptimo, mientras que la gu\u00eda del usuario y los consejos para la resoluci\u00f3n de problemas te ofrecen soporte continuo. Compara alternativas a FacetWP Star Rating y encuentra la que mejor se adapte a tus necesidades. Descubre un nuevo nivel de interacci\u00f3n con FacetWP Star Rating para WordPress.<\/p>\n","protected":false},"featured_media":169687,"comment_status":"open","ping_status":"open","template":"","meta":[],"product_brand":[2447],"product_cat":[1214,1206,1211],"product_tag":[1507],"class_list":{"0":"post-169690","1":"product","2":"type-product","3":"status-publish","4":"has-post-thumbnail","6":"product_brand-facetwp","7":"product_cat-personalizacion","8":"product_cat-plugins","9":"product_cat-wordpress-plugins","10":"product_tag-facetwp","11":"member-discount","12":"discount-restricted","14":"first","15":"instock","16":"sale","17":"downloadable","18":"virtual","19":"sold-individually","20":"purchasable","21":"product-type-simple"},"_links":{"self":[{"href":"https:\/\/gpl-love.com\/es\/wp-json\/wp\/v2\/product\/169690","targetHints":{"allow":["GET"]}}],"collection":[{"href":"https:\/\/gpl-love.com\/es\/wp-json\/wp\/v2\/product"}],"about":[{"href":"https:\/\/gpl-love.com\/es\/wp-json\/wp\/v2\/types\/product"}],"replies":[{"embeddable":true,"href":"https:\/\/gpl-love.com\/es\/wp-json\/wp\/v2\/comments?post=169690"}],"wp:featuredmedia":[{"embeddable":true,"href":"https:\/\/gpl-love.com\/es\/wp-json\/wp\/v2\/media\/169687"}],"wp:attachment":[{"href":"https:\/\/gpl-love.com\/es\/wp-json\/wp\/v2\/media?parent=169690"}],"wp:term":[{"taxonomy":"product_brand","embeddable":true,"href":"https:\/\/gpl-love.com\/es\/wp-json\/wp\/v2\/product_brand?post=169690"},{"taxonomy":"product_cat","embeddable":true,"href":"https:\/\/gpl-love.com\/es\/wp-json\/wp\/v2\/product_cat?post=169690"},{"taxonomy":"product_tag","embeddable":true,"href":"https:\/\/gpl-love.com\/es\/wp-json\/wp\/v2\/product_tag?post=169690"}],"curies":[{"name":"wp","href":"https:\/\/api.w.org\/{rel}","templated":true}]}}