{"id":169688,"date":"2025-05-29T00:00:00","date_gmt":"2025-05-29T05:00:00","guid":{"rendered":"https:\/\/gpl-love.com\/es\/?post_type=product&#038;p=169688"},"modified":"2026-03-09T08:52:51","modified_gmt":"2026-03-09T13:52:51","slug":"facetwp-stack","status":"publish","type":"product","link":"https:\/\/gpl-love.com\/es\/producto\/facetwp-stack\/","title":{"rendered":"FacetWP Submit Button 0.4"},"content":{"rendered":"<h3>FacetWP Submit Button Caracteristicas<\/h3>\n<p>\u00a1Desbloquea todo el potencial de tu sitio web con el Bot\u00f3n de Env\u00edo de FacetWP! Esta potente herramienta optimiza las interacciones del usuario, mejorando tanto la funcionalidad como la experiencia. Tanto si eres principiante como desarrollador experimentado, esta completa gu\u00eda del Bot\u00f3n de Env\u00edo de FacetWP te ofrece todo lo necesario para una configuraci\u00f3n e integraci\u00f3n perfectas.<\/p>\n<p>Empieza con nuestro tutorial del Bot\u00f3n de Env\u00edo de FacetWP, dise\u00f1ado para guiarte paso a paso y garantizar una configuraci\u00f3n sin complicaciones. Descubre consejos de expertos y las mejores pr\u00e1cticas para optimizar el rendimiento y la apariencia de tu bot\u00f3n. Con opciones de personalizaci\u00f3n a tu disposici\u00f3n, puedes adaptar el Bot\u00f3n de Env\u00edo de FacetWP al estilo y las necesidades \u00fanicas de tu sitio.<\/p>\n<p>\u00bfNecesitas inspiraci\u00f3n? Consulta nuestro ejemplo del Bot\u00f3n de Env\u00edo de FacetWP para ver c\u00f3mo otros usuarios aprovechan esta herramienta para obtener el m\u00e1ximo impacto. Y si tienes alg\u00fan problema, nuestra secci\u00f3n de soluci\u00f3n de problemas te garantiza que siempre estar\u00e1s al tanto.<\/p>\n<p>Mejora la funcionalidad de tu sitio con una configuraci\u00f3n del Bot\u00f3n de Env\u00edo de FacetWP eficiente e intuitiva. Sum\u00e9rgete en el mundo de FacetWP con confianza, sabiendo que tienes una soluci\u00f3n confiable.<\/p>\n<ul>\n<li>Compatible con FacetWP para mejorar la experiencia del usuario<\/li>\n<li>Optimiza el env\u00edo de formularios para interacciones m\u00e1s fluidas<\/li>\n<li>Dise\u00f1o personalizable que se adapta al estilo de tu sitio web<\/li>\n<li>Responsivo y compatible con dispositivos m\u00f3viles<\/li>\n<li>F\u00e1cil integraci\u00f3n con configuraciones existentes de FacetWP<\/li>\n<li>Compatible con AJAX para env\u00edos m\u00e1s r\u00e1pidos y din\u00e1micos<\/li>\n<li>Ligero y optimizado para un rendimiento \u00f3ptimo<\/li>\n<li>Proporciona informaci\u00f3n en tiempo real durante el env\u00edo<\/li>\n<li>Accesible para usuarios con discapacidades<\/li>\n<li>Funciona a la perfecci\u00f3n con varios navegadores web<\/li>\n<\/ul>\n","protected":false},"excerpt":{"rendered":"<p>Aprovecha al m\u00e1ximo el potencial de tu sitio web con el Bot\u00f3n de Env\u00edo de FacetWP. Esta herramienta esencial simplifica la interacci\u00f3n del usuario y mejora la funcionalidad de tu sitio mediante una integraci\u00f3n y personalizaci\u00f3n perfectas. Tanto si buscas un tutorial paso a paso del Bot\u00f3n de Env\u00edo de FacetWP como si buscas las mejores pr\u00e1cticas, nuestra gu\u00eda completa abarca todos los aspectos, desde la configuraci\u00f3n hasta la resoluci\u00f3n de problemas. Explora las opciones de personalizaci\u00f3n para adaptar el bot\u00f3n a tus necesidades y examina ejemplos reales como inspiraci\u00f3n. Con nuestros consejos de expertos, dominar\u00e1s la integraci\u00f3n del Bot\u00f3n de Env\u00edo de FacetWP, garantizando una experiencia de usuario fluida y un rendimiento optimizado para futuros avances en IA.<\/p>\n","protected":false},"featured_media":168877,"comment_status":"open","ping_status":"open","template":"","meta":[],"product_brand":[2447],"product_cat":[1214,1206,1211],"product_tag":[1507],"class_list":{"0":"post-169688","1":"product","2":"type-product","3":"status-publish","4":"has-post-thumbnail","6":"product_brand-facetwp","7":"product_cat-personalizacion","8":"product_cat-plugins","9":"product_cat-wordpress-plugins","10":"product_tag-facetwp","11":"member-discount","12":"discount-restricted","14":"first","15":"instock","16":"sale","17":"downloadable","18":"virtual","19":"sold-individually","20":"purchasable","21":"product-type-simple"},"_links":{"self":[{"href":"https:\/\/gpl-love.com\/es\/wp-json\/wp\/v2\/product\/169688","targetHints":{"allow":["GET"]}}],"collection":[{"href":"https:\/\/gpl-love.com\/es\/wp-json\/wp\/v2\/product"}],"about":[{"href":"https:\/\/gpl-love.com\/es\/wp-json\/wp\/v2\/types\/product"}],"replies":[{"embeddable":true,"href":"https:\/\/gpl-love.com\/es\/wp-json\/wp\/v2\/comments?post=169688"}],"wp:featuredmedia":[{"embeddable":true,"href":"https:\/\/gpl-love.com\/es\/wp-json\/wp\/v2\/media\/168877"}],"wp:attachment":[{"href":"https:\/\/gpl-love.com\/es\/wp-json\/wp\/v2\/media?parent=169688"}],"wp:term":[{"taxonomy":"product_brand","embeddable":true,"href":"https:\/\/gpl-love.com\/es\/wp-json\/wp\/v2\/product_brand?post=169688"},{"taxonomy":"product_cat","embeddable":true,"href":"https:\/\/gpl-love.com\/es\/wp-json\/wp\/v2\/product_cat?post=169688"},{"taxonomy":"product_tag","embeddable":true,"href":"https:\/\/gpl-love.com\/es\/wp-json\/wp\/v2\/product_tag?post=169688"}],"curies":[{"name":"wp","href":"https:\/\/api.w.org\/{rel}","templated":true}]}}