{"id":169686,"date":"2025-05-29T00:00:00","date_gmt":"2025-05-29T05:00:00","guid":{"rendered":"https:\/\/gpl-love.com\/es\/?post_type=product&#038;p=169686"},"modified":"2026-03-09T08:52:50","modified_gmt":"2026-03-09T13:52:50","slug":"facetwp-star-rating","status":"publish","type":"product","link":"https:\/\/gpl-love.com\/es\/producto\/facetwp-star-rating\/","title":{"rendered":"FacetWP WPML 1.3.0"},"content":{"rendered":"<h3>FacetWP WPML Caracteristicas<\/h3>\n<p>Libera todo el potencial de tu sitio multiling\u00fce de WordPress con la integraci\u00f3n perfecta de FacetWP con WPML. Esta potente combinaci\u00f3n garantiza una navegaci\u00f3n fluida e intuitiva para tus usuarios en todos los idiomas. Gracias a la compatibilidad con FacetWP y WPML, tu sitio web puede llegar a una audiencia global sin esfuerzo, mejorando la interacci\u00f3n y la satisfacci\u00f3n del usuario.<\/p>\n<p>Explora la completa gu\u00eda y tutorial de configuraci\u00f3n de FacetWP y configura tu sitio f\u00e1cilmente. La documentaci\u00f3n detallada de FacetWP y WPML proporciona instrucciones paso a paso, lo que garantiza un proceso de configuraci\u00f3n sin complicaciones. Descubre las ventajas de la compatibilidad multiling\u00fce de FacetWP y WPML, que permite que tu contenido llegue a un p\u00fablico m\u00e1s amplio sin barreras ling\u00fc\u00edsticas.<\/p>\n<p>Consigue resultados SEO superiores con FacetWP y WPML optimizando la visibilidad de tu sitio web en varios idiomas, aumentando tu alcance y posicionamiento en buscadores. El plugin FacetWP y WPML ofrece potentes funciones de traducci\u00f3n, lo que garantiza que cada aspecto de tu sitio web se represente con precisi\u00f3n en los idiomas de destino.<\/p>\n<ul>\n<li>Integraci\u00f3n perfecta con WPML para sitios multiling\u00fces<\/li>\n<li>Filtros din\u00e1micos para contenido multiling\u00fce<\/li>\n<li>Compatibilidad con tipos de entradas y campos personalizados<\/li>\n<li>Filtros con tecnolog\u00eda AJAX para una experiencia de usuario r\u00e1pida y fluida<\/li>\n<li>Compatible con varios tipos de campos, como casillas de verificaci\u00f3n, men\u00fas desplegables y rangos de fechas<\/li>\n<li>F\u00e1cil configuraci\u00f3n con una interfaz intuitiva<\/li>\n<li>Capacidad para crear opciones avanzadas de b\u00fasqueda y filtrado<\/li>\n<li>Compatible con temas y plugins populares de WordPress<\/li>\n<li>Optimizado para un rendimiento y una escalabilidad \u00f3ptimos<\/li>\n<\/ul>\n","protected":false},"excerpt":{"rendered":"<p>Desbloquea capacidades multiling\u00fces fluidas con la integraci\u00f3n de FacetWP WPML. Experimenta una compatibilidad inigualable con FacetWP WPML, asegurando que tu sitio web llegue a un p\u00fablico global. Accede a nuestra completa gu\u00eda de configuraci\u00f3n y tutorial de FacetWP WPML para una instalaci\u00f3n sencilla. Mejora la visibilidad de tu sitio con las funciones SEO de FacetWP WPML, maximizando tu alcance. El plugin FacetWP WPML ofrece soluciones de traducci\u00f3n robustas, respaldadas por un foro de soporte activo y documentaci\u00f3n detallada. Optimiza el rendimiento multiling\u00fce de tu sitio web con la fiable compatibilidad multiling\u00fce de FacetWP WPML, garantizando una experiencia impecable para usuarios en diversos idiomas.<\/p>\n","protected":false},"featured_media":169684,"comment_status":"open","ping_status":"open","template":"","meta":[],"product_brand":[2447],"product_cat":[1214,1206,1211],"product_tag":[1507],"class_list":{"0":"post-169686","1":"product","2":"type-product","3":"status-publish","4":"has-post-thumbnail","6":"product_brand-facetwp","7":"product_cat-personalizacion","8":"product_cat-plugins","9":"product_cat-wordpress-plugins","10":"product_tag-facetwp","11":"member-discount","12":"discount-restricted","14":"first","15":"instock","16":"sale","17":"downloadable","18":"virtual","19":"sold-individually","20":"purchasable","21":"product-type-simple"},"_links":{"self":[{"href":"https:\/\/gpl-love.com\/es\/wp-json\/wp\/v2\/product\/169686","targetHints":{"allow":["GET"]}}],"collection":[{"href":"https:\/\/gpl-love.com\/es\/wp-json\/wp\/v2\/product"}],"about":[{"href":"https:\/\/gpl-love.com\/es\/wp-json\/wp\/v2\/types\/product"}],"replies":[{"embeddable":true,"href":"https:\/\/gpl-love.com\/es\/wp-json\/wp\/v2\/comments?post=169686"}],"wp:featuredmedia":[{"embeddable":true,"href":"https:\/\/gpl-love.com\/es\/wp-json\/wp\/v2\/media\/169684"}],"wp:attachment":[{"href":"https:\/\/gpl-love.com\/es\/wp-json\/wp\/v2\/media?parent=169686"}],"wp:term":[{"taxonomy":"product_brand","embeddable":true,"href":"https:\/\/gpl-love.com\/es\/wp-json\/wp\/v2\/product_brand?post=169686"},{"taxonomy":"product_cat","embeddable":true,"href":"https:\/\/gpl-love.com\/es\/wp-json\/wp\/v2\/product_cat?post=169686"},{"taxonomy":"product_tag","embeddable":true,"href":"https:\/\/gpl-love.com\/es\/wp-json\/wp\/v2\/product_tag?post=169686"}],"curies":[{"name":"wp","href":"https:\/\/api.w.org\/{rel}","templated":true}]}}