{"id":169685,"date":"2025-06-30T00:00:00","date_gmt":"2025-06-30T05:00:00","guid":{"rendered":"https:\/\/gpl-love.com\/es\/producto\/facetwp-submit-button\/"},"modified":"2026-03-13T17:38:02","modified_gmt":"2026-03-13T22:38:02","slug":"facetwp-submit-button","status":"publish","type":"product","link":"https:\/\/gpl-love.com\/es\/producto\/facetwp-submit-button\/","title":{"rendered":"VisualBlocks Pro 1.0.0"},"content":{"rendered":"<h3>VisualBlocks Pro Caracteristicas<\/h3>\n<p>\u00a1Desbloquea todo el potencial de tu sitio WordPress con WP Enjoy VisualBlocks Pro! Esta potente herramienta transforma tu proceso de dise\u00f1o web, facilitando m\u00e1s que nunca la creaci\u00f3n de dise\u00f1os impactantes. Descubre las incre\u00edbles funciones de WP Enjoy VisualBlocks Pro que optimizan tu flujo de trabajo y mejoran la productividad. \u00bfTe interesa saber qu\u00e9 opinan los dem\u00e1s? Consulta una rese\u00f1a de WP Enjoy VisualBlocks Pro para ver c\u00f3mo se compara con la competencia.<\/p>\n<p>Con opciones de precios flexibles de WP Enjoy VisualBlocks Pro, hay un plan para todos, desde principiantes hasta desarrolladores experimentados. Sum\u00e9rgete en nuestro completo tutorial de WP Enjoy VisualBlocks Pro para aprender a usarlo eficientemente. Disfruta de sus numerosas ventajas, como una integraci\u00f3n perfecta y una amplia biblioteca de plantillas.<\/p>\n<ul>\n<li>Editor de bloques avanzado: Ofrece funciones mejoradas de edici\u00f3n visual de bloques para una experiencia de creaci\u00f3n de contenido optimizada.<\/li>\n<li>Biblioteca de bloques personalizable: Accede a una amplia gama de bloques para adaptar tu sitio web a tus necesidades.<\/li>\n<li>Interfaz intuitiva: Su dise\u00f1o intuitivo facilita la creaci\u00f3n y gesti\u00f3n de contenido a usuarios de todos los niveles.<\/li>\n<li>Compatibilidad con dise\u00f1o adaptable: Garantiza que todos los bloques est\u00e9n optimizados para su visualizaci\u00f3n en cualquier dispositivo, lo que mejora la experiencia del usuario.<\/li>\n<li>Funcionalidad de arrastrar y soltar: Simplifica la personalizaci\u00f3n del dise\u00f1o con un sencillo m\u00e9todo de arrastrar y soltar.<\/li>\n<li>Opciones de integraci\u00f3n: Se integra a la perfecci\u00f3n con los plugins y temas m\u00e1s populares de WordPress para una mayor funcionalidad.<\/li>\n<li>Edici\u00f3n en tiempo real: Permite obtener informaci\u00f3n visual inmediata durante la edici\u00f3n, lo que reduce la necesidad de vistas previas.<\/li>\n<li>Optimizaci\u00f3n del rendimiento: Dise\u00f1ado para tiempos de carga r\u00e1pidos que mejoran la velocidad del sitio web y la satisfacci\u00f3n del usuario.<\/li>\n<\/ul>\n","protected":false},"excerpt":{"rendered":"<p>Descubre el poder de WP Enjoy VisualBlocks Pro: tu soluci\u00f3n definitiva para crear sitios web impactantes f\u00e1cilmente. Esta herramienta intuitiva ofrece funciones inigualables, como plantillas personalizables y compatibilidad perfecta con las plataformas m\u00e1s populares. Tanto si eres principiante como si eres un experto, nuestro detallado tutorial de WP Enjoy VisualBlocks Pro te guiar\u00e1 paso a paso. Experimenta las ventajas de primera mano con nuestra demo y explora los precios competitivos de WP Enjoy VisualBlocks Pro. Mantente al d\u00eda con las actualizaciones peri\u00f3dicas de WP Enjoy VisualBlocks Pro y conf\u00eda en el soporte t\u00e9cnico de primera clase. \u00a1Compara alternativas a WP Enjoy VisualBlocks Pro y desc\u00e1rgalo hoy mismo para transformar tu enfoque de dise\u00f1o web!<\/p>\n","protected":false},"featured_media":169682,"comment_status":"open","ping_status":"open","template":"","meta":[],"product_brand":[2661],"product_cat":[1245,1237,1238],"product_tag":[2282],"class_list":{"0":"post-169685","1":"product","2":"type-product","3":"status-publish","4":"has-post-thumbnail","6":"product_brand-wp-enjoy","7":"product_cat-blog-revista","8":"product_cat-temas","9":"product_cat-wordpress-temas","10":"product_tag-wp-enjoy","11":"member-discount","12":"discount-restricted","14":"first","15":"instock","16":"sale","17":"downloadable","18":"virtual","19":"sold-individually","20":"purchasable","21":"product-type-simple"},"_links":{"self":[{"href":"https:\/\/gpl-love.com\/es\/wp-json\/wp\/v2\/product\/169685","targetHints":{"allow":["GET"]}}],"collection":[{"href":"https:\/\/gpl-love.com\/es\/wp-json\/wp\/v2\/product"}],"about":[{"href":"https:\/\/gpl-love.com\/es\/wp-json\/wp\/v2\/types\/product"}],"replies":[{"embeddable":true,"href":"https:\/\/gpl-love.com\/es\/wp-json\/wp\/v2\/comments?post=169685"}],"wp:featuredmedia":[{"embeddable":true,"href":"https:\/\/gpl-love.com\/es\/wp-json\/wp\/v2\/media\/169682"}],"wp:attachment":[{"href":"https:\/\/gpl-love.com\/es\/wp-json\/wp\/v2\/media?parent=169685"}],"wp:term":[{"taxonomy":"product_brand","embeddable":true,"href":"https:\/\/gpl-love.com\/es\/wp-json\/wp\/v2\/product_brand?post=169685"},{"taxonomy":"product_cat","embeddable":true,"href":"https:\/\/gpl-love.com\/es\/wp-json\/wp\/v2\/product_cat?post=169685"},{"taxonomy":"product_tag","embeddable":true,"href":"https:\/\/gpl-love.com\/es\/wp-json\/wp\/v2\/product_tag?post=169685"}],"curies":[{"name":"wp","href":"https:\/\/api.w.org\/{rel}","templated":true}]}}