{"id":169681,"date":"2025-06-28T00:00:00","date_gmt":"2025-06-28T05:00:00","guid":{"rendered":"https:\/\/gpl-love.com\/es\/?post_type=product&#038;p=169681"},"modified":"2026-03-13T17:38:01","modified_gmt":"2026-03-13T22:38:01","slug":"visualblocks-pro","status":"publish","type":"product","link":"https:\/\/gpl-love.com\/es\/producto\/visualblocks-pro\/","title":{"rendered":"MySupplier 1.0.0"},"content":{"rendered":"<h3>MySupplier Caracteristicas<\/h3>\n<p>Descubra la soluci\u00f3n definitiva para una gesti\u00f3n fluida de proveedores con WP Enjoy MySupplier. Esta innovadora herramienta est\u00e1 dise\u00f1ada para optimizar sus operaciones, ofreci\u00e9ndole funciones de primer nivel, intuitivas y eficientes. Tanto si es nuevo como si tiene experiencia, nuestro **tutorial de WP Enjoy MySupplier** le guiar\u00e1 paso a paso f\u00e1cilmente.<\/p>\n<p>\u00bfLe interesa saber qu\u00e9 opinan los dem\u00e1s? Consulte las excelentes rese\u00f1as de WP Enjoy MySupplier de usuarios satisfechos que han transformado su flujo de trabajo. Con precios competitivos, optimizar sus procesos de negocio nunca ha sido tan asequible.<\/p>\n<p>Explore las caracter\u00edsticas \u00fanicas de WP Enjoy MySupplier que lo distinguen. Si est\u00e1 considerando sus opciones, nuestra **comparativa de WP Enjoy MySupplier** con otras herramientas le mostrar\u00e1 por qu\u00e9 es la mejor opci\u00f3n. Si busca alternativas, descubrir\u00e1 que las ventajas de WP Enjoy MySupplier son inigualables.<\/p>\n<ul>\n<li>Integraci\u00f3n perfecta con la plataforma MySupplier<\/li>\n<li>Interfaz intuitiva para una gesti\u00f3n sencilla<\/li>\n<li>Actualizaciones y notificaciones en tiempo real<\/li>\n<li>Gesti\u00f3n y cifrado de datos seguros<\/li>\n<li>Panel de control y herramientas de informes personalizables<\/li>\n<li>Compatibilidad multiusuario con acceso basado en roles<\/li>\n<li>Dise\u00f1o optimizado para dispositivos m\u00f3viles para acceso m\u00f3vil<\/li>\n<li>An\u00e1lisis e informaci\u00f3n exhaustivos<\/li>\n<li>Soluciones escalables para empresas en crecimiento<\/li>\n<\/ul>\n","protected":false},"excerpt":{"rendered":"<p>Descubra el poder de WP Enjoy MySupplier, la soluci\u00f3n definitiva para gestionar sus relaciones con proveedores. Con funciones excepcionales dise\u00f1adas para optimizar las operaciones, esta herramienta es revolucionaria para las empresas que buscan eficiencia. Explore las rese\u00f1as de WP Enjoy MySupplier para ver c\u00f3mo se compara con otras alternativas. \u00bfEst\u00e1 considerando comprarla? Compare precios y beneficios de WP Enjoy MySupplier para encontrar la soluci\u00f3n que mejor se adapte a sus necesidades. Explore nuestro completo tutorial de WP Enjoy MySupplier para una configuraci\u00f3n sencilla y maximizar su potencial con soporte dedicado. Elija WP Enjoy MySupplier hoy mismo y revolucione su estrategia de gesti\u00f3n de proveedores.<\/p>\n","protected":false},"featured_media":169678,"comment_status":"open","ping_status":"open","template":"","meta":[],"product_brand":[2661],"product_cat":[1245,1237,1238],"product_tag":[2282],"class_list":{"0":"post-169681","1":"product","2":"type-product","3":"status-publish","4":"has-post-thumbnail","6":"product_brand-wp-enjoy","7":"product_cat-blog-revista","8":"product_cat-temas","9":"product_cat-wordpress-temas","10":"product_tag-wp-enjoy","11":"member-discount","12":"discount-restricted","14":"first","15":"instock","16":"sale","17":"downloadable","18":"virtual","19":"sold-individually","20":"purchasable","21":"product-type-simple"},"_links":{"self":[{"href":"https:\/\/gpl-love.com\/es\/wp-json\/wp\/v2\/product\/169681","targetHints":{"allow":["GET"]}}],"collection":[{"href":"https:\/\/gpl-love.com\/es\/wp-json\/wp\/v2\/product"}],"about":[{"href":"https:\/\/gpl-love.com\/es\/wp-json\/wp\/v2\/types\/product"}],"replies":[{"embeddable":true,"href":"https:\/\/gpl-love.com\/es\/wp-json\/wp\/v2\/comments?post=169681"}],"wp:featuredmedia":[{"embeddable":true,"href":"https:\/\/gpl-love.com\/es\/wp-json\/wp\/v2\/media\/169678"}],"wp:attachment":[{"href":"https:\/\/gpl-love.com\/es\/wp-json\/wp\/v2\/media?parent=169681"}],"wp:term":[{"taxonomy":"product_brand","embeddable":true,"href":"https:\/\/gpl-love.com\/es\/wp-json\/wp\/v2\/product_brand?post=169681"},{"taxonomy":"product_cat","embeddable":true,"href":"https:\/\/gpl-love.com\/es\/wp-json\/wp\/v2\/product_cat?post=169681"},{"taxonomy":"product_tag","embeddable":true,"href":"https:\/\/gpl-love.com\/es\/wp-json\/wp\/v2\/product_tag?post=169681"}],"curies":[{"name":"wp","href":"https:\/\/api.w.org\/{rel}","templated":true}]}}