{"id":169679,"date":"2025-06-27T00:00:00","date_gmt":"2025-06-27T05:00:00","guid":{"rendered":"https:\/\/gpl-love.com\/es\/?post_type=product&#038;p=169679"},"modified":"2026-03-13T17:38:00","modified_gmt":"2026-03-13T22:38:00","slug":"videoclub-pro","status":"publish","type":"product","link":"https:\/\/gpl-love.com\/es\/producto\/videoclub-pro\/","title":{"rendered":"LandingSite 1.0.1"},"content":{"rendered":"<h3>LandingSite Caracteristicas<\/h3>\n<p>Descubre el poder de WP Enjoy LandingSite, la soluci\u00f3n definitiva para crear landing pages impactantes con facilidad. Tanto si eres principiante como experto, nuestro completo tutorial y gu\u00eda de configuraci\u00f3n de WP Enjoy LandingSite te guiar\u00e1n paso a paso, garantizando una experiencia impecable. Explora las impresionantes caracter\u00edsticas de WP Enjoy LandingSite que lo diferencian de la competencia y profundiza en nuestra detallada rese\u00f1a para descubrir por qu\u00e9 a los usuarios les encanta.<\/p>\n<p>Nuestras opciones de personalizaci\u00f3n de WP Enjoy LandingSite te permiten personalizar tus p\u00e1ginas para que se adapten perfectamente a tu marca, mientras que el plugin WP Enjoy LandingSite mejora la funcionalidad con una integraci\u00f3n perfecta. \u00bfNo sabes qu\u00e9 estilo elegir? Descubre los mejores temas para WP Enjoy LandingSite y encuentra el que mejor se adapta a ti. Nuestros consejos de SEO para WP Enjoy LandingSite garantizar\u00e1n que tus p\u00e1ginas tengan un buen posicionamiento, generando m\u00e1s visibilidad y tr\u00e1fico.<\/p>\n<ul>\n<li>Interfaz intuitiva para una navegaci\u00f3n fluida<\/li>\n<li>Dise\u00f1o responsivo para una visualizaci\u00f3n \u00f3ptima en todos los dispositivos<\/li>\n<li>Plantillas personalizables para adaptarse a diversas necesidades comerciales<\/li>\n<li>Herramientas SEO integradas para mejorar el posicionamiento en buscadores<\/li>\n<li>Creador de p\u00e1ginas con funci\u00f3n de arrastrar y soltar<\/li>\n<li>An\u00e1lisis integrado para monitorizar la interacci\u00f3n de los visitantes<\/li>\n<li>Tiempos de carga r\u00e1pidos para una experiencia de usuario mejorada<\/li>\n<li>Alojamiento seguro con actualizaciones peri\u00f3dicas<\/li>\n<li>Integraci\u00f3n con redes sociales para un mayor alcance<\/li>\n<\/ul>\n","protected":false},"excerpt":{"rendered":"<p>Presentamos WP Enjoy LandingSite, la herramienta definitiva para crear sitios web impactantes f\u00e1cilmente. Este completo tutorial y gu\u00eda de configuraci\u00f3n de WP Enjoy LandingSite ofrece instrucciones paso a paso para que empieces r\u00e1pidamente. Descubre las potentes funciones de WP Enjoy LandingSite que lo diferencian de la competencia. Lee nuestra rese\u00f1a de WP Enjoy LandingSite para ver por qu\u00e9 es la mejor opci\u00f3n para tus necesidades. Explora los precios de WP Enjoy LandingSite para encontrar un plan que se ajuste a tu presupuesto. Personaliza tu sitio con los mejores temas para WP Enjoy LandingSite y mejora el rendimiento con los consejos SEO de expertos de WP Enjoy LandingSite. Aprende a usar WP Enjoy LandingSite eficazmente y explora ejemplos reales de WP Enjoy LandingSite. Benef\u00edciate de la integraci\u00f3n perfecta con WP Enjoy LandingSite y su soporte responsivo.<\/p>\n","protected":false},"featured_media":169676,"comment_status":"open","ping_status":"open","template":"","meta":[],"product_brand":[2661],"product_cat":[1245,1237,1238],"product_tag":[2282],"class_list":{"0":"post-169679","1":"product","2":"type-product","3":"status-publish","4":"has-post-thumbnail","6":"product_brand-wp-enjoy","7":"product_cat-blog-revista","8":"product_cat-temas","9":"product_cat-wordpress-temas","10":"product_tag-wp-enjoy","11":"member-discount","12":"discount-restricted","14":"first","15":"instock","16":"sale","17":"downloadable","18":"virtual","19":"sold-individually","20":"purchasable","21":"product-type-simple"},"_links":{"self":[{"href":"https:\/\/gpl-love.com\/es\/wp-json\/wp\/v2\/product\/169679","targetHints":{"allow":["GET"]}}],"collection":[{"href":"https:\/\/gpl-love.com\/es\/wp-json\/wp\/v2\/product"}],"about":[{"href":"https:\/\/gpl-love.com\/es\/wp-json\/wp\/v2\/types\/product"}],"replies":[{"embeddable":true,"href":"https:\/\/gpl-love.com\/es\/wp-json\/wp\/v2\/comments?post=169679"}],"wp:featuredmedia":[{"embeddable":true,"href":"https:\/\/gpl-love.com\/es\/wp-json\/wp\/v2\/media\/169676"}],"wp:attachment":[{"href":"https:\/\/gpl-love.com\/es\/wp-json\/wp\/v2\/media?parent=169679"}],"wp:term":[{"taxonomy":"product_brand","embeddable":true,"href":"https:\/\/gpl-love.com\/es\/wp-json\/wp\/v2\/product_brand?post=169679"},{"taxonomy":"product_cat","embeddable":true,"href":"https:\/\/gpl-love.com\/es\/wp-json\/wp\/v2\/product_cat?post=169679"},{"taxonomy":"product_tag","embeddable":true,"href":"https:\/\/gpl-love.com\/es\/wp-json\/wp\/v2\/product_tag?post=169679"}],"curies":[{"name":"wp","href":"https:\/\/api.w.org\/{rel}","templated":true}]}}