{"id":169677,"date":"2025-06-26T00:00:00","date_gmt":"2025-06-26T05:00:00","guid":{"rendered":"https:\/\/gpl-love.com\/es\/?post_type=product&#038;p=169677"},"modified":"2026-03-13T17:37:59","modified_gmt":"2026-03-13T22:37:59","slug":"mysupplier","status":"publish","type":"product","link":"https:\/\/gpl-love.com\/es\/producto\/mysupplier\/","title":{"rendered":"CompanyOne 1.0.0"},"content":{"rendered":"<h3>CompanyOne Caracteristicas<\/h3>\n<p>Descubre el poder de WP Enjoy CompanyOne, la soluci\u00f3n definitiva para una gesti\u00f3n web fluida. Con excelentes rese\u00f1as, esta herramienta destaca por su interfaz intuitiva y su robusta funcionalidad. Explora las amplias funciones de WP Enjoy CompanyOne, dise\u00f1adas para mejorar tu productividad y optimizar tu flujo de trabajo.<\/p>\n<p>Configurarla es facil\u00edsima gracias a las detalladas instrucciones de configuraci\u00f3n y los pasos de instalaci\u00f3n que se incluyen en la gu\u00eda del usuario. Para quienes se inician en la plataforma, el tutorial de WP Enjoy CompanyOne ofrece una gu\u00eda completa que te permitir\u00e1 aprovechar al m\u00e1ximo todos los beneficios de WP Enjoy CompanyOne desde el principio.<\/p>\n<p>Los precios de WP Enjoy CompanyOne son competitivos y ofrecen una excelente relaci\u00f3n calidad-precio para la variedad de funciones que ofrece. Si tienes alguna pregunta o necesitas ayuda, el atento equipo de atenci\u00f3n al cliente de WP Enjoy CompanyOne est\u00e1 siempre dispuesto a ayudarte.<\/p>\n<ul>\n<li>Construcci\u00f3n de alta calidad para una mayor durabilidad<\/li>\n<li>Dise\u00f1o elegante y moderno que le da un toque est\u00e9tico<\/li>\n<li>Interfaz intuitiva para un manejo sencillo<\/li>\n<li>Funciones de eficiencia energ\u00e9tica para ahorrar costes<\/li>\n<li>Compacto y ligero para una portabilidad \u00f3ptima<\/li>\n<li>Tecnolog\u00eda avanzada para un rendimiento superior<\/li>\n<li>Configuraci\u00f3n personalizable para adaptarse a las preferencias individuales<\/li>\n<li>Mecanismos de seguridad integrados para la protecci\u00f3n del usuario<\/li>\n<li>Materiales ecol\u00f3gicos para una mayor sostenibilidad<\/li>\n<li>Funcionalidad vers\u00e1til para m\u00faltiples aplicaciones<\/li>\n<\/ul>\n","protected":false},"excerpt":{"rendered":"<p>Descubra el futuro de la gesti\u00f3n empresarial fluida con WP Enjoy CompanyOne. Elogiada por su dise\u00f1o intuitivo, esta plataforma ofrece una variedad de funciones dise\u00f1adas para mejorar la productividad. Con precios competitivos y una gu\u00eda de usuario completa, empezar es facil\u00edsimo. Nuestro tutorial paso a paso e instrucciones de configuraci\u00f3n garantizan una instalaci\u00f3n sin complicaciones. Benef\u00edciese de una atenci\u00f3n al cliente excepcional y explore alternativas f\u00e1cilmente. Experimente hoy mismo las ventajas \u00fanicas de WP Enjoy CompanyOne y transforme su flujo de trabajo.<\/p>\n","protected":false},"featured_media":169674,"comment_status":"open","ping_status":"open","template":"","meta":[],"product_brand":[2661],"product_cat":[1245,1237,1238],"product_tag":[2282],"class_list":{"0":"post-169677","1":"product","2":"type-product","3":"status-publish","4":"has-post-thumbnail","6":"product_brand-wp-enjoy","7":"product_cat-blog-revista","8":"product_cat-temas","9":"product_cat-wordpress-temas","10":"product_tag-wp-enjoy","11":"member-discount","12":"discount-restricted","14":"first","15":"instock","16":"sale","17":"downloadable","18":"virtual","19":"sold-individually","20":"purchasable","21":"product-type-simple"},"_links":{"self":[{"href":"https:\/\/gpl-love.com\/es\/wp-json\/wp\/v2\/product\/169677","targetHints":{"allow":["GET"]}}],"collection":[{"href":"https:\/\/gpl-love.com\/es\/wp-json\/wp\/v2\/product"}],"about":[{"href":"https:\/\/gpl-love.com\/es\/wp-json\/wp\/v2\/types\/product"}],"replies":[{"embeddable":true,"href":"https:\/\/gpl-love.com\/es\/wp-json\/wp\/v2\/comments?post=169677"}],"wp:featuredmedia":[{"embeddable":true,"href":"https:\/\/gpl-love.com\/es\/wp-json\/wp\/v2\/media\/169674"}],"wp:attachment":[{"href":"https:\/\/gpl-love.com\/es\/wp-json\/wp\/v2\/media?parent=169677"}],"wp:term":[{"taxonomy":"product_brand","embeddable":true,"href":"https:\/\/gpl-love.com\/es\/wp-json\/wp\/v2\/product_brand?post=169677"},{"taxonomy":"product_cat","embeddable":true,"href":"https:\/\/gpl-love.com\/es\/wp-json\/wp\/v2\/product_cat?post=169677"},{"taxonomy":"product_tag","embeddable":true,"href":"https:\/\/gpl-love.com\/es\/wp-json\/wp\/v2\/product_tag?post=169677"}],"curies":[{"name":"wp","href":"https:\/\/api.w.org\/{rel}","templated":true}]}}