{"id":169675,"date":"2025-06-25T00:00:00","date_gmt":"2025-06-25T05:00:00","guid":{"rendered":"https:\/\/gpl-love.com\/es\/?post_type=product&#038;p=169675"},"modified":"2026-03-13T17:37:58","modified_gmt":"2026-03-13T22:37:58","slug":"landingsite","status":"publish","type":"product","link":"https:\/\/gpl-love.com\/es\/producto\/landingsite\/","title":{"rendered":"BlackVideo Pro 1.0.4"},"content":{"rendered":"<h3>BlackVideo Pro Caracteristicas<\/h3>\n<p>Descubre el poder del v\u00eddeo con WP Enjoy BlackVideo Pro, la herramienta definitiva para mejorar tu presencia online. Tanto si eres principiante como si eres un profesional experimentado, nuestro tutorial y la completa gu\u00eda de usuario de WP Enjoy BlackVideo Pro te guiar\u00e1n paso a paso, simplificando la configuraci\u00f3n y la instalaci\u00f3n.<\/p>\n<p>\u00bfTe interesan sus caracter\u00edsticas y ventajas? WP Enjoy BlackVideo Pro ofrece tecnolog\u00eda de vanguardia que lo distingue de la competencia. Nuestra detallada gu\u00eda comparativa explica por qu\u00e9 es la mejor opci\u00f3n para los aficionados al v\u00eddeo. Adem\u00e1s, con consejos avanzados, incluso los usuarios experimentados pueden llevar sus proyectos al siguiente nivel.<\/p>\n<p>\u00bfEst\u00e1s pensando en comprarlo? Consulta nuestra rese\u00f1a de WP Enjoy BlackVideo Pro para descubrir por qu\u00e9 los usuarios elogian su rendimiento. Tambi\u00e9n ofrecemos precios competitivos y descuentos exclusivos para que sea m\u00e1s f\u00e1cil para todos comprar WP Enjoy BlackVideo Pro.<\/p>\n<ul>\n<li>Software avanzado de edici\u00f3n de video<\/li>\n<li>Interfaz de usuario intuitiva<\/li>\n<li>Opciones de exportaci\u00f3n de video de alta calidad<\/li>\n<li>Compatible con m\u00faltiples formatos de video<\/li>\n<li>Efectos y filtros de video en tiempo real<\/li>\n<li>Integraci\u00f3n perfecta con plugins populares<\/li>\n<li>Plantillas y temas personalizables<\/li>\n<li>R\u00e1pidas velocidades de renderizado y procesamiento<\/li>\n<li>Capacidad de edici\u00f3n multipista<\/li>\n<\/ul>\n","protected":false},"excerpt":{"rendered":"<p>Descubre la soluci\u00f3n de v\u00eddeo definitiva con WP Enjoy BlackVideo Pro. Esta innovadora herramienta ofrece funciones y beneficios inigualables, lo que la convierte en la mejor opci\u00f3n tanto para aficionados como para profesionales del v\u00eddeo. Explora nuestra completa rese\u00f1a de WP Enjoy BlackVideo Pro para comprender sus capacidades. Tanto si buscas comprar WP Enjoy BlackVideo Pro como si necesitas ayuda, nuestro tutorial y gu\u00eda de configuraci\u00f3n te ayudar\u00e1n. Compara WP Enjoy BlackVideo Pro con la competencia y descubre por qu\u00e9 es el l\u00edder en su categor\u00eda. Con precios y descuentos competitivos, es perfecto tanto para principiantes como para expertos. Consulta los testimonios de usuarios y consejos avanzados para disfrutar al m\u00e1ximo de tu experiencia hoy mismo.<\/p>\n","protected":false},"featured_media":169672,"comment_status":"open","ping_status":"open","template":"","meta":[],"product_brand":[2661],"product_cat":[1245,1237,1238],"product_tag":[2282],"class_list":{"0":"post-169675","1":"product","2":"type-product","3":"status-publish","4":"has-post-thumbnail","6":"product_brand-wp-enjoy","7":"product_cat-blog-revista","8":"product_cat-temas","9":"product_cat-wordpress-temas","10":"product_tag-wp-enjoy","11":"member-discount","12":"discount-restricted","14":"first","15":"instock","16":"sale","17":"downloadable","18":"virtual","19":"sold-individually","20":"purchasable","21":"product-type-simple"},"_links":{"self":[{"href":"https:\/\/gpl-love.com\/es\/wp-json\/wp\/v2\/product\/169675","targetHints":{"allow":["GET"]}}],"collection":[{"href":"https:\/\/gpl-love.com\/es\/wp-json\/wp\/v2\/product"}],"about":[{"href":"https:\/\/gpl-love.com\/es\/wp-json\/wp\/v2\/types\/product"}],"replies":[{"embeddable":true,"href":"https:\/\/gpl-love.com\/es\/wp-json\/wp\/v2\/comments?post=169675"}],"wp:featuredmedia":[{"embeddable":true,"href":"https:\/\/gpl-love.com\/es\/wp-json\/wp\/v2\/media\/169672"}],"wp:attachment":[{"href":"https:\/\/gpl-love.com\/es\/wp-json\/wp\/v2\/media?parent=169675"}],"wp:term":[{"taxonomy":"product_brand","embeddable":true,"href":"https:\/\/gpl-love.com\/es\/wp-json\/wp\/v2\/product_brand?post=169675"},{"taxonomy":"product_cat","embeddable":true,"href":"https:\/\/gpl-love.com\/es\/wp-json\/wp\/v2\/product_cat?post=169675"},{"taxonomy":"product_tag","embeddable":true,"href":"https:\/\/gpl-love.com\/es\/wp-json\/wp\/v2\/product_tag?post=169675"}],"curies":[{"name":"wp","href":"https:\/\/api.w.org\/{rel}","templated":true}]}}