{"id":169673,"date":"2025-06-24T00:00:00","date_gmt":"2025-06-24T05:00:00","guid":{"rendered":"https:\/\/gpl-love.com\/es\/?post_type=product&#038;p=169673"},"modified":"2026-03-13T17:37:57","modified_gmt":"2026-03-13T22:37:57","slug":"companyone","status":"publish","type":"product","link":"https:\/\/gpl-love.com\/es\/producto\/companyone\/","title":{"rendered":"VisualSite Pro 1.1.1"},"content":{"rendered":"<h3>VisualSite Pro Caracteristicas<\/h3>\n<p>Descubre el poder de WP Enjoy VisualSite Pro, la soluci\u00f3n definitiva para crear sitios web impresionantes sin esfuerzo. Con excelentes rese\u00f1as de WP Enjoy VisualSite Pro, es evidente que esta herramienta es apreciada por los usuarios por su dise\u00f1o intuitivo y potentes funciones. \u00bfTe interesa saber los precios de WP Enjoy VisualSite Pro? Encontrar\u00e1s tarifas competitivas que ofrecen una excelente relaci\u00f3n calidad-precio por las s\u00f3lidas funciones que ofrece.<\/p>\n<p>Sum\u00e9rgete en el completo tutorial de WP Enjoy VisualSite Pro para empezar de forma r\u00e1pida y eficiente. La gu\u00eda de configuraci\u00f3n de WP Enjoy VisualSite Pro te gu\u00eda paso a paso, garantizando una experiencia fluida. Si est\u00e1s explorando alternativas a WP Enjoy VisualSite Pro, pronto ver\u00e1s por qu\u00e9 esta plataforma destaca por su funcionalidad superior y facilidad de uso.<\/p>\n<p>\u00bfNecesitas ayuda? El servicio de atenci\u00f3n al cliente de WP Enjoy VisualSite Pro es reconocido por su rapidez y disponibilidad, listo para responder a cualquier pregunta o inquietud. Compara WP Enjoy VisualSite Pro con la competencia y apreciar\u00e1s las ventajas \u00fanicas que ofrece. Descarga WP Enjoy VisualSite Pro hoy mismo y libera todo el potencial de tu sitio web.<\/p>\n<ul>\n<li>Interfaz intuitiva de arrastrar y soltar para facilitar la creaci\u00f3n de sitios web<\/li>\n<li>Plantillas predise\u00f1adas para impulsar tu proyecto<\/li>\n<li>Dise\u00f1o adaptable a dispositivos m\u00f3viles que garantiza la compatibilidad del sitio con todos los dispositivos<\/li>\n<li>Herramientas SEO integradas para mejorar la visibilidad en buscadores<\/li>\n<li>Widgets y plugins personalizables para una mayor funcionalidad<\/li>\n<li>Edici\u00f3n en tiempo real para actualizaciones y cambios instant\u00e1neos<\/li>\n<li>Opciones integradas para compartir en redes sociales<\/li>\n<li>Alojamiento seguro con certificado SSL incluido<\/li>\n<li>Funciones de comercio electr\u00f3nico para la creaci\u00f3n de tiendas online<\/li>\n<\/ul>\n","protected":false},"excerpt":{"rendered":"<p>Descubre el poder de WP Enjoy VisualSite Pro, un creador web l\u00edder dise\u00f1ado para revolucionar tu experiencia de desarrollo web. Con rese\u00f1as que destacan su interfaz intuitiva y sus robustas funciones, esta herramienta es ideal tanto para profesionales como para principiantes. Explora los precios competitivos de WP Enjoy VisualSite Pro y descubre un conjunto de funciones que optimizan tu flujo de trabajo. Ya sea siguiendo nuestro tutorial de WP Enjoy VisualSite Pro o consultando la gu\u00eda del usuario, la configuraci\u00f3n es sencilla. Compara WP Enjoy VisualSite Pro con la competencia y descubre una relaci\u00f3n calidad-precio inigualable. Desc\u00e1rgalo hoy mismo y disfruta de una atenci\u00f3n al cliente excepcional de WP Enjoy VisualSite Pro.<\/p>\n","protected":false},"featured_media":169670,"comment_status":"open","ping_status":"open","template":"","meta":[],"product_brand":[2661],"product_cat":[1245,1237,1238],"product_tag":[2282],"class_list":{"0":"post-169673","1":"product","2":"type-product","3":"status-publish","4":"has-post-thumbnail","6":"product_brand-wp-enjoy","7":"product_cat-blog-revista","8":"product_cat-temas","9":"product_cat-wordpress-temas","10":"product_tag-wp-enjoy","11":"member-discount","12":"discount-restricted","14":"first","15":"instock","16":"sale","17":"downloadable","18":"virtual","19":"sold-individually","20":"purchasable","21":"product-type-simple"},"_links":{"self":[{"href":"https:\/\/gpl-love.com\/es\/wp-json\/wp\/v2\/product\/169673","targetHints":{"allow":["GET"]}}],"collection":[{"href":"https:\/\/gpl-love.com\/es\/wp-json\/wp\/v2\/product"}],"about":[{"href":"https:\/\/gpl-love.com\/es\/wp-json\/wp\/v2\/types\/product"}],"replies":[{"embeddable":true,"href":"https:\/\/gpl-love.com\/es\/wp-json\/wp\/v2\/comments?post=169673"}],"wp:featuredmedia":[{"embeddable":true,"href":"https:\/\/gpl-love.com\/es\/wp-json\/wp\/v2\/media\/169670"}],"wp:attachment":[{"href":"https:\/\/gpl-love.com\/es\/wp-json\/wp\/v2\/media?parent=169673"}],"wp:term":[{"taxonomy":"product_brand","embeddable":true,"href":"https:\/\/gpl-love.com\/es\/wp-json\/wp\/v2\/product_brand?post=169673"},{"taxonomy":"product_cat","embeddable":true,"href":"https:\/\/gpl-love.com\/es\/wp-json\/wp\/v2\/product_cat?post=169673"},{"taxonomy":"product_tag","embeddable":true,"href":"https:\/\/gpl-love.com\/es\/wp-json\/wp\/v2\/product_tag?post=169673"}],"curies":[{"name":"wp","href":"https:\/\/api.w.org\/{rel}","templated":true}]}}