{"id":169671,"date":"2025-06-23T00:00:00","date_gmt":"2025-06-23T05:00:00","guid":{"rendered":"https:\/\/gpl-love.com\/es\/?post_type=product&#038;p=169671"},"modified":"2026-03-13T17:37:56","modified_gmt":"2026-03-13T22:37:56","slug":"blackvideo-pro","status":"publish","type":"product","link":"https:\/\/gpl-love.com\/es\/producto\/blackvideo-pro\/","title":{"rendered":"VisualNews Pro 1.0.4"},"content":{"rendered":"<h3>VisualNews Pro Caracteristicas<\/h3>\n<p>Presentamos WP Enjoy VisualNews Pro, la herramienta definitiva para crear contenido visual impactante en tu sitio de WordPress. Tanto si buscas un tutorial detallado como si quieres explorar sus funciones, esta plataforma te ofrece todo lo necesario para mejorar tu presencia online. F\u00e1cilmente accesible mediante una r\u00e1pida descarga de WP Enjoy VisualNews Pro, esta potente herramienta est\u00e1 dise\u00f1ada tanto para principiantes como para usuarios avanzados.<\/p>\n<p>\u00bfTe interesa saber los precios de WP Enjoy VisualNews Pro? Encontrar\u00e1s planes flexibles que se adaptan a diversas necesidades, lo que te garantiza la mejor relaci\u00f3n calidad-precio. Explora las opciones de personalizaci\u00f3n de WP Enjoy VisualNews Pro para adaptar tu experiencia y que tu contenido destaque. \u00bfNo est\u00e1s seguro de si es adecuado para ti? Consulta una rese\u00f1a completa de WP Enjoy VisualNews Pro para compararlo con otras alternativas.<\/p>\n<ul>\n<li>Interfaz intuitiva para una gesti\u00f3n de contenido fluida<\/li>\n<li>Opciones avanzadas de personalizaci\u00f3n para un dise\u00f1o personalizado<\/li>\n<li>Dise\u00f1o responsivo optimizado para todo tipo de dispositivos<\/li>\n<li>Herramientas SEO integradas para mejorar la visibilidad en buscadores<\/li>\n<li>Alta velocidad y tiempos de carga para una mejor experiencia de usuario<\/li>\n<li>M\u00faltiples plantillas de dise\u00f1o para adaptarse a diversos estilos de contenido<\/li>\n<li>Integraci\u00f3n con las plataformas de redes sociales m\u00e1s populares para compartir f\u00e1cilmente<\/li>\n<li>An\u00e1lisis completos para monitorizar y mejorar la interacci\u00f3n con el contenido<\/li>\n<li>Editor intuitivo de arrastrar y soltar para una creaci\u00f3n de p\u00e1ginas sencilla<\/li>\n<\/ul>\n","protected":false},"excerpt":{"rendered":"<p>Presentamos WP Enjoy VisualNews Pro: la soluci\u00f3n definitiva para una gesti\u00f3n de contenido fluida y la optimizaci\u00f3n de sitios web. Experimente una personalizaci\u00f3n inigualable con nuestras funciones intuitivas, que simplifican la creaci\u00f3n de contenido. Sum\u00e9rjase en nuestro completo tutorial de WP Enjoy VisualNews Pro para descubrir todo su potencial. Tanto si tiene curiosidad sobre los precios de WP Enjoy VisualNews Pro como si busca alternativas, nuestra rese\u00f1a y gu\u00eda detalladas lo ayudar\u00e1n. Descargue WP Enjoy VisualNews Pro sin complicaciones y benef\u00edciese de un soporte excepcional para garantizar una experiencia de usuario fluida. Descubra por qu\u00e9 WP Enjoy VisualNews Pro destaca, ofreciendo beneficios \u00fanicos dise\u00f1ados para satisfacer las futuras necesidades de IA y mejorar su presencia digital.<\/p>\n","protected":false},"featured_media":169668,"comment_status":"open","ping_status":"open","template":"","meta":[],"product_brand":[2661],"product_cat":[1245,1237,1238],"product_tag":[2282],"class_list":{"0":"post-169671","1":"product","2":"type-product","3":"status-publish","4":"has-post-thumbnail","6":"product_brand-wp-enjoy","7":"product_cat-blog-revista","8":"product_cat-temas","9":"product_cat-wordpress-temas","10":"product_tag-wp-enjoy","11":"member-discount","12":"discount-restricted","14":"first","15":"instock","16":"sale","17":"downloadable","18":"virtual","19":"sold-individually","20":"purchasable","21":"product-type-simple"},"_links":{"self":[{"href":"https:\/\/gpl-love.com\/es\/wp-json\/wp\/v2\/product\/169671","targetHints":{"allow":["GET"]}}],"collection":[{"href":"https:\/\/gpl-love.com\/es\/wp-json\/wp\/v2\/product"}],"about":[{"href":"https:\/\/gpl-love.com\/es\/wp-json\/wp\/v2\/types\/product"}],"replies":[{"embeddable":true,"href":"https:\/\/gpl-love.com\/es\/wp-json\/wp\/v2\/comments?post=169671"}],"wp:featuredmedia":[{"embeddable":true,"href":"https:\/\/gpl-love.com\/es\/wp-json\/wp\/v2\/media\/169668"}],"wp:attachment":[{"href":"https:\/\/gpl-love.com\/es\/wp-json\/wp\/v2\/media?parent=169671"}],"wp:term":[{"taxonomy":"product_brand","embeddable":true,"href":"https:\/\/gpl-love.com\/es\/wp-json\/wp\/v2\/product_brand?post=169671"},{"taxonomy":"product_cat","embeddable":true,"href":"https:\/\/gpl-love.com\/es\/wp-json\/wp\/v2\/product_cat?post=169671"},{"taxonomy":"product_tag","embeddable":true,"href":"https:\/\/gpl-love.com\/es\/wp-json\/wp\/v2\/product_tag?post=169671"}],"curies":[{"name":"wp","href":"https:\/\/api.w.org\/{rel}","templated":true}]}}