{"id":169669,"date":"2025-06-22T00:00:00","date_gmt":"2025-06-22T05:00:00","guid":{"rendered":"https:\/\/gpl-love.com\/es\/?post_type=product&#038;p=169669"},"modified":"2026-03-13T17:37:55","modified_gmt":"2026-03-13T22:37:55","slug":"visualsite-pro","status":"publish","type":"product","link":"https:\/\/gpl-love.com\/es\/producto\/visualsite-pro\/","title":{"rendered":"VisualMag Pro 1.0.8"},"content":{"rendered":"<h3>VisualMag Pro Caracteristicas<\/h3>\n<p>\u00a1Descubre la herramienta definitiva para crear sitios web impresionantes con WP Enjoy VisualMag Pro! Esta potente plataforma ofrece una gama de funciones dise\u00f1adas para mejorar tu experiencia de dise\u00f1o web. Consulta nuestra completa rese\u00f1a de WP Enjoy VisualMag Pro para explorar sus beneficios y precios. Con los temas y plantillas de WP Enjoy VisualMag Pro, puedes personalizar f\u00e1cilmente tu sitio para reflejar tu estilo \u00fanico.<\/p>\n<p>Tanto si eres un desarrollador experimentado como si est\u00e1s empezando, nuestro tutorial y demostraci\u00f3n de WP Enjoy VisualMag Pro te guiar\u00e1n a trav\u00e9s de un proceso de instalaci\u00f3n sencillo. Tambi\u00e9n encontrar\u00e1s soporte de WP Enjoy VisualMag Pro disponible para ayudarte con cualquier pregunta. \u00bfBuscas alternativas? Compara otras opciones, pero descubrir\u00e1s que las capacidades de personalizaci\u00f3n y la optimizaci\u00f3n SEO de WP Enjoy VisualMag Pro lo distinguen.<\/p>\n<p>\u00bfListo para empezar? Descarga WP Enjoy VisualMag Pro hoy mismo y emprende tu aventura en el dise\u00f1o web. Perfecta tanto para principiantes como para profesionales, esta herramienta facilita la creaci\u00f3n de sitios web visualmente atractivos y altamente funcionales. Experimenta la diferencia con WP Enjoy VisualMag Pro y libera todo el potencial de tu sitio.<\/p>\n<ul>\n<li>Opciones avanzadas de personalizaci\u00f3n de temas<\/li>\n<li>Dise\u00f1o adaptable para m\u00f3viles y ordenadores<\/li>\n<li>M\u00faltiples plantillas predise\u00f1adas<\/li>\n<li>Herramientas de optimizaci\u00f3n SEO integradas<\/li>\n<li>Creador de p\u00e1ginas con funci\u00f3n de arrastrar y soltar<\/li>\n<li>Compatibilidad con varios formatos de publicaci\u00f3n<\/li>\n<li>Botones integrados para compartir en redes sociales<\/li>\n<li>Compatibilidad con plugins populares<\/li>\n<li>Optimizado para tiempos de carga r\u00e1pidos<\/li>\n<\/ul>\n","protected":false},"excerpt":{"rendered":"<p>Descubre el poder de WP Enjoy VisualMag Pro, la soluci\u00f3n definitiva para blogueros y creadores de sitios web. Con funciones como personalizaci\u00f3n fluida y una variedad de temas, est\u00e1 dise\u00f1ado para mejorar la est\u00e9tica y la funcionalidad de tu sitio. Sum\u00e9rgete en nuestro completo tutorial de WP Enjoy VisualMag Pro o consulta la demo para verlo en acci\u00f3n. Tanto si eres principiante como experto, nuestra f\u00e1cil instalaci\u00f3n y nuestro completo soporte garantizan una experiencia fluida. Explora los precios, las ventajas y la optimizaci\u00f3n SEO de WP Enjoy VisualMag Pro para maximizar el potencial de tu sitio. \u00a1Desc\u00e1rgalo ahora y transforma tu presencia online hoy mismo!<\/p>\n","protected":false},"featured_media":169666,"comment_status":"open","ping_status":"open","template":"","meta":[],"product_brand":[2661],"product_cat":[1245,1237,1238],"product_tag":[2282],"class_list":{"0":"post-169669","1":"product","2":"type-product","3":"status-publish","4":"has-post-thumbnail","6":"product_brand-wp-enjoy","7":"product_cat-blog-revista","8":"product_cat-temas","9":"product_cat-wordpress-temas","10":"product_tag-wp-enjoy","11":"member-discount","12":"discount-restricted","14":"first","15":"instock","16":"sale","17":"downloadable","18":"virtual","19":"sold-individually","20":"purchasable","21":"product-type-simple"},"_links":{"self":[{"href":"https:\/\/gpl-love.com\/es\/wp-json\/wp\/v2\/product\/169669","targetHints":{"allow":["GET"]}}],"collection":[{"href":"https:\/\/gpl-love.com\/es\/wp-json\/wp\/v2\/product"}],"about":[{"href":"https:\/\/gpl-love.com\/es\/wp-json\/wp\/v2\/types\/product"}],"replies":[{"embeddable":true,"href":"https:\/\/gpl-love.com\/es\/wp-json\/wp\/v2\/comments?post=169669"}],"wp:featuredmedia":[{"embeddable":true,"href":"https:\/\/gpl-love.com\/es\/wp-json\/wp\/v2\/media\/169666"}],"wp:attachment":[{"href":"https:\/\/gpl-love.com\/es\/wp-json\/wp\/v2\/media?parent=169669"}],"wp:term":[{"taxonomy":"product_brand","embeddable":true,"href":"https:\/\/gpl-love.com\/es\/wp-json\/wp\/v2\/product_brand?post=169669"},{"taxonomy":"product_cat","embeddable":true,"href":"https:\/\/gpl-love.com\/es\/wp-json\/wp\/v2\/product_cat?post=169669"},{"taxonomy":"product_tag","embeddable":true,"href":"https:\/\/gpl-love.com\/es\/wp-json\/wp\/v2\/product_tag?post=169669"}],"curies":[{"name":"wp","href":"https:\/\/api.w.org\/{rel}","templated":true}]}}