{"id":169667,"date":"2025-06-21T00:00:00","date_gmt":"2025-06-21T05:00:00","guid":{"rendered":"https:\/\/gpl-love.com\/es\/?post_type=product&#038;p=169667"},"modified":"2026-03-13T17:37:54","modified_gmt":"2026-03-13T22:37:54","slug":"visualnews-pro","status":"publish","type":"product","link":"https:\/\/gpl-love.com\/es\/producto\/visualnews-pro\/","title":{"rendered":"VisualCompany Pro 1.0.5"},"content":{"rendered":"<h3>VisualCompany Pro Caracteristicas<\/h3>\n<p>Presentamos WP Enjoy VisualCompany Pro, el plugin definitivo para WordPress, dise\u00f1ado para transformar el sitio web de tu empresa. Libera el poder de la visualizaci\u00f3n de datos con esta herramienta de vanguardia, perfecta para mejorar el atractivo y la funcionalidad de tu sitio. Tanto si eres un desarrollador experimentado como si eres principiante en WordPress, las funciones de Enjoy VisualCompany Pro facilitan la creaci\u00f3n de contenido visual impactante.<\/p>\n<p>\u00bfTe interesa la experiencia de usuario? Consulta la secci\u00f3n de rese\u00f1as de WP Enjoy VisualCompany Pro, repleta de excelentes testimonios de clientes que destacan su impacto en los sitios web empresariales. Si est\u00e1s listo para empezar, la Gu\u00eda de instalaci\u00f3n de Enjoy VisualCompany Pro te ofrece un proceso de configuraci\u00f3n sencillo que te garantiza visualizar datos r\u00e1pidamente con WP Enjoy VisualCompany Pro.<\/p>\n<p>Nuestra completa Gu\u00eda del usuario de Enjoy VisualCompany Pro te gu\u00eda por cada funci\u00f3n para que saques el m\u00e1ximo partido a este potente plugin. Descubre precios competitivos de WP Enjoy VisualCompany Pro que se adaptan a cualquier presupuesto y te permiten mejorar tu sitio web sin gastar una fortuna.<\/p>\n<ul>\n<li>Integraci\u00f3n perfecta con las plataformas de VisualCompany<\/li>\n<li>Interfaz intuitiva para una navegaci\u00f3n sencilla<\/li>\n<li>Opciones avanzadas de personalizaci\u00f3n para un uso personalizado<\/li>\n<li>Herramientas de colaboraci\u00f3n en tiempo real para la eficiencia del equipo<\/li>\n<li>Protocolos de seguridad mejorados para proteger los datos<\/li>\n<li>An\u00e1lisis exhaustivos para generar informes detallados<\/li>\n<li>Compatibilidad robusta con contenido multimedia<\/li>\n<li>Optimizado para dispositivos m\u00f3viles y de escritorio<\/li>\n<li>Actualizaciones peri\u00f3dicas con nuevas funciones y mejoras<\/li>\n<\/ul>\n","protected":false},"excerpt":{"rendered":"<p>Presentamos WP Enjoy VisualCompany Pro, el plugin definitivo de WordPress para empresas que buscan optimizar sus sitios web con funciones visuales de vanguardia. Visualice datos con fluidez y cautive a su audiencia con nuestra plataforma intuitiva. Explore la completa gu\u00eda de instalaci\u00f3n y la gu\u00eda del usuario de Enjoy VisualCompany Pro para descubrir todo su potencial. \u00bfLe interesa saber su impacto? Consulte los testimonios de clientes y las valiosas rese\u00f1as de WP Enjoy VisualCompany Pro. Dise\u00f1ado para sitios web empresariales, nuestro plugin ofrece precios competitivos que se adaptan a todos los presupuestos. Descubra por qu\u00e9 WP Enjoy VisualCompany Pro es la opci\u00f3n preferida de los profesionales que buscan mejorar su presencia web con funciones profesionales hoy mismo.<\/p>\n","protected":false},"featured_media":169664,"comment_status":"open","ping_status":"open","template":"","meta":[],"product_brand":[2661],"product_cat":[1245,1237,1238],"product_tag":[2282],"class_list":{"0":"post-169667","1":"product","2":"type-product","3":"status-publish","4":"has-post-thumbnail","6":"product_brand-wp-enjoy","7":"product_cat-blog-revista","8":"product_cat-temas","9":"product_cat-wordpress-temas","10":"product_tag-wp-enjoy","11":"member-discount","12":"discount-restricted","14":"first","15":"instock","16":"sale","17":"downloadable","18":"virtual","19":"sold-individually","20":"purchasable","21":"product-type-simple"},"_links":{"self":[{"href":"https:\/\/gpl-love.com\/es\/wp-json\/wp\/v2\/product\/169667","targetHints":{"allow":["GET"]}}],"collection":[{"href":"https:\/\/gpl-love.com\/es\/wp-json\/wp\/v2\/product"}],"about":[{"href":"https:\/\/gpl-love.com\/es\/wp-json\/wp\/v2\/types\/product"}],"replies":[{"embeddable":true,"href":"https:\/\/gpl-love.com\/es\/wp-json\/wp\/v2\/comments?post=169667"}],"wp:featuredmedia":[{"embeddable":true,"href":"https:\/\/gpl-love.com\/es\/wp-json\/wp\/v2\/media\/169664"}],"wp:attachment":[{"href":"https:\/\/gpl-love.com\/es\/wp-json\/wp\/v2\/media?parent=169667"}],"wp:term":[{"taxonomy":"product_brand","embeddable":true,"href":"https:\/\/gpl-love.com\/es\/wp-json\/wp\/v2\/product_brand?post=169667"},{"taxonomy":"product_cat","embeddable":true,"href":"https:\/\/gpl-love.com\/es\/wp-json\/wp\/v2\/product_cat?post=169667"},{"taxonomy":"product_tag","embeddable":true,"href":"https:\/\/gpl-love.com\/es\/wp-json\/wp\/v2\/product_tag?post=169667"}],"curies":[{"name":"wp","href":"https:\/\/api.w.org\/{rel}","templated":true}]}}