{"id":169665,"date":"2025-06-20T00:00:00","date_gmt":"2025-06-20T05:00:00","guid":{"rendered":"https:\/\/gpl-love.com\/es\/?post_type=product&#038;p=169665"},"modified":"2026-03-13T17:37:53","modified_gmt":"2026-03-13T22:37:53","slug":"visualmag-pro","status":"publish","type":"product","link":"https:\/\/gpl-love.com\/es\/producto\/visualmag-pro\/","title":{"rendered":"VisualBusiness Pro 1.0.7"},"content":{"rendered":"<h3>VisualBusiness Pro Caracteristicas<\/h3>\n<p>Descubre el poder de WP Enjoy VisualBusiness Pro, la herramienta definitiva para crear sitios web impresionantes sin esfuerzo. Con sus robustas funciones y dise\u00f1o intuitivo, esta plataforma es perfecta tanto para principiantes como para profesionales experimentados. Sum\u00e9rgete en el tutorial de WP Enjoy VisualBusiness Pro para descubrir todo su potencial y explorar la amplia gama de plantillas personalizables que se adaptan a todas las necesidades de tu negocio.<\/p>\n<p>\u00bfTe interesa saber los precios de WP Enjoy VisualBusiness Pro? Ofrecemos paquetes competitivos adaptados a tus necesidades. Adem\u00e1s, con nuestra integraci\u00f3n perfecta con WP Enjoy VisualBusiness Pro, puedes incorporarlo f\u00e1cilmente a tu flujo de trabajo actual. \u00bfNo est\u00e1s seguro de si es la soluci\u00f3n adecuada? Consulta nuestra demo de WP Enjoy VisualBusiness Pro para verlo en acci\u00f3n.<\/p>\n<p>Configurarlo es facil\u00edsimo con la gu\u00eda de usuario de WP Enjoy VisualBusiness Pro, que proporciona instrucciones paso a paso para una instalaci\u00f3n sin problemas. Si necesitas ayuda, nuestro equipo de soporte de WP Enjoy VisualBusiness Pro est\u00e1 siempre listo para ayudarte.<\/p>\n<ul>\n<li>Herramientas avanzadas de dise\u00f1o visual para crear presentaciones empresariales impactantes<\/li>\n<li>Integraci\u00f3n perfecta con WordPress para una f\u00e1cil personalizaci\u00f3n del sitio web<\/li>\n<li>Interfaz de arrastrar y soltar para una experiencia intuitiva<\/li>\n<li>Dise\u00f1o responsivo que garantiza la compatibilidad en todos los dispositivos<\/li>\n<li>Amplia biblioteca de plantillas adaptadas a diversas necesidades empresariales<\/li>\n<li>Widgets personalizables para una funcionalidad mejorada<\/li>\n<li>Funciones de optimizaci\u00f3n SEO integradas para mejorar el posicionamiento en buscadores<\/li>\n<li>Soporte multiling\u00fce para atender a un p\u00fablico global<\/li>\n<li>Panel de an\u00e1lisis completo para el seguimiento de m\u00e9tricas de rendimiento<\/li>\n<\/ul>\n","protected":false},"excerpt":{"rendered":"<p>Descubre el poder de WP Enjoy VisualBusiness Pro, la soluci\u00f3n definitiva para crear sitios web impactantes f\u00e1cilmente. Esta completa herramienta ofrece una amplia gama de funciones, incluyendo una integraci\u00f3n perfecta y plantillas personalizables, dise\u00f1adas para satisfacer las necesidades de tu negocio. \u00bfTe interesa saber los precios de WP Enjoy VisualBusiness Pro o buscas una rese\u00f1a detallada? Nuestro tutorial y gu\u00eda de usuario de WP Enjoy VisualBusiness Pro son perfectos para principiantes. Experimenta una configuraci\u00f3n sencilla y explora sus ventajas con nuestra demo exclusiva de WP Enjoy VisualBusiness Pro. Compara alternativas a WP Enjoy VisualBusiness Pro y consigue tu licencia hoy mismo para mejorar tu experiencia de dise\u00f1o web.<\/p>\n","protected":false},"featured_media":169662,"comment_status":"open","ping_status":"open","template":"","meta":[],"product_brand":[2661],"product_cat":[1245,1237,1238],"product_tag":[2282],"class_list":{"0":"post-169665","1":"product","2":"type-product","3":"status-publish","4":"has-post-thumbnail","6":"product_brand-wp-enjoy","7":"product_cat-blog-revista","8":"product_cat-temas","9":"product_cat-wordpress-temas","10":"product_tag-wp-enjoy","11":"member-discount","12":"discount-restricted","14":"first","15":"instock","16":"sale","17":"downloadable","18":"virtual","19":"sold-individually","20":"purchasable","21":"product-type-simple"},"_links":{"self":[{"href":"https:\/\/gpl-love.com\/es\/wp-json\/wp\/v2\/product\/169665","targetHints":{"allow":["GET"]}}],"collection":[{"href":"https:\/\/gpl-love.com\/es\/wp-json\/wp\/v2\/product"}],"about":[{"href":"https:\/\/gpl-love.com\/es\/wp-json\/wp\/v2\/types\/product"}],"replies":[{"embeddable":true,"href":"https:\/\/gpl-love.com\/es\/wp-json\/wp\/v2\/comments?post=169665"}],"wp:featuredmedia":[{"embeddable":true,"href":"https:\/\/gpl-love.com\/es\/wp-json\/wp\/v2\/media\/169662"}],"wp:attachment":[{"href":"https:\/\/gpl-love.com\/es\/wp-json\/wp\/v2\/media?parent=169665"}],"wp:term":[{"taxonomy":"product_brand","embeddable":true,"href":"https:\/\/gpl-love.com\/es\/wp-json\/wp\/v2\/product_brand?post=169665"},{"taxonomy":"product_cat","embeddable":true,"href":"https:\/\/gpl-love.com\/es\/wp-json\/wp\/v2\/product_cat?post=169665"},{"taxonomy":"product_tag","embeddable":true,"href":"https:\/\/gpl-love.com\/es\/wp-json\/wp\/v2\/product_tag?post=169665"}],"curies":[{"name":"wp","href":"https:\/\/api.w.org\/{rel}","templated":true}]}}