{"id":169663,"date":"2025-06-19T00:00:00","date_gmt":"2025-06-19T05:00:00","guid":{"rendered":"https:\/\/gpl-love.com\/es\/?post_type=product&#038;p=169663"},"modified":"2026-03-13T17:37:52","modified_gmt":"2026-03-13T22:37:52","slug":"visualcompany-pro","status":"publish","type":"product","link":"https:\/\/gpl-love.com\/es\/producto\/visualcompany-pro\/","title":{"rendered":"VisualBlog Pro 1.0.9"},"content":{"rendered":"<h3>VisualBlog Pro Caracteristicas<\/h3>\n<p>Libera todo el potencial de tu sitio WordPress con WP Enjoy VisualBlog Pro, la herramienta definitiva para blogueros y creadores de contenido. Descubre las amplias funciones de WP Enjoy VisualBlog Pro que facilitan la creaci\u00f3n de blogs impactantes. Tanto si eres principiante como si eres un experto, nuestro completo tutorial y gu\u00eda de WP Enjoy VisualBlog Pro te guiar\u00e1 paso a paso, desde la configuraci\u00f3n hasta la personalizaci\u00f3n.<\/p>\n<p>Descarga WP Enjoy VisualBlog Pro hoy mismo y experimenta la facilidad de uso que miles de usuarios destacan en sus rese\u00f1as. Con los temas y plantillas flexibles de WP Enjoy VisualBlog Pro, puedes crear un blog \u00fanico y visualmente atractivo con el m\u00ednimo esfuerzo. Nuestra herramienta est\u00e1 dise\u00f1ada para una personalizaci\u00f3n intuitiva, garantizando que tu blog destaque.<\/p>\n<p>\u00bfEst\u00e1s considerando el precio de WP Enjoy VisualBlog Pro? Es una inversi\u00f3n en calidad y eficiencia, con el respaldo de nuestro dedicado equipo de soporte. Explora la demo de WP Enjoy VisualBlog Pro para ver de primera mano c\u00f3mo puede transformar tu experiencia de blogging.<\/p>\n<ul>\n<li>Herramientas avanzadas de edici\u00f3n visual para una creaci\u00f3n de contenido fluida<\/li>\n<li>Dise\u00f1o totalmente adaptable para una visualizaci\u00f3n \u00f3ptima en todos los dispositivos<\/li>\n<li>Temas y dise\u00f1os personalizables para adaptarse a tu marca<\/li>\n<li>Herramientas SEO integradas para mejorar la visibilidad en buscadores<\/li>\n<li>Funciones integradas para compartir en redes sociales para un mayor alcance<\/li>\n<li>Velocidades de carga r\u00e1pidas para una mejor experiencia de usuario<\/li>\n<li>Atenci\u00f3n al cliente fiable para resoluci\u00f3n de problemas y asistencia<\/li>\n<li>Compatibilidad con plugins populares para una funcionalidad ampliada<\/li>\n<li>Actualizaciones peri\u00f3dicas para garantizar la seguridad y mejorar las funciones<\/li>\n<li>Interfaz intuitiva con funci\u00f3n de arrastrar y soltar para una mayor facilidad de uso<\/li>\n<\/ul>\n","protected":false},"excerpt":{"rendered":"<p>Descubre la experiencia definitiva de blogging con WP Enjoy VisualBlog Pro, la herramienta l\u00edder para crear sitios web impactantes. Esta potente plataforma ofrece una variedad de funciones, incluyendo temas y plantillas personalizables, para impulsar tu presencia online. Tanto si eres principiante como si eres un experto, nuestro completo tutorial y gu\u00eda de configuraci\u00f3n de WP Enjoy VisualBlog Pro te permitir\u00e1 empezar a trabajar enseguida. Explora nuestra rese\u00f1a detallada y la demo para conocer las ventajas y los precios. \u00bfNecesitas ayuda? Nuestro equipo de soporte est\u00e1 siempre listo para ayudarte. Elige WP Enjoy VisualBlog Pro para una experiencia de blogging sin igual.<\/p>\n","protected":false},"featured_media":169660,"comment_status":"open","ping_status":"open","template":"","meta":[],"product_brand":[2661],"product_cat":[1245,1237,1238],"product_tag":[2282],"class_list":{"0":"post-169663","1":"product","2":"type-product","3":"status-publish","4":"has-post-thumbnail","6":"product_brand-wp-enjoy","7":"product_cat-blog-revista","8":"product_cat-temas","9":"product_cat-wordpress-temas","10":"product_tag-wp-enjoy","11":"member-discount","12":"discount-restricted","14":"first","15":"instock","16":"sale","17":"downloadable","18":"virtual","19":"sold-individually","20":"purchasable","21":"product-type-simple"},"_links":{"self":[{"href":"https:\/\/gpl-love.com\/es\/wp-json\/wp\/v2\/product\/169663","targetHints":{"allow":["GET"]}}],"collection":[{"href":"https:\/\/gpl-love.com\/es\/wp-json\/wp\/v2\/product"}],"about":[{"href":"https:\/\/gpl-love.com\/es\/wp-json\/wp\/v2\/types\/product"}],"replies":[{"embeddable":true,"href":"https:\/\/gpl-love.com\/es\/wp-json\/wp\/v2\/comments?post=169663"}],"wp:featuredmedia":[{"embeddable":true,"href":"https:\/\/gpl-love.com\/es\/wp-json\/wp\/v2\/media\/169660"}],"wp:attachment":[{"href":"https:\/\/gpl-love.com\/es\/wp-json\/wp\/v2\/media?parent=169663"}],"wp:term":[{"taxonomy":"product_brand","embeddable":true,"href":"https:\/\/gpl-love.com\/es\/wp-json\/wp\/v2\/product_brand?post=169663"},{"taxonomy":"product_cat","embeddable":true,"href":"https:\/\/gpl-love.com\/es\/wp-json\/wp\/v2\/product_cat?post=169663"},{"taxonomy":"product_tag","embeddable":true,"href":"https:\/\/gpl-love.com\/es\/wp-json\/wp\/v2\/product_tag?post=169663"}],"curies":[{"name":"wp","href":"https:\/\/api.w.org\/{rel}","templated":true}]}}