{"id":169661,"date":"2025-06-18T00:00:00","date_gmt":"2025-06-18T05:00:00","guid":{"rendered":"https:\/\/gpl-love.com\/es\/?post_type=product&#038;p=169661"},"modified":"2026-03-13T17:37:52","modified_gmt":"2026-03-13T22:37:52","slug":"visualbusiness-pro","status":"publish","type":"product","link":"https:\/\/gpl-love.com\/es\/producto\/visualbusiness-pro\/","title":{"rendered":"VideoShare Pro 1.0.6"},"content":{"rendered":"<h3>VideoShare Pro Caracteristicas<\/h3>\n<p>Presentamos WP Enjoy VideoShare Pro, \u00a1el plugin definitivo para compartir v\u00eddeos para entusiastas de WordPress! Dise\u00f1ado para mejorar la experiencia multimedia de tu sitio web, WP Enjoy VideoShare Pro cuenta con una interfaz intuitiva que facilita la integraci\u00f3n de v\u00eddeos. Tanto si eres principiante como experto, nuestra completa gu\u00eda de configuraci\u00f3n y usuario de WP Enjoy VideoShare Pro te guiar\u00e1 paso a paso con facilidad.<\/p>\n<p>\u00bfTe interesa saber qu\u00e9 hace que este plugin sea imprescindible? Consulta nuestra rese\u00f1a de WP Enjoy VideoShare Pro para ver c\u00f3mo se destaca de otras alternativas. Para quienes deseen profundizar en el tema, nuestra demo de WP Enjoy VideoShare Pro ofrece una experiencia pr\u00e1ctica que muestra sus potentes funciones y opciones de personalizaci\u00f3n.<\/p>\n<p>Con un precio asequible, WP Enjoy VideoShare Pro te garantiza beneficios premium sin gastar una fortuna. Y si necesitas ayuda, nuestro equipo de soporte de WP Enjoy VideoShare Pro est\u00e1 listo para ayudarte.<\/p>\n<ul>\n<li>Capacidades fluidas para compartir videos<\/li>\n<li>Interfaz intuitiva para una navegaci\u00f3n sin esfuerzo<\/li>\n<li>Compatible con m\u00faltiples formatos de video<\/li>\n<li>Reproducci\u00f3n de video de alta calidad<\/li>\n<li>Dise\u00f1os de reproductor de video personalizables<\/li>\n<li>Integraci\u00f3n con redes sociales para compartir f\u00e1cilmente<\/li>\n<li>Herramientas avanzadas de an\u00e1lisis e informes<\/li>\n<li>Dise\u00f1o adaptable a dispositivos m\u00f3viles para acceso en cualquier lugar<\/li>\n<li>Opciones de alojamiento seguro para proteger el contenido<\/li>\n<\/ul>\n","protected":false},"excerpt":{"rendered":"<p>Presentamos WP Enjoy VideoShare Pro, el plugin definitivo para WordPress para compartir v\u00eddeos sin problemas. Descubre funciones inigualables con nuestro tutorial detallado y explora la experiencia de los usuarios con an\u00e1lisis completos. Los precios competitivos de WP Enjoy VideoShare Pro garantizan la accesibilidad, mientras que las sencillas gu\u00edas de descarga e instalaci\u00f3n simplifican la integraci\u00f3n. Optimiza tu sitio web con las ventajas de WP Enjoy VideoShare Pro y disfruta de opciones de personalizaci\u00f3n a tu medida. Eval\u00faa las alternativas a WP Enjoy VideoShare Pro y descubre por qu\u00e9 nuestro plugin destaca. Prueba las demostraciones de WP Enjoy VideoShare Pro y conf\u00eda en nuestro soporte dedicado para un rendimiento e integraci\u00f3n \u00f3ptimos. \u00a1Transforma tus capacidades para compartir v\u00eddeos hoy mismo!<\/p>\n","protected":false},"featured_media":169658,"comment_status":"open","ping_status":"open","template":"","meta":[],"product_brand":[2661],"product_cat":[1245,1237,1238],"product_tag":[2282],"class_list":{"0":"post-169661","1":"product","2":"type-product","3":"status-publish","4":"has-post-thumbnail","6":"product_brand-wp-enjoy","7":"product_cat-blog-revista","8":"product_cat-temas","9":"product_cat-wordpress-temas","10":"product_tag-wp-enjoy","11":"member-discount","12":"discount-restricted","14":"first","15":"instock","16":"sale","17":"downloadable","18":"virtual","19":"sold-individually","20":"purchasable","21":"product-type-simple"},"_links":{"self":[{"href":"https:\/\/gpl-love.com\/es\/wp-json\/wp\/v2\/product\/169661","targetHints":{"allow":["GET"]}}],"collection":[{"href":"https:\/\/gpl-love.com\/es\/wp-json\/wp\/v2\/product"}],"about":[{"href":"https:\/\/gpl-love.com\/es\/wp-json\/wp\/v2\/types\/product"}],"replies":[{"embeddable":true,"href":"https:\/\/gpl-love.com\/es\/wp-json\/wp\/v2\/comments?post=169661"}],"wp:featuredmedia":[{"embeddable":true,"href":"https:\/\/gpl-love.com\/es\/wp-json\/wp\/v2\/media\/169658"}],"wp:attachment":[{"href":"https:\/\/gpl-love.com\/es\/wp-json\/wp\/v2\/media?parent=169661"}],"wp:term":[{"taxonomy":"product_brand","embeddable":true,"href":"https:\/\/gpl-love.com\/es\/wp-json\/wp\/v2\/product_brand?post=169661"},{"taxonomy":"product_cat","embeddable":true,"href":"https:\/\/gpl-love.com\/es\/wp-json\/wp\/v2\/product_cat?post=169661"},{"taxonomy":"product_tag","embeddable":true,"href":"https:\/\/gpl-love.com\/es\/wp-json\/wp\/v2\/product_tag?post=169661"}],"curies":[{"name":"wp","href":"https:\/\/api.w.org\/{rel}","templated":true}]}}