{"id":169659,"date":"2025-06-17T00:00:00","date_gmt":"2025-06-17T05:00:00","guid":{"rendered":"https:\/\/gpl-love.com\/es\/?post_type=product&#038;p=169659"},"modified":"2026-03-13T17:37:51","modified_gmt":"2026-03-13T22:37:51","slug":"visualblog-pro","status":"publish","type":"product","link":"https:\/\/gpl-love.com\/es\/producto\/visualblog-pro\/","title":{"rendered":"VideoLife Pro 1.0.8"},"content":{"rendered":"<h3>VideoLife Pro Caracteristicas<\/h3>\n<p>\u00a1Descubre la experiencia definitiva de edici\u00f3n de video con WP Enjoy VideoLife Pro! Esta potente herramienta est\u00e1 dise\u00f1ada para optimizar tus proyectos de video sin esfuerzo. \u00bfTe interesan sus funciones? Consulta nuestra completa rese\u00f1a de WP Enjoy VideoLife Pro para explorar sus caracter\u00edsticas destacadas. Tanto si eres principiante como experto, nuestro tutorial de WP Enjoy VideoLife Pro te guiar\u00e1 en cada paso del proceso.<\/p>\n<p>\u00bfListo para comprar? Compra WP Enjoy VideoLife Pro hoy mismo y descubre un mundo de posibilidades creativas. Nuestros precios competitivos te garantizan el mejor precio. No te pierdas los descuentos exclusivos para ahorrar a\u00fan m\u00e1s.<\/p>\n<p>Una vez realizada la compra, la descarga e instalaci\u00f3n de WP Enjoy VideoLife Pro son muy sencillas, lo que te permitir\u00e1 empezar a crear videos incre\u00edbles en un abrir y cerrar de ojos. \u00bfNecesitas ayuda? Nuestro equipo de soporte de WP Enjoy VideoLife Pro est\u00e1 aqu\u00ed para ayudarte.<\/p>\n<ul>\n<li>Capacidades de transmisi\u00f3n de video de alta definici\u00f3n<\/li>\n<li>Integraci\u00f3n perfecta con las plataformas de video m\u00e1s populares<\/li>\n<li>Interfaz intuitiva para una navegaci\u00f3n sencilla<\/li>\n<li>Herramientas avanzadas de edici\u00f3n de video incluidas<\/li>\n<li>Opciones de almacenamiento en la nube para contenido de video<\/li>\n<li>Compatibilidad con m\u00faltiples dispositivos para acceso en cualquier lugar<\/li>\n<li>Listas de reproducci\u00f3n y categor\u00edas de video personalizables<\/li>\n<li>Funciones de seguridad mejoradas para la protecci\u00f3n de video<\/li>\n<li>An\u00e1lisis en tiempo real y m\u00e9tricas de participaci\u00f3n del espectador<\/li>\n<\/ul>\n","protected":false},"excerpt":{"rendered":"<p>Presentamos WP Enjoy VideoLife Pro, la soluci\u00f3n definitiva para una integraci\u00f3n de v\u00eddeo fluida en tu sitio WordPress. Descubre funciones inigualables con nuestro completo tutorial de WP Enjoy VideoLife Pro, dise\u00f1ado para guiarte en la configuraci\u00f3n y maximizar tu experiencia. Lee nuestra rese\u00f1a de WP Enjoy VideoLife Pro para descubrir por qu\u00e9 los usuarios elogian su rendimiento y versatilidad. \u00bfListo para transformar tu sitio web? Compra WP Enjoy VideoLife Pro hoy mismo y aprovecha sus precios y descuentos especiales. Descarga e instala WP Enjoy VideoLife Pro f\u00e1cilmente, con soporte dedicado. Explora alternativas a WP Enjoy VideoLife Pro, pero nada se compara con esta potente herramienta.<\/p>\n","protected":false},"featured_media":169656,"comment_status":"open","ping_status":"open","template":"","meta":[],"product_brand":[2661],"product_cat":[1245,1237,1238],"product_tag":[2282],"class_list":{"0":"post-169659","1":"product","2":"type-product","3":"status-publish","4":"has-post-thumbnail","6":"product_brand-wp-enjoy","7":"product_cat-blog-revista","8":"product_cat-temas","9":"product_cat-wordpress-temas","10":"product_tag-wp-enjoy","11":"member-discount","12":"discount-restricted","14":"first","15":"instock","16":"sale","17":"downloadable","18":"virtual","19":"sold-individually","20":"purchasable","21":"product-type-simple"},"_links":{"self":[{"href":"https:\/\/gpl-love.com\/es\/wp-json\/wp\/v2\/product\/169659","targetHints":{"allow":["GET"]}}],"collection":[{"href":"https:\/\/gpl-love.com\/es\/wp-json\/wp\/v2\/product"}],"about":[{"href":"https:\/\/gpl-love.com\/es\/wp-json\/wp\/v2\/types\/product"}],"replies":[{"embeddable":true,"href":"https:\/\/gpl-love.com\/es\/wp-json\/wp\/v2\/comments?post=169659"}],"wp:featuredmedia":[{"embeddable":true,"href":"https:\/\/gpl-love.com\/es\/wp-json\/wp\/v2\/media\/169656"}],"wp:attachment":[{"href":"https:\/\/gpl-love.com\/es\/wp-json\/wp\/v2\/media?parent=169659"}],"wp:term":[{"taxonomy":"product_brand","embeddable":true,"href":"https:\/\/gpl-love.com\/es\/wp-json\/wp\/v2\/product_brand?post=169659"},{"taxonomy":"product_cat","embeddable":true,"href":"https:\/\/gpl-love.com\/es\/wp-json\/wp\/v2\/product_cat?post=169659"},{"taxonomy":"product_tag","embeddable":true,"href":"https:\/\/gpl-love.com\/es\/wp-json\/wp\/v2\/product_tag?post=169659"}],"curies":[{"name":"wp","href":"https:\/\/api.w.org\/{rel}","templated":true}]}}