{"id":169657,"date":"2025-06-16T00:00:00","date_gmt":"2025-06-16T05:00:00","guid":{"rendered":"https:\/\/gpl-love.com\/es\/?post_type=product&#038;p=169657"},"modified":"2026-03-13T17:37:50","modified_gmt":"2026-03-13T22:37:50","slug":"videoshare-pro","status":"publish","type":"product","link":"https:\/\/gpl-love.com\/es\/producto\/videoshare-pro\/","title":{"rendered":"JustVideo Pro 1.1.0"},"content":{"rendered":"<h3>JustVideo Pro Caracteristicas<\/h3>\n<p>Descubre el plugin de v\u00eddeo definitivo con WP Enjoy JustVideo Pro, dise\u00f1ado para mejorar tu experiencia en WordPress. Esta completa herramienta ofrece caracter\u00edsticas incre\u00edbles que la distinguen de la competencia. Si te interesa saber qu\u00e9 hace que WP Enjoy JustVideo Pro destaque, consulta una rese\u00f1a detallada para obtener m\u00e1s informaci\u00f3n.<\/p>\n<p>\u00bfListo para dar el salto? Compra WP Enjoy JustVideo Pro y descubre un mundo de ventajas. Desde una integraci\u00f3n perfecta hasta una configuraci\u00f3n intuitiva, este plugin ofrece un proceso de instalaci\u00f3n sin complicaciones. \u00bfNecesitas ayuda? El tutorial y la gu\u00eda de configuraci\u00f3n de WP Enjoy JustVideo Pro te ayudar\u00e1n a empezar sin problemas.<\/p>\n<p>Explora las caracter\u00edsticas de WP Enjoy JustVideo Pro, incluyendo su potente sistema de soporte y precios competitivos. Compara WP Enjoy JustVideo Pro con la competencia para descubrir por qu\u00e9 es la opci\u00f3n preferida de los usuarios de WordPress. \u00bfQuieres ahorrar? Busca un cup\u00f3n de WP Enjoy JustVideo Pro para conseguir la mejor oferta.<\/p>\n<ul>\n<li>Transmisi\u00f3n de video de alta definici\u00f3n<\/li>\n<li>Interfaz intuitiva<\/li>\n<li>Compatibilidad con m\u00faltiples dispositivos<\/li>\n<li>Listas de reproducci\u00f3n de video personalizables<\/li>\n<li>Herramientas avanzadas de edici\u00f3n de video<\/li>\n<li>Integraci\u00f3n fluida con redes sociales<\/li>\n<li>Compartir videos de forma segura y privada<\/li>\n<li>Almacenamiento en la nube para videos<\/li>\n<li>Experiencia de visualizaci\u00f3n sin publicidad<\/li>\n<\/ul>\n","protected":false},"excerpt":{"rendered":"<p>Descubre el poder de WP Enjoy JustVideo Pro, el plugin de v\u00eddeo definitivo para entusiastas de WordPress. En nuestra completa rese\u00f1a de WP Enjoy JustVideo Pro, descubre por qu\u00e9 esta herramienta destaca entre la competencia. Compra WP Enjoy JustVideo Pro sin complicaciones y descubre sus innovadoras funciones, como su f\u00e1cil configuraci\u00f3n e instalaci\u00f3n. Nuestro detallado tutorial y gu\u00eda de WP Enjoy JustVideo Pro garantizan una experiencia fluida, mientras que la demo muestra sus incre\u00edbles ventajas. Disfruta de los precios competitivos de WP Enjoy JustVideo Pro y no te pierdas los cupones exclusivos. Con un soporte excepcional, WP Enjoy JustVideo Pro es tu soluci\u00f3n ideal para mejorar tu contenido de v\u00eddeo sin esfuerzo. \u00a1Desc\u00e1rgalo hoy!<\/p>\n","protected":false},"featured_media":169654,"comment_status":"open","ping_status":"open","template":"","meta":[],"product_brand":[2661],"product_cat":[1245,1237,1238],"product_tag":[2282],"class_list":{"0":"post-169657","1":"product","2":"type-product","3":"status-publish","4":"has-post-thumbnail","6":"product_brand-wp-enjoy","7":"product_cat-blog-revista","8":"product_cat-temas","9":"product_cat-wordpress-temas","10":"product_tag-wp-enjoy","11":"member-discount","12":"discount-restricted","14":"first","15":"instock","16":"sale","17":"downloadable","18":"virtual","19":"sold-individually","20":"purchasable","21":"product-type-simple"},"_links":{"self":[{"href":"https:\/\/gpl-love.com\/es\/wp-json\/wp\/v2\/product\/169657","targetHints":{"allow":["GET"]}}],"collection":[{"href":"https:\/\/gpl-love.com\/es\/wp-json\/wp\/v2\/product"}],"about":[{"href":"https:\/\/gpl-love.com\/es\/wp-json\/wp\/v2\/types\/product"}],"replies":[{"embeddable":true,"href":"https:\/\/gpl-love.com\/es\/wp-json\/wp\/v2\/comments?post=169657"}],"wp:featuredmedia":[{"embeddable":true,"href":"https:\/\/gpl-love.com\/es\/wp-json\/wp\/v2\/media\/169654"}],"wp:attachment":[{"href":"https:\/\/gpl-love.com\/es\/wp-json\/wp\/v2\/media?parent=169657"}],"wp:term":[{"taxonomy":"product_brand","embeddable":true,"href":"https:\/\/gpl-love.com\/es\/wp-json\/wp\/v2\/product_brand?post=169657"},{"taxonomy":"product_cat","embeddable":true,"href":"https:\/\/gpl-love.com\/es\/wp-json\/wp\/v2\/product_cat?post=169657"},{"taxonomy":"product_tag","embeddable":true,"href":"https:\/\/gpl-love.com\/es\/wp-json\/wp\/v2\/product_tag?post=169657"}],"curies":[{"name":"wp","href":"https:\/\/api.w.org\/{rel}","templated":true}]}}