{"id":169655,"date":"2025-06-15T00:00:00","date_gmt":"2025-06-15T05:00:00","guid":{"rendered":"https:\/\/gpl-love.com\/es\/?post_type=product&#038;p=169655"},"modified":"2026-03-13T17:37:49","modified_gmt":"2026-03-13T22:37:49","slug":"videolife-pro","status":"publish","type":"product","link":"https:\/\/gpl-love.com\/es\/producto\/videolife-pro\/","title":{"rendered":"FirstSite Pro 1.0.4"},"content":{"rendered":"<h3>FirstSite Pro Caracteristicas<\/h3>\n<p>Descubre la experiencia definitiva en creaci\u00f3n de sitios web con WP Enjoy FirstSite Pro. En esta completa rese\u00f1a, profundizamos en las caracter\u00edsticas destacadas que hacen de WP Enjoy FirstSite Pro una excelente opci\u00f3n tanto para principiantes como para desarrolladores experimentados. Con precios competitivos y una interfaz intuitiva, esta plataforma ofrece una experiencia fluida de principio a fin.<\/p>\n<p>Aprende a usar WP Enjoy FirstSite Pro con nuestro tutorial detallado, que muestra el dise\u00f1o intuitivo de la plataforma. Benef\u00edciate de sus funciones avanzadas, que incluyen robustas herramientas de optimizaci\u00f3n SEO para mejorar la visibilidad de tu sitio. Elige entre una amplia gama de temas y plugins de WP Enjoy FirstSite Pro para personalizar tu sitio web sin esfuerzo.<\/p>\n<p>Para quienes se inician en la creaci\u00f3n de sitios web, WP Enjoy FirstSite Pro para principiantes ofrece un camino claro hacia el \u00e9xito. Por otro lado, los usuarios experimentados apreciar\u00e1n las funciones avanzadas de la plataforma. Disfruta de la tranquilidad de contar con el excepcional servicio de atenci\u00f3n al cliente de WP Enjoy FirstSite Pro, listo para ayudarte en cada paso.<\/p>\n<ul>\n<li>Interfaz intuitiva para una creaci\u00f3n de sitios web fluida<\/li>\n<li>Dise\u00f1o responsivo que garantiza compatibilidad con todos los dispositivos<\/li>\n<li>Creador de arrastrar y soltar para una f\u00e1cil personalizaci\u00f3n<\/li>\n<li>Herramientas SEO integradas para mejorar la visibilidad online<\/li>\n<li>Plantillas predise\u00f1adas para una configuraci\u00f3n r\u00e1pida<\/li>\n<li>Funciones de comercio electr\u00f3nico para tiendas online<\/li>\n<li>Integraci\u00f3n con redes sociales para un mayor alcance<\/li>\n<li>Funciones de seguridad avanzadas para proteger tu sitio web<\/li>\n<li>Tiempos de carga r\u00e1pidos para una mejor experiencia de usuario<\/li>\n<\/ul>\n","protected":false},"excerpt":{"rendered":"<p>Descubre el poder de WP Enjoy FirstSite Pro, la herramienta definitiva para crear sitios web impresionantes. En nuestra rese\u00f1a de WP Enjoy FirstSite Pro, explora sus funciones avanzadas y su interfaz intuitiva, perfecta tanto para principiantes como para profesionales experimentados. Benef\u00edciate de una optimizaci\u00f3n SEO impecable, temas personalizables y plugins vers\u00e1tiles. Aprende a usar WP Enjoy FirstSite Pro con nuestro completo tutorial y descubre todo su potencial con una prueba gratuita. Con precios competitivos y una atenci\u00f3n al cliente excepcional, es una de las mejores alternativas a WP Enjoy FirstSite Pro. Lee las opiniones de los usuarios para descubrir por qu\u00e9 es uno de los favoritos para crear sitios web din\u00e1micos y atractivos.<\/p>\n","protected":false},"featured_media":169652,"comment_status":"open","ping_status":"open","template":"","meta":[],"product_brand":[2661],"product_cat":[1245,1237,1238],"product_tag":[2282],"class_list":{"0":"post-169655","1":"product","2":"type-product","3":"status-publish","4":"has-post-thumbnail","6":"product_brand-wp-enjoy","7":"product_cat-blog-revista","8":"product_cat-temas","9":"product_cat-wordpress-temas","10":"product_tag-wp-enjoy","11":"member-discount","12":"discount-restricted","14":"first","15":"instock","16":"sale","17":"downloadable","18":"virtual","19":"sold-individually","20":"purchasable","21":"product-type-simple"},"_links":{"self":[{"href":"https:\/\/gpl-love.com\/es\/wp-json\/wp\/v2\/product\/169655","targetHints":{"allow":["GET"]}}],"collection":[{"href":"https:\/\/gpl-love.com\/es\/wp-json\/wp\/v2\/product"}],"about":[{"href":"https:\/\/gpl-love.com\/es\/wp-json\/wp\/v2\/types\/product"}],"replies":[{"embeddable":true,"href":"https:\/\/gpl-love.com\/es\/wp-json\/wp\/v2\/comments?post=169655"}],"wp:featuredmedia":[{"embeddable":true,"href":"https:\/\/gpl-love.com\/es\/wp-json\/wp\/v2\/media\/169652"}],"wp:attachment":[{"href":"https:\/\/gpl-love.com\/es\/wp-json\/wp\/v2\/media?parent=169655"}],"wp:term":[{"taxonomy":"product_brand","embeddable":true,"href":"https:\/\/gpl-love.com\/es\/wp-json\/wp\/v2\/product_brand?post=169655"},{"taxonomy":"product_cat","embeddable":true,"href":"https:\/\/gpl-love.com\/es\/wp-json\/wp\/v2\/product_cat?post=169655"},{"taxonomy":"product_tag","embeddable":true,"href":"https:\/\/gpl-love.com\/es\/wp-json\/wp\/v2\/product_tag?post=169655"}],"curies":[{"name":"wp","href":"https:\/\/api.w.org\/{rel}","templated":true}]}}