{"id":169653,"date":"2025-06-14T00:00:00","date_gmt":"2025-06-14T05:00:00","guid":{"rendered":"https:\/\/gpl-love.com\/es\/?post_type=product&#038;p=169653"},"modified":"2026-03-13T17:37:48","modified_gmt":"2026-03-13T22:37:48","slug":"justvideo-pro","status":"publish","type":"product","link":"https:\/\/gpl-love.com\/es\/producto\/justvideo-pro\/","title":{"rendered":"EnjoyVideo Pro 1.1.3"},"content":{"rendered":"<h3>EnjoyVideo Pro Caracteristicas<\/h3>\n<p>Libera tu potencial creativo con WP Enjoy EnjoyVideo Pro, el plugin definitivo para edici\u00f3n de v\u00eddeo en WordPress. Tanto si eres principiante como si eres un profesional experimentado, esta potente herramienta ofrece una variedad de funciones dise\u00f1adas para mejorar tu contenido de v\u00eddeo. Sum\u00e9rgete en el tutorial de WP Enjoy EnjoyVideo Pro para dominar sus funciones o explora la gu\u00eda completa de WP Enjoy EnjoyVideo Pro y los pasos de instalaci\u00f3n para empezar sin esfuerzo.<\/p>\n<p>\u00bfTe interesa conocer la experiencia de otros? Consulta la rese\u00f1a de WP Enjoy EnjoyVideo Pro y las opiniones de los clientes para ver c\u00f3mo se compara con otras alternativas. La integraci\u00f3n perfecta del plugin garantiza una configuraci\u00f3n sin complicaciones, y el equipo de soporte de WP Enjoy EnjoyVideo Pro siempre est\u00e1 listo para ayudarte.<\/p>\n<p>\u00bfBuscas una vista previa? Mira la demo de WP Enjoy EnjoyVideo Pro para ver su capacidad de edici\u00f3n de v\u00eddeo en acci\u00f3n. Con precios competitivos y ejemplos de uso claros, este plugin es imprescindible para los creadores de contenido.<\/p>\n<ul>\n<li>Reproducci\u00f3n de video de alta definici\u00f3n<\/li>\n<li>Interfaz intuitiva para una navegaci\u00f3n sencilla<\/li>\n<li>Transmisi\u00f3n fluida con almacenamiento en b\u00fafer m\u00ednimo<\/li>\n<li>Compatibilidad con una amplia gama de formatos para varios tipos de video<\/li>\n<li>Herramientas de edici\u00f3n integradas para personalizar el video<\/li>\n<li>Controles de audio avanzados para una calidad de sonido \u00f3ptima<\/li>\n<li>Integraci\u00f3n en la nube para un almacenamiento de video conveniente<\/li>\n<li>Compatibilidad con m\u00faltiples dispositivos para una visualizaci\u00f3n vers\u00e1til<\/li>\n<li>Listas de reproducci\u00f3n personalizables para experiencias personalizadas<\/li>\n<li>Actualizaciones peri\u00f3dicas para un rendimiento y funciones mejorados<\/li>\n<\/ul>\n","protected":false},"excerpt":{"rendered":"<p>Descubre el poder de WP Enjoy EnjoyVideo Pro, el plugin de edici\u00f3n de v\u00eddeo definitivo, dise\u00f1ado para mejorar tu experiencia con WordPress. Con funciones completas e integraci\u00f3n perfecta, esta herramienta es esencial para los creadores de contenido. Nuestro detallado tutorial y gu\u00eda de configuraci\u00f3n de WP Enjoy EnjoyVideo Pro simplifican la instalaci\u00f3n, mientras que las opiniones de los clientes destacan sus ventajas inigualables y su precio competitivo. Explora las alternativas a WP Enjoy EnjoyVideo Pro para encontrar la opci\u00f3n perfecta y disfruta de un soporte excepcional y comparativas detalladas. Descarga la demo hoy mismo para ver c\u00f3mo EnjoyVideo Pro puede transformar tus necesidades de edici\u00f3n de v\u00eddeo y lee nuestro an\u00e1lisis a fondo para descubrir sus usos y funciones \u00fanicos.<\/p>\n","protected":false},"featured_media":169650,"comment_status":"open","ping_status":"open","template":"","meta":[],"product_brand":[2661],"product_cat":[1245,1237,1238],"product_tag":[2282],"class_list":{"0":"post-169653","1":"product","2":"type-product","3":"status-publish","4":"has-post-thumbnail","6":"product_brand-wp-enjoy","7":"product_cat-blog-revista","8":"product_cat-temas","9":"product_cat-wordpress-temas","10":"product_tag-wp-enjoy","11":"member-discount","12":"discount-restricted","14":"first","15":"instock","16":"sale","17":"downloadable","18":"virtual","19":"sold-individually","20":"purchasable","21":"product-type-simple"},"_links":{"self":[{"href":"https:\/\/gpl-love.com\/es\/wp-json\/wp\/v2\/product\/169653","targetHints":{"allow":["GET"]}}],"collection":[{"href":"https:\/\/gpl-love.com\/es\/wp-json\/wp\/v2\/product"}],"about":[{"href":"https:\/\/gpl-love.com\/es\/wp-json\/wp\/v2\/types\/product"}],"replies":[{"embeddable":true,"href":"https:\/\/gpl-love.com\/es\/wp-json\/wp\/v2\/comments?post=169653"}],"wp:featuredmedia":[{"embeddable":true,"href":"https:\/\/gpl-love.com\/es\/wp-json\/wp\/v2\/media\/169650"}],"wp:attachment":[{"href":"https:\/\/gpl-love.com\/es\/wp-json\/wp\/v2\/media?parent=169653"}],"wp:term":[{"taxonomy":"product_brand","embeddable":true,"href":"https:\/\/gpl-love.com\/es\/wp-json\/wp\/v2\/product_brand?post=169653"},{"taxonomy":"product_cat","embeddable":true,"href":"https:\/\/gpl-love.com\/es\/wp-json\/wp\/v2\/product_cat?post=169653"},{"taxonomy":"product_tag","embeddable":true,"href":"https:\/\/gpl-love.com\/es\/wp-json\/wp\/v2\/product_tag?post=169653"}],"curies":[{"name":"wp","href":"https:\/\/api.w.org\/{rel}","templated":true}]}}