{"id":169651,"date":"2025-06-13T00:00:00","date_gmt":"2025-06-13T05:00:00","guid":{"rendered":"https:\/\/gpl-love.com\/es\/?post_type=product&#038;p=169651"},"modified":"2026-03-13T17:37:47","modified_gmt":"2026-03-13T22:37:47","slug":"firstsite-pro","status":"publish","type":"product","link":"https:\/\/gpl-love.com\/es\/producto\/firstsite-pro\/","title":{"rendered":"EnjoyLine Pro 1.0.5"},"content":{"rendered":"<h3>EnjoyLine Pro Caracteristicas<\/h3>\n<p>Presentamos WP Enjoy EnjoyLine Pro, \u00a1la herramienta definitiva para mejorar tu experiencia en WordPress! Sum\u00e9rgete en el mundo de la gesti\u00f3n fluida de sitios web con nuestras funciones avanzadas dise\u00f1adas tanto para principiantes como para expertos. Descubre por qu\u00e9 nuestras rese\u00f1as de WP Enjoy EnjoyLine Pro est\u00e1n llenas de elogios, destacando su facilidad de uso y su s\u00f3lido rendimiento.<\/p>\n<p>\u00bfEst\u00e1s pensando en dar el salto? Compra WP Enjoy EnjoyLine Pro online hoy mismo y disfruta de descuentos exclusivos. Configurarlo es facil\u00edsimo con nuestra completa gu\u00eda de configuraci\u00f3n y consejos de instalaci\u00f3n, lo que te garantiza estar listo para usar en un abrir y cerrar de ojos.<\/p>\n<p>\u00bfNecesitas ayuda? Nuestro manual de usuario de WP Enjoy EnjoyLine Pro es tu recurso de referencia, repleto de buenas pr\u00e1cticas, consejos para la resoluci\u00f3n de problemas y una secci\u00f3n detallada de preguntas frecuentes para resolver cualquier duda. Compara WP Enjoy EnjoyLine Pro con otras herramientas y descubre por qu\u00e9 destaca gracias a los excepcionales comentarios de nuestros clientes.<\/p>\n<p>Tanto si eres nuevo en WordPress como si eres un profesional experimentado, nuestro WP Enjoy EnjoyLine Pro para principiantes y usuarios avanzados ofrece una experiencia a tu medida.<\/p>\n<ul>\n<li>Dise\u00f1o ergon\u00f3mico para un uso c\u00f3modo<\/li>\n<li>Motor de alto rendimiento para una funcionalidad potente<\/li>\n<li>Funcionamiento inal\u00e1mbrico para facilitar el movimiento<\/li>\n<li>Bater\u00eda de larga duraci\u00f3n con capacidad de recarga r\u00e1pida<\/li>\n<li>M\u00faltiples ajustes de velocidad para un uso personalizado<\/li>\n<li>Ligero y port\u00e1til para mayor comodidad en movimiento<\/li>\n<li>Materiales duraderos para una mayor durabilidad<\/li>\n<li>Funcionamiento silencioso para una interrupci\u00f3n m\u00ednima<\/li>\n<li>Componentes f\u00e1ciles de limpiar para un mantenimiento sin complicaciones<\/li>\n<li>Incluye accesorios vers\u00e1tiles para diversas aplicaciones<\/li>\n<\/ul>\n","protected":false},"excerpt":{"rendered":"<p>Descubre la experiencia definitiva con WP Enjoy EnjoyLine Pro, dise\u00f1ado tanto para principiantes como para usuarios avanzados. Explora nuestra completa gu\u00eda de configuraci\u00f3n y manual de usuario para descubrir todo el potencial de sus funciones avanzadas. Lee las opiniones y rese\u00f1as de clientes para descubrir por qu\u00e9 es la opci\u00f3n preferida. Aprovecha las mejores pr\u00e1cticas y los consejos para la resoluci\u00f3n de problemas para optimizar tu flujo de trabajo. \u00bfListo para comprar? Compra WP Enjoy EnjoyLine Pro online hoy mismo con descuentos exclusivos. Comp\u00e1ralo con otras opciones y descubre por qu\u00e9 destaca. Consulta nuestras preguntas frecuentes y el tutorial detallado para una instalaci\u00f3n y configuraci\u00f3n sin complicaciones.<\/p>\n","protected":false},"featured_media":169648,"comment_status":"open","ping_status":"open","template":"","meta":[],"product_brand":[2661],"product_cat":[1245,1237,1238],"product_tag":[2282],"class_list":{"0":"post-169651","1":"product","2":"type-product","3":"status-publish","4":"has-post-thumbnail","6":"product_brand-wp-enjoy","7":"product_cat-blog-revista","8":"product_cat-temas","9":"product_cat-wordpress-temas","10":"product_tag-wp-enjoy","11":"member-discount","12":"discount-restricted","14":"first","15":"instock","16":"sale","17":"downloadable","18":"virtual","19":"sold-individually","20":"purchasable","21":"product-type-simple"},"_links":{"self":[{"href":"https:\/\/gpl-love.com\/es\/wp-json\/wp\/v2\/product\/169651","targetHints":{"allow":["GET"]}}],"collection":[{"href":"https:\/\/gpl-love.com\/es\/wp-json\/wp\/v2\/product"}],"about":[{"href":"https:\/\/gpl-love.com\/es\/wp-json\/wp\/v2\/types\/product"}],"replies":[{"embeddable":true,"href":"https:\/\/gpl-love.com\/es\/wp-json\/wp\/v2\/comments?post=169651"}],"wp:featuredmedia":[{"embeddable":true,"href":"https:\/\/gpl-love.com\/es\/wp-json\/wp\/v2\/media\/169648"}],"wp:attachment":[{"href":"https:\/\/gpl-love.com\/es\/wp-json\/wp\/v2\/media?parent=169651"}],"wp:term":[{"taxonomy":"product_brand","embeddable":true,"href":"https:\/\/gpl-love.com\/es\/wp-json\/wp\/v2\/product_brand?post=169651"},{"taxonomy":"product_cat","embeddable":true,"href":"https:\/\/gpl-love.com\/es\/wp-json\/wp\/v2\/product_cat?post=169651"},{"taxonomy":"product_tag","embeddable":true,"href":"https:\/\/gpl-love.com\/es\/wp-json\/wp\/v2\/product_tag?post=169651"}],"curies":[{"name":"wp","href":"https:\/\/api.w.org\/{rel}","templated":true}]}}