{"id":169649,"date":"2025-06-12T00:00:00","date_gmt":"2025-06-12T05:00:00","guid":{"rendered":"https:\/\/gpl-love.com\/es\/?post_type=product&#038;p=169649"},"modified":"2026-03-13T17:37:47","modified_gmt":"2026-03-13T22:37:47","slug":"enjoyvideo-pro","status":"publish","type":"product","link":"https:\/\/gpl-love.com\/es\/producto\/enjoyvideo-pro\/","title":{"rendered":"BlogSquare Pro 1.0.5"},"content":{"rendered":"<h3>BlogSquare Pro Caracteristicas<\/h3>\n<p>Descubre el poder de WP Enjoy BlogSquare Pro, la herramienta definitiva para blogueros y empresas que buscan una experiencia fluida con WordPress. En esta rese\u00f1a de WP Enjoy BlogSquare Pro, exploramos sus caracter\u00edsticas y beneficios m\u00e1s destacados, destacando por qu\u00e9 es la mejor opci\u00f3n para las necesidades de tu sitio web. Aprende a usar WP Enjoy BlogSquare Pro eficazmente con nuestro completo tutorial y gu\u00eda de usuario, asegur\u00e1ndote de maximizar su potencial.<\/p>\n<p>WP Enjoy BlogSquare Pro ofrece una personalizaci\u00f3n y funciones SEO inigualables, lo que lo convierte en uno de los mejores temas disponibles. Ya sea que busques mejorar la est\u00e9tica de tu sitio web o aumentar su visibilidad en buscadores, esta herramienta lo cumple. La instalaci\u00f3n es muy sencilla y, con nuestros consejos de expertos, estar\u00e1s listo para usar enseguida.<\/p>\n<p>\u00bfTe preocupa el precio de WP Enjoy BlogSquare Pro o buscas alternativas? Ofrecemos una comparaci\u00f3n detallada de WP Enjoy BlogSquare Pro con la competencia para ayudarte a tomar una decisi\u00f3n informada. Adem\u00e1s, disfruta de la tranquilidad del soporte confiable de WP Enjoy BlogSquare Pro siempre que necesites ayuda.<\/p>\n<ul>\n<li>Dise\u00f1o totalmente adaptable para una visualizaci\u00f3n \u00f3ptima en todos los dispositivos<\/li>\n<li>Esquemas de color y opciones tipogr\u00e1ficas personalizables<\/li>\n<li>Optimizado para SEO para mejorar el posicionamiento en buscadores<\/li>\n<li>Botones integrados para compartir en redes sociales<\/li>\n<li>M\u00faltiples opciones de dise\u00f1o, incluyendo vistas de cuadr\u00edcula y lista<\/li>\n<li>Compatibilidad integrada con plugins populares<\/li>\n<li>Personalizaci\u00f3n avanzada del tema mediante el personalizador de temas<\/li>\n<li>Compatible con traducci\u00f3n y con soporte para varios idiomas<\/li>\n<li>Compatible con las \u00faltimas versiones de WordPress<\/li>\n<\/ul>\n","protected":false},"excerpt":{"rendered":"<p>Descubre el poder de WP Enjoy BlogSquare Pro, la herramienta definitiva para mejorar tu experiencia en WordPress. Con funciones completas y tutoriales intuitivos, esta soluci\u00f3n es perfecta para quienes buscan optimizar su plataforma de blogs. Ya sea que te interese explorar las rese\u00f1as de WP Enjoy BlogSquare Pro, aprender a usarlo eficazmente o buscar consejos de instalaci\u00f3n, nuestra detallada gu\u00eda de usuario te ayudar\u00e1. Disfruta de una personalizaci\u00f3n impecable, potentes funciones SEO y un soporte excepcional. Compara WP Enjoy BlogSquare Pro con la competencia para descubrir por qu\u00e9 destaca. Explora los mejores temas, precios competitivos y alternativas. Descarga WP Enjoy BlogSquare Pro hoy mismo y vive una experiencia de blogging transformadora.<\/p>\n","protected":false},"featured_media":169646,"comment_status":"open","ping_status":"open","template":"","meta":[],"product_brand":[2661],"product_cat":[1245,1237,1238],"product_tag":[2282],"class_list":{"0":"post-169649","1":"product","2":"type-product","3":"status-publish","4":"has-post-thumbnail","6":"product_brand-wp-enjoy","7":"product_cat-blog-revista","8":"product_cat-temas","9":"product_cat-wordpress-temas","10":"product_tag-wp-enjoy","11":"member-discount","12":"discount-restricted","14":"first","15":"instock","16":"sale","17":"downloadable","18":"virtual","19":"sold-individually","20":"purchasable","21":"product-type-simple"},"_links":{"self":[{"href":"https:\/\/gpl-love.com\/es\/wp-json\/wp\/v2\/product\/169649","targetHints":{"allow":["GET"]}}],"collection":[{"href":"https:\/\/gpl-love.com\/es\/wp-json\/wp\/v2\/product"}],"about":[{"href":"https:\/\/gpl-love.com\/es\/wp-json\/wp\/v2\/types\/product"}],"replies":[{"embeddable":true,"href":"https:\/\/gpl-love.com\/es\/wp-json\/wp\/v2\/comments?post=169649"}],"wp:featuredmedia":[{"embeddable":true,"href":"https:\/\/gpl-love.com\/es\/wp-json\/wp\/v2\/media\/169646"}],"wp:attachment":[{"href":"https:\/\/gpl-love.com\/es\/wp-json\/wp\/v2\/media?parent=169649"}],"wp:term":[{"taxonomy":"product_brand","embeddable":true,"href":"https:\/\/gpl-love.com\/es\/wp-json\/wp\/v2\/product_brand?post=169649"},{"taxonomy":"product_cat","embeddable":true,"href":"https:\/\/gpl-love.com\/es\/wp-json\/wp\/v2\/product_cat?post=169649"},{"taxonomy":"product_tag","embeddable":true,"href":"https:\/\/gpl-love.com\/es\/wp-json\/wp\/v2\/product_tag?post=169649"}],"curies":[{"name":"wp","href":"https:\/\/api.w.org\/{rel}","templated":true}]}}