{"id":169645,"date":"2025-06-10T00:00:00","date_gmt":"2025-06-10T05:00:00","guid":{"rendered":"https:\/\/gpl-love.com\/es\/?post_type=product&#038;p=169645"},"modified":"2026-03-13T17:37:45","modified_gmt":"2026-03-13T22:37:45","slug":"blogsquare-pro","status":"publish","type":"product","link":"https:\/\/gpl-love.com\/es\/producto\/blogsquare-pro\/","title":{"rendered":"BlogShare Pro 1.0.5"},"content":{"rendered":"<h3>BlogShare Pro Caracteristicas<\/h3>\n<p>Presentamos WP Enjoy BlogShare Pro, \u00a1la herramienta definitiva para mejorar tu experiencia de blogging! Con sus impresionantes funciones, WP Enjoy BlogShare Pro est\u00e1 dise\u00f1ado para agilizar la creaci\u00f3n y compartici\u00f3n de contenido. Descubre las ventajas de este potente plugin con nuestra completa rese\u00f1a de WP Enjoy BlogShare Pro, donde profundizamos en su interfaz intuitiva y su robusta funcionalidad.<\/p>\n<p>Tanto si eres nuevo en el mundo de los blogging como si ya eres un experto, el tutorial de WP Enjoy BlogShare Pro te ofrece una gu\u00eda paso a paso para ayudarte a maximizar su potencial. \u00bfTe interesa saber cu\u00e1nto cuesta invertir? Consulta nuestro detallado desglose de precios de WP Enjoy BlogShare Pro para encontrar el plan que mejor se adapte a tus necesidades.<\/p>\n<p>Configurar WP Enjoy BlogShare Pro es facil\u00edsimo con nuestra sencilla gu\u00eda de configuraci\u00f3n. Cuando est\u00e9s listo, simplemente visita nuestro sitio web para descargar WP Enjoy BlogShare Pro y empieza a transformar tu blog hoy mismo. \u00bfNo est\u00e1s seguro de si es la opci\u00f3n ideal? Nuestra comparaci\u00f3n de WP Enjoy BlogShare Pro destaca c\u00f3mo se compara con otras herramientas y tambi\u00e9n exploramos alternativas a WP Enjoy BlogShare Pro para su consideraci\u00f3n.<\/p>\n<ul>\n<li>Integraci\u00f3n avanzada con redes sociales para compartir sin problemas<\/li>\n<li>Interfaz intuitiva para una navegaci\u00f3n y gesti\u00f3n sencillas<\/li>\n<li>Opciones de dise\u00f1o personalizables que se adaptan a tu marca<\/li>\n<li>Herramientas de optimizaci\u00f3n SEO para mejorar la visibilidad<\/li>\n<li>Dise\u00f1o responsivo para una visualizaci\u00f3n \u00f3ptima en todos los dispositivos<\/li>\n<li>An\u00e1lisis integrados para monitorizar la interacci\u00f3n y el rendimiento<\/li>\n<li>Compatibilidad multiling\u00fce para una audiencia global<\/li>\n<li>Plataforma segura con actualizaciones y copias de seguridad peri\u00f3dicas<\/li>\n<li>Compatibilidad con plugins y widgets populares<\/li>\n<\/ul>\n","protected":false},"excerpt":{"rendered":"<p>Descubre la herramienta perfecta para bloguear con WP Enjoy BlogShare Pro. Esta potente herramienta mejora tu presencia online con funciones avanzadas dise\u00f1adas para compartir contenido sin problemas. Descubre nuestra completa rese\u00f1a de WP Enjoy BlogShare Pro y descubre sus ventajas inigualables, su intuitiva gu\u00eda de configuraci\u00f3n y sus precios competitivos. Nuestro tutorial detallado simplifica el proceso de descarga e instalaci\u00f3n, garantizando un inicio sin problemas. Compara alternativas a WP Enjoy BlogShare Pro y descubre por qu\u00e9 es la mejor opci\u00f3n para blogueros. Con nuestra gu\u00eda de usuario, dominar esta herramienta es facil\u00edsimo. \u00a1Mejora tu experiencia de blogueo hoy mismo con WP Enjoy BlogShare Pro!<\/p>\n","protected":false},"featured_media":169642,"comment_status":"open","ping_status":"open","template":"","meta":[],"product_brand":[2661],"product_cat":[1245,1237,1238],"product_tag":[2282],"class_list":{"0":"post-169645","1":"product","2":"type-product","3":"status-publish","4":"has-post-thumbnail","6":"product_brand-wp-enjoy","7":"product_cat-blog-revista","8":"product_cat-temas","9":"product_cat-wordpress-temas","10":"product_tag-wp-enjoy","11":"member-discount","12":"discount-restricted","14":"first","15":"instock","16":"sale","17":"downloadable","18":"virtual","19":"sold-individually","20":"purchasable","21":"product-type-simple"},"_links":{"self":[{"href":"https:\/\/gpl-love.com\/es\/wp-json\/wp\/v2\/product\/169645","targetHints":{"allow":["GET"]}}],"collection":[{"href":"https:\/\/gpl-love.com\/es\/wp-json\/wp\/v2\/product"}],"about":[{"href":"https:\/\/gpl-love.com\/es\/wp-json\/wp\/v2\/types\/product"}],"replies":[{"embeddable":true,"href":"https:\/\/gpl-love.com\/es\/wp-json\/wp\/v2\/comments?post=169645"}],"wp:featuredmedia":[{"embeddable":true,"href":"https:\/\/gpl-love.com\/es\/wp-json\/wp\/v2\/media\/169642"}],"wp:attachment":[{"href":"https:\/\/gpl-love.com\/es\/wp-json\/wp\/v2\/media?parent=169645"}],"wp:term":[{"taxonomy":"product_brand","embeddable":true,"href":"https:\/\/gpl-love.com\/es\/wp-json\/wp\/v2\/product_brand?post=169645"},{"taxonomy":"product_cat","embeddable":true,"href":"https:\/\/gpl-love.com\/es\/wp-json\/wp\/v2\/product_cat?post=169645"},{"taxonomy":"product_tag","embeddable":true,"href":"https:\/\/gpl-love.com\/es\/wp-json\/wp\/v2\/product_tag?post=169645"}],"curies":[{"name":"wp","href":"https:\/\/api.w.org\/{rel}","templated":true}]}}