{"id":169641,"date":"2025-07-19T00:00:00","date_gmt":"2025-07-19T05:00:00","guid":{"rendered":"https:\/\/gpl-love.com\/es\/?post_type=product&#038;p=169641"},"modified":"2026-03-13T17:37:43","modified_gmt":"2026-03-13T22:37:43","slug":"blogshare-pro","status":"publish","type":"product","link":"https:\/\/gpl-love.com\/es\/producto\/blogshare-pro\/","title":{"rendered":"Bookory Book Store WooCommerce Theme 2.2.6"},"content":{"rendered":"<h3>Bookory Book Store WooCommerce Theme Caracteristicas<\/h3>\n<p>Presentamos el tema Bookory para WooCommerce de librer\u00edas: la soluci\u00f3n definitiva para crear una librer\u00eda online cautivadora. Perfectamente dise\u00f1ado para WordPress, el tema Bookory para WordPress ofrece una experiencia fluida tanto para libreros como para clientes. Tanto si est\u00e1s creando una peque\u00f1a librer\u00eda como una gran librer\u00eda online, el tema Bookory para WooCommerce de librer\u00edas online te ofrece todas las funciones que necesitas para mostrar y vender libros de forma eficaz.<\/p>\n<p>Dise\u00f1ado espec\u00edficamente para sitios web de WordPress, el tema Bookory para librer\u00edas ofrece una interfaz intuitiva y opciones de personalizaci\u00f3n que reflejan la identidad \u00fanica de tu marca. El tema Bookory para WordPress de librer\u00edas garantiza que tu sitio web destaque, facilitando a los clientes la b\u00fasqueda y compra de sus t\u00edtulos favoritos.<\/p>\n<p>Con el tema Bookory para eCommerce de librer\u00edas, gestionar tu inventario y procesar transacciones nunca ha sido tan f\u00e1cil. Este tema, basado en WooCommerce, es ideal para vender libros online, ofreciendo una experiencia de compra fluida que fideliza a tus clientes.<\/p>\n<ul>\n<li>Dise\u00f1o responsivo para una navegaci\u00f3n fluida en todos los dispositivos<\/li>\n<li>Totalmente compatible con WooCommerce para una f\u00e1cil configuraci\u00f3n de tu tienda online<\/li>\n<li>Dise\u00f1os de p\u00e1gina de inicio predise\u00f1ados para una r\u00e1pida personalizaci\u00f3n<\/li>\n<li>Sistema integrado de rese\u00f1as y valoraciones de libros<\/li>\n<li>Opciones avanzadas de b\u00fasqueda y filtrado para categor\u00edas de libros<\/li>\n<li>Secci\u00f3n de blog integrada para conectar con lectores y clientes<\/li>\n<li>Encabezados y pies de p\u00e1gina personalizables para que se adapten a tu marca<\/li>\n<li>Creador de p\u00e1ginas f\u00e1cil de usar con funci\u00f3n de arrastrar y soltar<\/li>\n<li>Optimizado para SEO para una mejor visibilidad en buscadores<\/li>\n<li>Soporte multiling\u00fce para clientes internacionales<\/li>\n<\/ul>\n","protected":false},"excerpt":{"rendered":"<p>Descubre la soluci\u00f3n definitiva para tu librer\u00eda online con el tema Bookory Book Store WooCommerce. Perfectamente dise\u00f1ado para WordPress, este vers\u00e1til tema est\u00e1 dise\u00f1ado espec\u00edficamente para librer\u00edas y librer\u00edas que buscan mejorar su presencia digital. Gracias a la integraci\u00f3n perfecta de Bookory, puedes crear un sitio de comercio electr\u00f3nico espectacular, dise\u00f1ado para la venta de libros online. Su interfaz intuitiva garantiza una experiencia de compra atractiva, mientras que las funciones personalizables te permiten personalizar el sitio web de tu librer\u00eda sin esfuerzo. Impulsa tu sitio WordPress con el tema Bookory Bookstore y transforma tu librer\u00eda online en un centro de encuentro para los amantes de la lectura.<\/p>\n","protected":false},"featured_media":169638,"comment_status":"open","ping_status":"open","template":"","meta":[],"product_brand":[2337],"product_cat":[1263,1264,1237],"product_tag":[1391],"class_list":{"0":"post-169641","1":"product","2":"type-product","3":"status-publish","4":"has-post-thumbnail","6":"product_brand-themeforest","7":"product_cat-comercio-electronico-temas","8":"product_cat-negocio","9":"product_cat-temas","10":"product_tag-themeforest","11":"member-discount","12":"discount-restricted","14":"first","15":"instock","16":"sale","17":"downloadable","18":"virtual","19":"sold-individually","20":"purchasable","21":"product-type-simple"},"_links":{"self":[{"href":"https:\/\/gpl-love.com\/es\/wp-json\/wp\/v2\/product\/169641","targetHints":{"allow":["GET"]}}],"collection":[{"href":"https:\/\/gpl-love.com\/es\/wp-json\/wp\/v2\/product"}],"about":[{"href":"https:\/\/gpl-love.com\/es\/wp-json\/wp\/v2\/types\/product"}],"replies":[{"embeddable":true,"href":"https:\/\/gpl-love.com\/es\/wp-json\/wp\/v2\/comments?post=169641"}],"wp:featuredmedia":[{"embeddable":true,"href":"https:\/\/gpl-love.com\/es\/wp-json\/wp\/v2\/media\/169638"}],"wp:attachment":[{"href":"https:\/\/gpl-love.com\/es\/wp-json\/wp\/v2\/media?parent=169641"}],"wp:term":[{"taxonomy":"product_brand","embeddable":true,"href":"https:\/\/gpl-love.com\/es\/wp-json\/wp\/v2\/product_brand?post=169641"},{"taxonomy":"product_cat","embeddable":true,"href":"https:\/\/gpl-love.com\/es\/wp-json\/wp\/v2\/product_cat?post=169641"},{"taxonomy":"product_tag","embeddable":true,"href":"https:\/\/gpl-love.com\/es\/wp-json\/wp\/v2\/product_tag?post=169641"}],"curies":[{"name":"wp","href":"https:\/\/api.w.org\/{rel}","templated":true}]}}