{"id":169639,"date":"2025-06-07T00:00:00","date_gmt":"2025-06-07T05:00:00","guid":{"rendered":"https:\/\/gpl-love.com\/es\/?post_type=product&#038;p=169639"},"modified":"2026-03-13T17:37:42","modified_gmt":"2026-03-13T22:37:42","slug":"blogrank-pro","status":"publish","type":"product","link":"https:\/\/gpl-love.com\/es\/producto\/blogrank-pro\/","title":{"rendered":"Odefy Creative Multipurpose WordPress Theme 1.0.12"},"content":{"rendered":"<h3>Odefy Creative Multipurpose WordPress Theme Caracteristicas<\/h3>\n<p>Presentamos el tema Odefy Creative Multiprop\u00f3sito para WordPress, la soluci\u00f3n definitiva para una presencia online din\u00e1mica. Dise\u00f1ado pensando en empresas, blogueros y agencias creativas, este tema ofrece versatilidad y estilo. Tanto si eres una startup que busca ideas de dise\u00f1o elegantes como si tienes un portafolio que necesita una presentaci\u00f3n creativa, Odefy lo tiene todo.<\/p>\n<p>Explora el tema Odefy Creative para WordPress para empresas y observa c\u00f3mo tu marca prospera. Con las opciones de personalizaci\u00f3n de Odefy, personaliza tu sitio para que refleje tu identidad \u00fanica. Los blogueros apreciar\u00e1n el dise\u00f1o intuitivo y la funcionalidad del tema Odefy, que permite crear contenido de forma fluida y atractiva.<\/p>\n<p>Para las agencias creativas, el tema Odefy para WordPress ofrece optimizaci\u00f3n SEO, lo que garantiza que tu trabajo tenga la visibilidad que merece. Su naturaleza multiprop\u00f3sito lo hace ideal para startups que buscan dejar huella. Descubre ideas de dise\u00f1o innovadoras dentro del tema Odefy para WordPress que se adaptan a diversos sectores.<\/p>\n<ul>\n<li>Dise\u00f1o altamente personalizable, ideal para diversas industrias y nichos.<\/li>\n<li>Dise\u00f1o responsivo que garantiza compatibilidad con todos los dispositivos y tama\u00f1os de pantalla.<\/li>\n<li>Contenido de demostraci\u00f3n predise\u00f1ado para una configuraci\u00f3n r\u00e1pida y sencilla.<\/li>\n<li>Creador de p\u00e1ginas de arrastrar y soltar para ajustes de dise\u00f1o sin esfuerzo.<\/li>\n<li>Estructura optimizada para SEO que mejora la visibilidad en buscadores.<\/li>\n<li>Integraci\u00f3n con plugins populares para una funcionalidad extendida.<\/li>\n<li>M\u00faltiples opciones de encabezado y pie de p\u00e1gina para una marca \u00fanica.<\/li>\n<li>Gr\u00e1ficos compatibles con pantalla Retina para una visualizaci\u00f3n n\u00edtida y clara.<\/li>\n<li>Documentaci\u00f3n extensa y soporte al cliente dedicado.<\/li>\n<li>Actualizaciones peri\u00f3dicas para mayor seguridad y funcionalidades.<\/li>\n<\/ul>\n","protected":false},"excerpt":{"rendered":"<p>Presentamos el tema creativo multiprop\u00f3sito Odefy para WordPress, la soluci\u00f3n definitiva para empresas que buscan ideas de dise\u00f1o innovadoras. Perfecto para agencias creativas, startups y blogueros, este tema ofrece opciones de personalizaci\u00f3n inigualables. Ya sea que muestres tu portafolio o crees un sitio web din\u00e1mico, Odefy ofrece optimizaci\u00f3n SEO para mejorar tu presencia online. Sus vers\u00e1tiles funciones satisfacen una amplia gama de necesidades, garantizando que tu sitio web destaque. Con el tema Odefy para WordPress, disfrutar\u00e1s de una combinaci\u00f3n perfecta de creatividad y funcionalidad, dise\u00f1ada para satisfacer las necesidades del futuro. Impulsa tu presencia digital con este tema \u00fanico todo en uno.<\/p>\n","protected":false},"featured_media":169636,"comment_status":"open","ping_status":"open","template":"","meta":[],"product_brand":[2337],"product_cat":[1239,1237,1238],"product_tag":[1391],"class_list":{"0":"post-169639","1":"product","2":"type-product","3":"status-publish","4":"has-post-thumbnail","6":"product_brand-themeforest","7":"product_cat-de-multiples-fines","8":"product_cat-temas","9":"product_cat-wordpress-temas","10":"product_tag-themeforest","11":"member-discount","12":"discount-restricted","14":"first","15":"instock","16":"sale","17":"downloadable","18":"virtual","19":"sold-individually","20":"purchasable","21":"product-type-simple"},"_links":{"self":[{"href":"https:\/\/gpl-love.com\/es\/wp-json\/wp\/v2\/product\/169639","targetHints":{"allow":["GET"]}}],"collection":[{"href":"https:\/\/gpl-love.com\/es\/wp-json\/wp\/v2\/product"}],"about":[{"href":"https:\/\/gpl-love.com\/es\/wp-json\/wp\/v2\/types\/product"}],"replies":[{"embeddable":true,"href":"https:\/\/gpl-love.com\/es\/wp-json\/wp\/v2\/comments?post=169639"}],"wp:featuredmedia":[{"embeddable":true,"href":"https:\/\/gpl-love.com\/es\/wp-json\/wp\/v2\/media\/169636"}],"wp:attachment":[{"href":"https:\/\/gpl-love.com\/es\/wp-json\/wp\/v2\/media?parent=169639"}],"wp:term":[{"taxonomy":"product_brand","embeddable":true,"href":"https:\/\/gpl-love.com\/es\/wp-json\/wp\/v2\/product_brand?post=169639"},{"taxonomy":"product_cat","embeddable":true,"href":"https:\/\/gpl-love.com\/es\/wp-json\/wp\/v2\/product_cat?post=169639"},{"taxonomy":"product_tag","embeddable":true,"href":"https:\/\/gpl-love.com\/es\/wp-json\/wp\/v2\/product_tag?post=169639"}],"curies":[{"name":"wp","href":"https:\/\/api.w.org\/{rel}","templated":true}]}}