{"id":169637,"date":"2025-06-06T00:00:00","date_gmt":"2025-06-06T05:00:00","guid":{"rendered":"https:\/\/gpl-love.com\/es\/?post_type=product&#038;p=169637"},"modified":"2026-03-09T08:52:21","modified_gmt":"2026-03-09T13:52:21","slug":"bookory-book-store-woocommerce-theme","status":"publish","type":"product","link":"https:\/\/gpl-love.com\/es\/producto\/bookory-book-store-woocommerce-theme\/","title":{"rendered":"Paid Memberships Pro Zapier 1.2.4"},"content":{"rendered":"<h3>Paid Memberships Pro Zapier Caracteristicas<\/h3>\n<p>Desbloquea todo el potencial de tu sitio de membres\u00edas con la integraci\u00f3n perfecta de Paid Memberships Pro y Zapier. Nuestra completa integraci\u00f3n de Paid Memberships Pro con Zapier te permite conectar Zapier f\u00e1cilmente con Paid Memberships Pro, lo que permite potentes automatizaciones que te ahorran tiempo y optimizan tus operaciones. Ya sea que busques automatizar Paid Memberships Pro con Zapier o explorar los activadores de Zapier para Paid Memberships Pro, nuestra detallada Gu\u00eda de Paid Memberships Pro con Zapier te ayudar\u00e1.<\/p>\n<p>Configurar es muy sencillo con nuestro Tutorial paso a paso de Paid Memberships Pro con Zapier, dise\u00f1ado para simplificar el proceso de uso de Zapier con Paid Memberships Pro. Con esta integraci\u00f3n, puedes crear f\u00e1cilmente flujos de trabajo personalizados, garantizando una gesti\u00f3n de membres\u00edas eficiente y eficaz. Desde el env\u00edo de correos electr\u00f3nicos de bienvenida a nuevos miembros hasta la actualizaci\u00f3n de hojas de c\u00e1lculo con datos de membres\u00eda, la automatizaci\u00f3n de Zapier transforma la forma en que gestionas tus membres\u00edas.<\/p>\n<ul>\n<li>Integraci\u00f3n perfecta con Zapier para automatizaci\u00f3n<\/li>\n<li>Conecta Paid Memberships Pro con m\u00e1s de 3000 aplicaciones<\/li>\n<li>Automatiza la gesti\u00f3n de miembros<\/li>\n<li>Activa acciones seg\u00fan eventos de membres\u00eda<\/li>\n<li>Admite flujos de trabajo personalizados para sitios de membres\u00eda<\/li>\n<li>F\u00e1cil configuraci\u00f3n sin necesidad de programaci\u00f3n<\/li>\n<li>Mejora la productividad al reducir las tareas manuales<\/li>\n<li>Sincronizaci\u00f3n de datos en tiempo real entre plataformas<\/li>\n<li>Activadores y acciones personalizables para necesidades espec\u00edficas<\/li>\n<li>Ideal para optimizar las operaciones de membres\u00eda<\/li>\n<\/ul>\n","protected":false},"excerpt":{"rendered":"<p>Desbloquee una automatizaci\u00f3n fluida y mejore la gesti\u00f3n de sus membres\u00edas con la integraci\u00f3n de Paid Memberships Pro con Zapier. Conecte Zapier con Paid Memberships Pro sin esfuerzo y agilice sus flujos de trabajo. Nuestra gu\u00eda y tutorial completos le guiar\u00e1n a trav\u00e9s de la configuraci\u00f3n de Paid Memberships Pro con Zapier, garantizando una experiencia fluida. Descubra el poder de la automatizaci\u00f3n de Paid Memberships Pro con Zapier y explore los diferentes activadores de Zapier dise\u00f1ados para optimizar sus operaciones. Tanto si es la primera vez que usa Zapier con Paid Memberships Pro como si busca optimizar sus procesos actuales, nuestras soluciones se adaptan a sus necesidades, permiti\u00e9ndole centrarse en el crecimiento de su negocio.<\/p>\n","protected":false},"featured_media":169634,"comment_status":"open","ping_status":"open","template":"","meta":[],"product_brand":[2524],"product_cat":[1214,1206,1211],"product_tag":[2255],"class_list":{"0":"post-169637","1":"product","2":"type-product","3":"status-publish","4":"has-post-thumbnail","6":"product_brand-paid-memberships-pro","7":"product_cat-personalizacion","8":"product_cat-plugins","9":"product_cat-wordpress-plugins","10":"product_tag-paid-memberships-pro","11":"member-discount","12":"discount-restricted","14":"first","15":"instock","16":"sale","17":"downloadable","18":"virtual","19":"sold-individually","20":"purchasable","21":"product-type-simple"},"_links":{"self":[{"href":"https:\/\/gpl-love.com\/es\/wp-json\/wp\/v2\/product\/169637","targetHints":{"allow":["GET"]}}],"collection":[{"href":"https:\/\/gpl-love.com\/es\/wp-json\/wp\/v2\/product"}],"about":[{"href":"https:\/\/gpl-love.com\/es\/wp-json\/wp\/v2\/types\/product"}],"replies":[{"embeddable":true,"href":"https:\/\/gpl-love.com\/es\/wp-json\/wp\/v2\/comments?post=169637"}],"wp:featuredmedia":[{"embeddable":true,"href":"https:\/\/gpl-love.com\/es\/wp-json\/wp\/v2\/media\/169634"}],"wp:attachment":[{"href":"https:\/\/gpl-love.com\/es\/wp-json\/wp\/v2\/media?parent=169637"}],"wp:term":[{"taxonomy":"product_brand","embeddable":true,"href":"https:\/\/gpl-love.com\/es\/wp-json\/wp\/v2\/product_brand?post=169637"},{"taxonomy":"product_cat","embeddable":true,"href":"https:\/\/gpl-love.com\/es\/wp-json\/wp\/v2\/product_cat?post=169637"},{"taxonomy":"product_tag","embeddable":true,"href":"https:\/\/gpl-love.com\/es\/wp-json\/wp\/v2\/product_tag?post=169637"}],"curies":[{"name":"wp","href":"https:\/\/api.w.org\/{rel}","templated":true}]}}